{"id":365,"date":"2010-09-30T13:00:55","date_gmt":"2010-09-30T13:00:55","guid":{"rendered":"http:\/\/localhost\/wasserlexikon\/"},"modified":"2010-09-30T13:00:55","modified_gmt":"2010-09-30T13:00:55","slug":"harte","status":"publish","type":"page","link":"\/var\/www\/vhosts\/wasser-lexikon.de\/httpdocs\/harte\/","title":{"rendered":"H\u00e4rte"},"content":{"rendered":"<div>(siehe auch <a href=\"http:\/\/wasserlexikon.de\/wasserharte\/\">Wasserh\u00e4rte<\/a>) <a href=\"http:\/\/www.wasser-lexikon.de\/Harte\" class=\"kblinker\" title=\"More about H\u00e4rte &raquo;\">H\u00e4rte<\/a> wird definiert als Widerstand eines festen K\u00f6rpers gegen das Eindringen eines anderen festen K\u00f6rpers. Die H\u00e4rte des <a href=\"http:\/\/wasserlexikon.de\/<a href=\"http:\/\/www.wasser-lexikon.de\/Wasser\" class=\"kblinker\" title=\"More about Wasser &raquo;\">wasser<\/a>\/&#8220;>Wassers<\/a> ergibt sich aus der Summe der im Wasser vorhandenen Erdalkaliionen (<a href=\"http:\/\/wasserlexikon.de\/calcium\/\"><a href=\"http:\/\/www.wasser-lexikon.de\/Calcium\" class=\"kblinker\" title=\"More about Calcium &raquo;\">Calcium<\/a><\/a>, <a href=\"http:\/\/wasserlexikon.de\/magnesium\/\"><a href=\"http:\/\/www.wasser-lexikon.de\/Magnesium\" class=\"kblinker\" title=\"More about Magnesium &raquo;\">Magnesium<\/a><\/a>).<\/div>\n<table  class=\" table table-hover\" style=\"width: 90%;\" border=\"0\" cellspacing=\"1\" cellpadding=\"3\">\n<tbody>\n<tr>\n<td><strong><a href=\"http:\/\/wasserlexikon.de\/harte\/\" target=\"_self\">Wasser-Lexikon: H\u00e4rte<\/a><\/strong><\/td>\n<\/tr>\n<tr>\n<td><strong><a href=\"http:\/\/wasserlexikon.de\/wasserharte\/\" target=\"_self\">Wasser-Lexikon: Wasserh\u00e4rte<\/a><\/strong><\/td>\n<\/tr>\n<tr>\n<td><strong><a href=\"http:\/\/wasserlexikon.de\/enthartung\/\" target=\"_self\">Wasser-Lexikon: Enth\u00e4rtung<\/a><\/strong><\/td>\n<\/tr>\n<tr>\n<td><strong><a href=\"http:\/\/wasserlexikon.de\/bor\/\" target=\"_self\">Wasser-Lexikon: Bor<\/a><\/strong><\/td>\n<\/tr>\n<tr>\n<td><strong><a href=\"http:\/\/wasserlexikon.de\/erdalkalien\/\" target=\"_self\">Wasser-Lexikon: Erdalkalien<\/a><\/strong><\/td>\n<\/tr>\n<tr>\n<td><strong><a href=\"http:\/\/www.wasser-lexikon.de\/\">Wasser-Lexikon: Glossar<\/a><\/strong><\/td>\n<\/tr>\n<\/tbody>\n<\/table>\n","protected":false},"excerpt":{"rendered":"<p>(siehe auch Wasserh\u00e4rte) H\u00e4rte wird definiert als Widerstand eines festen K\u00f6rpers gegen das Eindringen eines anderen festen K\u00f6rpers. Die H\u00e4rte des<\/p>\n","protected":false},"author":1,"featured_media":0,"parent":0,"menu_order":0,"comment_status":"closed","ping_status":"closed","template":"","meta":{"footnotes":""},"tags":[],"class_list":["post-365","page","type-page","status-publish","hentry"],"_links":{"self":[{"href":"\/var\/www\/vhosts\/wasser-lexikon.de\/httpdocs\/wp-json\/wp\/v2\/pages\/365","targetHints":{"allow":["GET"]}}],"collection":[{"href":"\/var\/www\/vhosts\/wasser-lexikon.de\/httpdocs\/wp-json\/wp\/v2\/pages"}],"about":[{"href":"\/var\/www\/vhosts\/wasser-lexikon.de\/httpdocs\/wp-json\/wp\/v2\/types\/page"}],"author":[{"embeddable":true,"href":"\/var\/www\/vhosts\/wasser-lexikon.de\/httpdocs\/wp-json\/wp\/v2\/users\/1"}],"replies":[{"embeddable":true,"href":"\/var\/www\/vhosts\/wasser-lexikon.de\/httpdocs\/wp-json\/wp\/v2\/comments?post=365"}],"version-history":[{"count":1,"href":"\/var\/www\/vhosts\/wasser-lexikon.de\/httpdocs\/wp-json\/wp\/v2\/pages\/365\/revisions"}],"predecessor-version":[{"id":366,"href":"\/var\/www\/vhosts\/wasser-lexikon.de\/httpdocs\/wp-json\/wp\/v2\/pages\/365\/revisions\/366"}],"wp:attachment":[{"href":"\/var\/www\/vhosts\/wasser-lexikon.de\/httpdocs\/wp-json\/wp\/v2\/media?parent=365"}],"wp:term":[{"taxonomy":"post_tag","embeddable":true,"href":"\/var\/www\/vhosts\/wasser-lexikon.de\/httpdocs\/wp-json\/wp\/v2\/tags?post=365"}],"curies":[{"name":"wp","href":"https:\/\/api.w.org\/{rel}","templated":true}]}}