{"id":341,"date":"2010-09-30T12:54:30","date_gmt":"2010-09-30T12:54:30","guid":{"rendered":"http:\/\/localhost\/wasserlexikon\/"},"modified":"2011-11-23T10:22:57","modified_gmt":"2011-11-23T09:22:57","slug":"hydraulik","status":"publish","type":"page","link":"\/var\/www\/vhosts\/wasser-lexikon.de\/httpdocs\/hydraulik\/","title":{"rendered":"Hydraulik"},"content":{"rendered":"<div><b><a href=\"http:\/\/www.wasser-lexikon.de\/Hydraulik\" class=\"kblinker\" title=\"More about Hydraulik &raquo;\">Hydraulik<\/a><\/b> ist die Lehre der Fl\u00fcssigkeitsstr\u00f6mungen durch Rohre, Gerinne und Kan\u00e4len (angewandte Hydromechanik).<\/div>\n<table  class=\" table table-hover\" style=\"width: 90%;\" border=\"0\" cellspacing=\"1\" cellpadding=\"3\">\n<tbody>\n<tr>\n<td><strong><a href=\"http:\/\/wasserlexikon.de\/hydraulik\/\" target=\"_self\">Wasser-Lexikon: Hydraulik<\/a><\/strong><\/td>\n<\/tr>\n<tr>\n<td><strong><a href=\"http:\/\/wasserlexikon.de\/hydrodynamik\/\" target=\"_self\">Wasser-Lexikon: Hydrodynamik<\/a><\/strong><\/td>\n<\/tr>\n<tr>\n<td><strong><a href=\"http:\/\/www.wasser-lexikon.de\/\">Wasser-Lexikon: Glossar<\/a><\/strong><\/td>\n<\/tr>\n<\/tbody>\n<\/table>\n","protected":false},"excerpt":{"rendered":"<p>Hydraulik ist die Lehre der Fl\u00fcssigkeitsstr\u00f6mungen durch Rohre, Gerinne und Kan\u00e4len (angewandte Hydromechanik). Wasser-Lexikon: Hydraulik Wasser-Lexikon: Hydrodynamik Wasser-Lexikon: Glossar<\/p>\n","protected":false},"author":1,"featured_media":0,"parent":0,"menu_order":0,"comment_status":"closed","ping_status":"closed","template":"","meta":{"footnotes":""},"tags":[],"class_list":["post-341","page","type-page","status-publish","hentry"],"_links":{"self":[{"href":"\/var\/www\/vhosts\/wasser-lexikon.de\/httpdocs\/wp-json\/wp\/v2\/pages\/341","targetHints":{"allow":["GET"]}}],"collection":[{"href":"\/var\/www\/vhosts\/wasser-lexikon.de\/httpdocs\/wp-json\/wp\/v2\/pages"}],"about":[{"href":"\/var\/www\/vhosts\/wasser-lexikon.de\/httpdocs\/wp-json\/wp\/v2\/types\/page"}],"author":[{"embeddable":true,"href":"\/var\/www\/vhosts\/wasser-lexikon.de\/httpdocs\/wp-json\/wp\/v2\/users\/1"}],"replies":[{"embeddable":true,"href":"\/var\/www\/vhosts\/wasser-lexikon.de\/httpdocs\/wp-json\/wp\/v2\/comments?post=341"}],"version-history":[{"count":4,"href":"\/var\/www\/vhosts\/wasser-lexikon.de\/httpdocs\/wp-json\/wp\/v2\/pages\/341\/revisions"}],"predecessor-version":[{"id":1256,"href":"\/var\/www\/vhosts\/wasser-lexikon.de\/httpdocs\/wp-json\/wp\/v2\/pages\/341\/revisions\/1256"}],"wp:attachment":[{"href":"\/var\/www\/vhosts\/wasser-lexikon.de\/httpdocs\/wp-json\/wp\/v2\/media?parent=341"}],"wp:term":[{"taxonomy":"post_tag","embeddable":true,"href":"\/var\/www\/vhosts\/wasser-lexikon.de\/httpdocs\/wp-json\/wp\/v2\/tags?post=341"}],"curies":[{"name":"wp","href":"https:\/\/api.w.org\/{rel}","templated":true}]}}