{"id":339,"date":"2010-09-30T12:53:15","date_gmt":"2010-09-30T12:53:15","guid":{"rendered":"http:\/\/localhost\/wasserlexikon\/"},"modified":"2010-09-30T12:53:15","modified_gmt":"2010-09-30T12:53:15","slug":"hydrant","status":"publish","type":"page","link":"\/var\/www\/vhosts\/wasser-lexikon.de\/httpdocs\/hydrant\/","title":{"rendered":"Hydrant"},"content":{"rendered":"<div>bezeichnet eine Armatur im <a href=\"http:\/\/wasserlexikon.de\/leitungsnetz\/\">Leitungsnetz<\/a> einer Wasserversorgungsanlage zur Entnahme von z. B. <a href=\"http:\/\/wasserlexikon.de\/loschwasser\/\">L\u00f6schwasser<\/a>.  Er dient aber auch zur Sp\u00fclung, Entl\u00fcftung und Entspannung der  Rohrleitung, sowie zur Errichtung von Notverbindungen mittels  Schl\u00e4uchen. Man unterscheidet \u00dcberflur- und <a href=\"http:\/\/wasserlexikon.de\/unterflurhydrant\/\">Unterflurhydranten<\/a>.<\/div>\n<table  class=\" table table-hover\" style=\"width: 90%;\" border=\"0\" cellspacing=\"1\" cellpadding=\"3\">\n<tbody>\n<tr>\n<td><strong><a href=\"http:\/\/wasserlexikon.de\/hydrant\/\" target=\"_self\">Wasser-Lexikon: Hydrant<\/a><\/strong><\/td>\n<\/tr>\n<tr>\n<td><strong><a href=\"http:\/\/wasserlexikon.de\/unterflurhydrant\/\" target=\"_self\">Wasser-Lexikon: Unterflurhydrant<\/a><\/strong><\/td>\n<\/tr>\n<tr>\n<td><strong><a href=\"http:\/\/wasserlexikon.de\/uberflurhydrant\/\" target=\"_self\">Wasser-Lexikon: \u00dcberflurhydrant<\/a><\/strong><\/td>\n<\/tr>\n<tr>\n<td><strong><a href=\"http:\/\/www.wasser-lexikon.de\/\">Wasser-Lexikon: Glossar<\/a><\/strong><\/td>\n<\/tr>\n<\/tbody>\n<\/table>\n","protected":false},"excerpt":{"rendered":"<p>bezeichnet eine Armatur im Leitungsnetz einer Wasserversorgungsanlage zur Entnahme von z. B. L\u00f6schwasser. Er dient aber auch zur Sp\u00fclung, Entl\u00fcftung und Entspannung der Rohrleitung, sowie zur Errichtung von Notverbindungen mittels Schl\u00e4uchen. Man unterscheidet \u00dcberflur- und Unterflurhydranten. Wasser-Lexikon: Hydrant Wasser-Lexikon: Unterflurhydrant Wasser-Lexikon: \u00dcberflurhydrant Wasser-Lexikon: Glossar<\/p>\n","protected":false},"author":1,"featured_media":0,"parent":0,"menu_order":0,"comment_status":"closed","ping_status":"closed","template":"","meta":{"footnotes":""},"tags":[],"class_list":["post-339","page","type-page","status-publish","hentry"],"_links":{"self":[{"href":"\/var\/www\/vhosts\/wasser-lexikon.de\/httpdocs\/wp-json\/wp\/v2\/pages\/339","targetHints":{"allow":["GET"]}}],"collection":[{"href":"\/var\/www\/vhosts\/wasser-lexikon.de\/httpdocs\/wp-json\/wp\/v2\/pages"}],"about":[{"href":"\/var\/www\/vhosts\/wasser-lexikon.de\/httpdocs\/wp-json\/wp\/v2\/types\/page"}],"author":[{"embeddable":true,"href":"\/var\/www\/vhosts\/wasser-lexikon.de\/httpdocs\/wp-json\/wp\/v2\/users\/1"}],"replies":[{"embeddable":true,"href":"\/var\/www\/vhosts\/wasser-lexikon.de\/httpdocs\/wp-json\/wp\/v2\/comments?post=339"}],"version-history":[{"count":1,"href":"\/var\/www\/vhosts\/wasser-lexikon.de\/httpdocs\/wp-json\/wp\/v2\/pages\/339\/revisions"}],"predecessor-version":[{"id":340,"href":"\/var\/www\/vhosts\/wasser-lexikon.de\/httpdocs\/wp-json\/wp\/v2\/pages\/339\/revisions\/340"}],"wp:attachment":[{"href":"\/var\/www\/vhosts\/wasser-lexikon.de\/httpdocs\/wp-json\/wp\/v2\/media?parent=339"}],"wp:term":[{"taxonomy":"post_tag","embeddable":true,"href":"\/var\/www\/vhosts\/wasser-lexikon.de\/httpdocs\/wp-json\/wp\/v2\/tags?post=339"}],"curies":[{"name":"wp","href":"https:\/\/api.w.org\/{rel}","templated":true}]}}