{"id":337,"date":"2010-09-30T12:52:49","date_gmt":"2010-09-30T12:52:49","guid":{"rendered":"http:\/\/localhost\/wasserlexikon\/"},"modified":"2010-09-30T12:52:49","modified_gmt":"2010-09-30T12:52:49","slug":"hochwasser","status":"publish","type":"page","link":"\/var\/www\/vhosts\/wasser-lexikon.de\/httpdocs\/hochwasser\/","title":{"rendered":"Hochwasser"},"content":{"rendered":"<div>bezeichnet man ein erhebliches Ansteigen von nat\u00fcrlichen Abfl\u00fcssen oder <a href=\"http:\/\/wasserlexikon.de\/wasserstand\/\">Wasserst\u00e4nden<\/a> von <a href=\"http:\/\/wasserlexikon.de\/gewasser\/\">Gew\u00e4sser<\/a>n (Fl\u00fcsse, Seen) durch z. B. Niederschl\u00e4ge, Schneeschmelze, R\u00fcckstau.<\/div>\n<table  class=\" table table-hover\" style=\"width: 90%;\" border=\"0\" cellspacing=\"1\" cellpadding=\"3\">\n<tbody>\n<tr>\n<td><strong><a href=\"http:\/\/wasserlexikon.de\/hochwasser\/\" target=\"_self\">Wasser-Lexikon: Hochwasser<\/a><\/strong><\/td>\n<\/tr>\n<tr>\n<td><strong><a href=\"http:\/\/wasserlexikon.de\/gewasserpflege\/\" target=\"_self\">Wasser-Lexikon: Gew\u00e4sserpflege<\/a><\/strong><\/td>\n<\/tr>\n<tr>\n<td><strong><a href=\"http:\/\/www.wasser-lexikon.de\/\">Wasser-Lexikon: Glossar<\/a><\/strong><\/td>\n<\/tr>\n<\/tbody>\n<\/table>\n","protected":false},"excerpt":{"rendered":"<p>bezeichnet man ein erhebliches Ansteigen von nat\u00fcrlichen Abfl\u00fcssen oder Wasserst\u00e4nden von Gew\u00e4ssern (Fl\u00fcsse, Seen) durch z. B. Niederschl\u00e4ge, Schneeschmelze, R\u00fcckstau. Wasser-Lexikon: Hochwasser Wasser-Lexikon: Gew\u00e4sserpflege Wasser-Lexikon: Glossar<\/p>\n","protected":false},"author":1,"featured_media":0,"parent":0,"menu_order":0,"comment_status":"closed","ping_status":"closed","template":"","meta":{"footnotes":""},"tags":[],"class_list":["post-337","page","type-page","status-publish","hentry"],"_links":{"self":[{"href":"\/var\/www\/vhosts\/wasser-lexikon.de\/httpdocs\/wp-json\/wp\/v2\/pages\/337","targetHints":{"allow":["GET"]}}],"collection":[{"href":"\/var\/www\/vhosts\/wasser-lexikon.de\/httpdocs\/wp-json\/wp\/v2\/pages"}],"about":[{"href":"\/var\/www\/vhosts\/wasser-lexikon.de\/httpdocs\/wp-json\/wp\/v2\/types\/page"}],"author":[{"embeddable":true,"href":"\/var\/www\/vhosts\/wasser-lexikon.de\/httpdocs\/wp-json\/wp\/v2\/users\/1"}],"replies":[{"embeddable":true,"href":"\/var\/www\/vhosts\/wasser-lexikon.de\/httpdocs\/wp-json\/wp\/v2\/comments?post=337"}],"version-history":[{"count":1,"href":"\/var\/www\/vhosts\/wasser-lexikon.de\/httpdocs\/wp-json\/wp\/v2\/pages\/337\/revisions"}],"predecessor-version":[{"id":338,"href":"\/var\/www\/vhosts\/wasser-lexikon.de\/httpdocs\/wp-json\/wp\/v2\/pages\/337\/revisions\/338"}],"wp:attachment":[{"href":"\/var\/www\/vhosts\/wasser-lexikon.de\/httpdocs\/wp-json\/wp\/v2\/media?parent=337"}],"wp:term":[{"taxonomy":"post_tag","embeddable":true,"href":"\/var\/www\/vhosts\/wasser-lexikon.de\/httpdocs\/wp-json\/wp\/v2\/tags?post=337"}],"curies":[{"name":"wp","href":"https:\/\/api.w.org\/{rel}","templated":true}]}}