{"id":335,"date":"2010-09-30T12:52:25","date_gmt":"2010-09-30T12:52:25","guid":{"rendered":"http:\/\/localhost\/wasserlexikon\/"},"modified":"2010-09-30T12:52:25","modified_gmt":"2010-09-30T12:52:25","slug":"hochbehalter","status":"publish","type":"page","link":"\/var\/www\/vhosts\/wasser-lexikon.de\/httpdocs\/hochbehalter\/","title":{"rendered":"Hochbeh\u00e4lter"},"content":{"rendered":"<div>sind <a href=\"http:\/\/wasserlexikon.de\/trinkwasserbehalter\/\">Trinkwasserbeh\u00e4lter<\/a>, die auf einem der h\u00f6chstgelegensten Punkte im oder nahe des Versorgungsgebietes stehen und deshalb den <a href=\"http:\/\/wasserlexikon.de\/druck\/\"><a href=\"http:\/\/www.wasser-lexikon.de\/Druck\" class=\"kblinker\" title=\"More about Druck &raquo;\">Druck<\/a><\/a> im zugeh\u00f6renden <a href=\"http:\/\/wasserlexikon.de\/rohrnetz\/\"><a href=\"http:\/\/www.wasser-lexikon.de\/Rohrnetz\" class=\"kblinker\" title=\"More about Rohrnetz &raquo;\">Rohrnetz<\/a><\/a> bestimmen und begrenzen. Sie dienen, bedingt durch ihr Speichervolumen,  durch das die Tagesschwankungen des Verbrauchs ausgeglichen werden, und  ihre Lage zum Versorgungsnetz, letztendlich auch der  Versorgungssicherheit. In Gebieten ohne H\u00f6henlagen werden <a href=\"http:\/\/wasserlexikon.de\/hochbehalter\/\">Hochbeh\u00e4lter<\/a> in Form eines <a href=\"http:\/\/wasserlexikon.de\/<a href=\"http:\/\/www.wasser-lexikon.de\/Wasser\" class=\"kblinker\" title=\"More about Wasser &raquo;\">wasser<\/a>\/&#8220;>Wasserturmes<\/a> ausgef\u00fchrt .<\/div>\n<table  class=\" table table-hover\" style=\"width: 90%;\" border=\"0\" cellspacing=\"1\" cellpadding=\"3\">\n<tbody>\n<tr>\n<td><strong><a href=\"http:\/\/wasserlexikon.de\/hochbehalter\/\" target=\"_self\">Wasser-Lexikon: Hochbeh\u00e4lter<\/a><\/strong><\/td>\n<\/tr>\n<tr>\n<td><strong><a href=\"http:\/\/wasserlexikon.de\/trinkwasserbehalter\/\" target=\"_self\">Wasser-Lexikon: Trinkwasserbeh\u00e4lter<\/a><\/strong><\/td>\n<\/tr>\n<tr>\n<td><strong><a href=\"http:\/\/wasserlexikon.de\/tiefbehalter\/\" target=\"_self\">Wasser-Lexikon: Tiefbeh\u00e4lter<\/a><\/strong><\/td>\n<\/tr>\n<tr>\n<td><strong><a href=\"http:\/\/wasserlexikon.de\/wasserturm\/\" target=\"_self\">Wasser-Lexikon: Wasserturm<\/a><\/strong><\/td>\n<\/tr>\n<tr>\n<td><strong><a href=\"http:\/\/www.wasser-lexikon.de\/\">Wasser-Lexikon: Glossar<\/a><\/strong><\/td>\n<\/tr>\n<\/tbody>\n<\/table>\n","protected":false},"excerpt":{"rendered":"<p>sind Trinkwasserbeh\u00e4lter, die auf einem der h\u00f6chstgelegensten Punkte im oder nahe des Versorgungsgebietes stehen und deshalb den Druck im zugeh\u00f6renden Rohrnetz bestimmen und begrenzen. Sie dienen, bedingt durch ihr Speichervolumen, durch das die Tagesschwankungen des Verbrauchs ausgeglichen werden, und ihre Lage zum Versorgungsnetz, letztendlich auch der Versorgungssicherheit. In Gebieten ohne H\u00f6henlagen werden Hochbeh\u00e4lter in Form [&hellip;]<\/p>\n","protected":false},"author":1,"featured_media":0,"parent":0,"menu_order":0,"comment_status":"closed","ping_status":"closed","template":"","meta":{"footnotes":""},"tags":[],"class_list":["post-335","page","type-page","status-publish","hentry"],"_links":{"self":[{"href":"\/var\/www\/vhosts\/wasser-lexikon.de\/httpdocs\/wp-json\/wp\/v2\/pages\/335","targetHints":{"allow":["GET"]}}],"collection":[{"href":"\/var\/www\/vhosts\/wasser-lexikon.de\/httpdocs\/wp-json\/wp\/v2\/pages"}],"about":[{"href":"\/var\/www\/vhosts\/wasser-lexikon.de\/httpdocs\/wp-json\/wp\/v2\/types\/page"}],"author":[{"embeddable":true,"href":"\/var\/www\/vhosts\/wasser-lexikon.de\/httpdocs\/wp-json\/wp\/v2\/users\/1"}],"replies":[{"embeddable":true,"href":"\/var\/www\/vhosts\/wasser-lexikon.de\/httpdocs\/wp-json\/wp\/v2\/comments?post=335"}],"version-history":[{"count":1,"href":"\/var\/www\/vhosts\/wasser-lexikon.de\/httpdocs\/wp-json\/wp\/v2\/pages\/335\/revisions"}],"predecessor-version":[{"id":336,"href":"\/var\/www\/vhosts\/wasser-lexikon.de\/httpdocs\/wp-json\/wp\/v2\/pages\/335\/revisions\/336"}],"wp:attachment":[{"href":"\/var\/www\/vhosts\/wasser-lexikon.de\/httpdocs\/wp-json\/wp\/v2\/media?parent=335"}],"wp:term":[{"taxonomy":"post_tag","embeddable":true,"href":"\/var\/www\/vhosts\/wasser-lexikon.de\/httpdocs\/wp-json\/wp\/v2\/tags?post=335"}],"curies":[{"name":"wp","href":"https:\/\/api.w.org\/{rel}","templated":true}]}}