{"id":333,"date":"2010-09-30T12:51:44","date_gmt":"2010-09-30T12:51:44","guid":{"rendered":"http:\/\/localhost\/wasserlexikon\/"},"modified":"2010-09-30T12:51:44","modified_gmt":"2010-09-30T12:51:44","slug":"hauptsammler","status":"publish","type":"page","link":"\/var\/www\/vhosts\/wasser-lexikon.de\/httpdocs\/hauptsammler\/","title":{"rendered":"Hauptsammler"},"content":{"rendered":"<div>Gr\u00f6\u00dfter Kanal einer <a href=\"http:\/\/wasserlexikon.de\/abwasseranlage\/\">Abwasseranlage<\/a>, der die Abw\u00e4sser, die ihm aus den kleineren <a href=\"http:\/\/wasserlexikon.de\/nebensammler\/\"><a href=\"http:\/\/www.wasser-lexikon.de\/Nebensammler\" class=\"kblinker\" title=\"More about Nebensammler &raquo;\">Nebensammler<\/a><\/a>n zuflie\u00dfen, aufnimmt (&#8222;sammelt&#8220;) und zur <a href=\"http:\/\/wasserlexikon.de\/klaranlage\/\">Kl\u00e4ranlage<\/a> f\u00fchrt.<\/div>\n<table  class=\" table table-hover\" style=\"width: 90%;\" border=\"0\" cellspacing=\"1\" cellpadding=\"3\">\n<tbody>\n<tr>\n<td><strong><a href=\"http:\/\/wasserlexikon.de\/hauptsammler\/\" target=\"_self\">Wasser-Lexikon: Hauptsammler<\/a><\/strong><\/td>\n<\/tr>\n<tr>\n<td><strong><a href=\"http:\/\/wasserlexikon.de\/nebensammler\/\" target=\"_self\">Wasser-Lexikon: Nebensammler<\/a><\/strong><\/td>\n<\/tr>\n<tr>\n<td><strong><a href=\"http:\/\/www.wasser-lexikon.de\/\">Wasser-Lexikon: Glossar<\/a><\/strong><\/td>\n<\/tr>\n<\/tbody>\n<\/table>\n","protected":false},"excerpt":{"rendered":"<p>Gr\u00f6\u00dfter Kanal einer Abwasseranlage, der die Abw\u00e4sser, die ihm aus den kleineren Nebensammlern zuflie\u00dfen, aufnimmt (&#8222;sammelt&#8220;) und zur Kl\u00e4ranlage f\u00fchrt. Wasser-Lexikon: Hauptsammler Wasser-Lexikon: Nebensammler Wasser-Lexikon: Glossar<\/p>\n","protected":false},"author":1,"featured_media":0,"parent":0,"menu_order":0,"comment_status":"closed","ping_status":"closed","template":"","meta":{"footnotes":""},"tags":[],"class_list":["post-333","page","type-page","status-publish","hentry"],"_links":{"self":[{"href":"\/var\/www\/vhosts\/wasser-lexikon.de\/httpdocs\/wp-json\/wp\/v2\/pages\/333","targetHints":{"allow":["GET"]}}],"collection":[{"href":"\/var\/www\/vhosts\/wasser-lexikon.de\/httpdocs\/wp-json\/wp\/v2\/pages"}],"about":[{"href":"\/var\/www\/vhosts\/wasser-lexikon.de\/httpdocs\/wp-json\/wp\/v2\/types\/page"}],"author":[{"embeddable":true,"href":"\/var\/www\/vhosts\/wasser-lexikon.de\/httpdocs\/wp-json\/wp\/v2\/users\/1"}],"replies":[{"embeddable":true,"href":"\/var\/www\/vhosts\/wasser-lexikon.de\/httpdocs\/wp-json\/wp\/v2\/comments?post=333"}],"version-history":[{"count":1,"href":"\/var\/www\/vhosts\/wasser-lexikon.de\/httpdocs\/wp-json\/wp\/v2\/pages\/333\/revisions"}],"predecessor-version":[{"id":334,"href":"\/var\/www\/vhosts\/wasser-lexikon.de\/httpdocs\/wp-json\/wp\/v2\/pages\/333\/revisions\/334"}],"wp:attachment":[{"href":"\/var\/www\/vhosts\/wasser-lexikon.de\/httpdocs\/wp-json\/wp\/v2\/media?parent=333"}],"wp:term":[{"taxonomy":"post_tag","embeddable":true,"href":"\/var\/www\/vhosts\/wasser-lexikon.de\/httpdocs\/wp-json\/wp\/v2\/tags?post=333"}],"curies":[{"name":"wp","href":"https:\/\/api.w.org\/{rel}","templated":true}]}}