{"id":308,"date":"2010-09-30T11:55:20","date_gmt":"2010-09-30T11:55:20","guid":{"rendered":"http:\/\/localhost\/wasserlexikon\/"},"modified":"2010-09-30T11:55:20","modified_gmt":"2010-09-30T11:55:20","slug":"grundleitung","status":"publish","type":"page","link":"\/var\/www\/vhosts\/wasser-lexikon.de\/httpdocs\/grundleitung\/","title":{"rendered":"Grundleitung"},"content":{"rendered":"<div>ist die unzug\u00e4nglich auf einem Grundst\u00fcck im Erdreich oder im Bauk\u00f6rper verlegte Leitung, die das <a href=\"http:\/\/wasserlexikon.de\/abwasser\/\">Abwasser<\/a> dem Anschlu\u00dfkanal zuf\u00fchrt (DIN 1986).<\/div>\n<table  class=\" table table-hover\" style=\"width: 90%;\" border=\"0\" cellspacing=\"1\" cellpadding=\"3\">\n<tbody>\n<tr>\n<td><strong><a href=\"http:\/\/wasserlexikon.de\/grundleitung\/\" target=\"_self\">Wasser-Lexikon: Grundleitung<\/a><\/strong><\/td>\n<\/tr>\n<tr>\n<td><strong><a href=\"http:\/\/www.wasser-lexikon.de\/\">Wasser-Lexikon: Glossar<\/a><\/strong><\/td>\n<\/tr>\n<\/tbody>\n<\/table>\n","protected":false},"excerpt":{"rendered":"<p>ist die unzug\u00e4nglich auf einem Grundst\u00fcck im Erdreich oder im Bauk\u00f6rper verlegte Leitung, die das Abwasser dem Anschlu\u00dfkanal zuf\u00fchrt (DIN 1986). Wasser-Lexikon: Grundleitung Wasser-Lexikon: Glossar<\/p>\n","protected":false},"author":1,"featured_media":0,"parent":0,"menu_order":0,"comment_status":"closed","ping_status":"closed","template":"","meta":{"footnotes":""},"tags":[],"class_list":["post-308","page","type-page","status-publish","hentry"],"_links":{"self":[{"href":"\/var\/www\/vhosts\/wasser-lexikon.de\/httpdocs\/wp-json\/wp\/v2\/pages\/308","targetHints":{"allow":["GET"]}}],"collection":[{"href":"\/var\/www\/vhosts\/wasser-lexikon.de\/httpdocs\/wp-json\/wp\/v2\/pages"}],"about":[{"href":"\/var\/www\/vhosts\/wasser-lexikon.de\/httpdocs\/wp-json\/wp\/v2\/types\/page"}],"author":[{"embeddable":true,"href":"\/var\/www\/vhosts\/wasser-lexikon.de\/httpdocs\/wp-json\/wp\/v2\/users\/1"}],"replies":[{"embeddable":true,"href":"\/var\/www\/vhosts\/wasser-lexikon.de\/httpdocs\/wp-json\/wp\/v2\/comments?post=308"}],"version-history":[{"count":1,"href":"\/var\/www\/vhosts\/wasser-lexikon.de\/httpdocs\/wp-json\/wp\/v2\/pages\/308\/revisions"}],"predecessor-version":[{"id":309,"href":"\/var\/www\/vhosts\/wasser-lexikon.de\/httpdocs\/wp-json\/wp\/v2\/pages\/308\/revisions\/309"}],"wp:attachment":[{"href":"\/var\/www\/vhosts\/wasser-lexikon.de\/httpdocs\/wp-json\/wp\/v2\/media?parent=308"}],"wp:term":[{"taxonomy":"post_tag","embeddable":true,"href":"\/var\/www\/vhosts\/wasser-lexikon.de\/httpdocs\/wp-json\/wp\/v2\/tags?post=308"}],"curies":[{"name":"wp","href":"https:\/\/api.w.org\/{rel}","templated":true}]}}