{"id":300,"date":"2010-09-30T11:54:11","date_gmt":"2010-09-30T11:54:11","guid":{"rendered":"http:\/\/localhost\/wasserlexikon\/"},"modified":"2010-09-30T11:54:11","modified_gmt":"2010-09-30T11:54:11","slug":"gewasserpflege","status":"publish","type":"page","link":"\/var\/www\/vhosts\/wasser-lexikon.de\/httpdocs\/gewasserpflege\/","title":{"rendered":"Gew\u00e4sserpflege"},"content":{"rendered":"<div>bezeichnet das Gestalten und Entwickeln eines <a href=\"http:\/\/wasserlexikon.de\/gewasser\/\">Gew\u00e4ssers<\/a> und seiner Ufer- und <a href=\"http:\/\/wasserlexikon.de\/hochwasser\/\"><a href=\"http:\/\/www.wasser-lexikon.de\/Hochwasser\" class=\"kblinker\" title=\"More about Hochwasser &raquo;\">Hochwasser<\/a><\/a>abflu\u00dfbereiche  nach biologischen und landschaftspflegerischen Gesichtspunkten.  Grundlage f\u00fcr eine zielgerichtete Unterhaltung der <a href=\"http:\/\/wasserlexikon.de\/gewasser\/\">Gew\u00e4sser<\/a> ist ein sogenannter Gew\u00e4sserpflegeplan.<\/div>\n<table  class=\" table table-hover\" style=\"width: 90%;\" border=\"0\" cellspacing=\"1\" cellpadding=\"3\">\n<tbody>\n<tr>\n<td><strong><a href=\"http:\/\/wasserlexikon.de\/gewasserpflege\/\" target=\"_self\">Wasser-Lexikon: Gew\u00e4sserpflege<\/a><\/strong><\/td>\n<\/tr>\n<tr>\n<td><strong><a href=\"http:\/\/www.wasser-lexikon.de\/\">Wasser-Lexikon: Glossar<\/a><\/strong><\/td>\n<\/tr>\n<\/tbody>\n<\/table>\n","protected":false},"excerpt":{"rendered":"<p>bezeichnet das Gestalten und Entwickeln eines Gew\u00e4ssers und seiner Ufer- und Hochwasserabflu\u00dfbereiche nach biologischen und landschaftspflegerischen Gesichtspunkten. Grundlage f\u00fcr eine zielgerichtete Unterhaltung der Gew\u00e4sser ist ein sogenannter Gew\u00e4sserpflegeplan. Wasser-Lexikon: Gew\u00e4sserpflege Wasser-Lexikon: Glossar<\/p>\n","protected":false},"author":1,"featured_media":0,"parent":0,"menu_order":0,"comment_status":"closed","ping_status":"closed","template":"","meta":{"footnotes":""},"tags":[],"class_list":["post-300","page","type-page","status-publish","hentry"],"_links":{"self":[{"href":"\/var\/www\/vhosts\/wasser-lexikon.de\/httpdocs\/wp-json\/wp\/v2\/pages\/300","targetHints":{"allow":["GET"]}}],"collection":[{"href":"\/var\/www\/vhosts\/wasser-lexikon.de\/httpdocs\/wp-json\/wp\/v2\/pages"}],"about":[{"href":"\/var\/www\/vhosts\/wasser-lexikon.de\/httpdocs\/wp-json\/wp\/v2\/types\/page"}],"author":[{"embeddable":true,"href":"\/var\/www\/vhosts\/wasser-lexikon.de\/httpdocs\/wp-json\/wp\/v2\/users\/1"}],"replies":[{"embeddable":true,"href":"\/var\/www\/vhosts\/wasser-lexikon.de\/httpdocs\/wp-json\/wp\/v2\/comments?post=300"}],"version-history":[{"count":1,"href":"\/var\/www\/vhosts\/wasser-lexikon.de\/httpdocs\/wp-json\/wp\/v2\/pages\/300\/revisions"}],"predecessor-version":[{"id":301,"href":"\/var\/www\/vhosts\/wasser-lexikon.de\/httpdocs\/wp-json\/wp\/v2\/pages\/300\/revisions\/301"}],"wp:attachment":[{"href":"\/var\/www\/vhosts\/wasser-lexikon.de\/httpdocs\/wp-json\/wp\/v2\/media?parent=300"}],"wp:term":[{"taxonomy":"post_tag","embeddable":true,"href":"\/var\/www\/vhosts\/wasser-lexikon.de\/httpdocs\/wp-json\/wp\/v2\/tags?post=300"}],"curies":[{"name":"wp","href":"https:\/\/api.w.org\/{rel}","templated":true}]}}