{"id":296,"date":"2010-09-30T11:53:37","date_gmt":"2010-09-30T11:53:37","guid":{"rendered":"http:\/\/localhost\/wasserlexikon\/"},"modified":"2010-09-30T11:53:37","modified_gmt":"2010-09-30T11:53:37","slug":"gewasserkunde","status":"publish","type":"page","link":"\/var\/www\/vhosts\/wasser-lexikon.de\/httpdocs\/gewasserkunde\/","title":{"rendered":"Gew\u00e4sserkunde"},"content":{"rendered":"<div>ist als Teil der <a href=\"http:\/\/wasserlexikon.de\/hydrologie\/\">Hydrologie<\/a> diejenige Wissenschaft, die sich mit den <a href=\"http:\/\/wasserlexikon.de\/gewasser\/\">Gew\u00e4ssern<\/a> und seinen Eigenschaften und Erscheinungsformen auf, unter und \u00fcber der Erdoberfl\u00e4che (<a href=\"http:\/\/wasserlexikon.de\/wasserkreislauf\/\">Wasserkreislauf<\/a>) befa\u00dft.<\/div>\n<table  class=\" table table-hover\" style=\"width: 90%;\" border=\"0\" cellspacing=\"1\" cellpadding=\"3\">\n<tbody>\n<tr>\n<td><strong><a href=\"http:\/\/wasserlexikon.de\/gewasserkunde\/\" target=\"_self\">Wasser-Lexikon: Gew\u00e4sserkunde<\/a><\/strong><\/td>\n<\/tr>\n<tr>\n<td><strong><a href=\"http:\/\/wasserlexikon.de\/hydrologie\/\" target=\"_self\">Wasser-Lexikon: Hydrologie<\/a><\/strong><\/td>\n<\/tr>\n<tr>\n<td><strong><a href=\"http:\/\/wasserlexikon.de\/hydrographie\/\" target=\"_self\">Wasser-Lexikon: Hydrographie<\/a><\/strong><\/td>\n<\/tr>\n<tr>\n<td><strong><a href=\"http:\/\/www.wasser-lexikon.de\/\">Wasser-Lexikon: Glossar<\/a><\/strong><\/td>\n<\/tr>\n<\/tbody>\n<\/table>\n","protected":false},"excerpt":{"rendered":"<p>ist als Teil der Hydrologie diejenige Wissenschaft, die sich mit den Gew\u00e4ssern und seinen Eigenschaften und Erscheinungsformen auf, unter und \u00fcber der Erdoberfl\u00e4che (Wasserkreislauf) befa\u00dft. Wasser-Lexikon: Gew\u00e4sserkunde Wasser-Lexikon: Hydrologie Wasser-Lexikon: Hydrographie Wasser-Lexikon: Glossar<\/p>\n","protected":false},"author":1,"featured_media":0,"parent":0,"menu_order":0,"comment_status":"closed","ping_status":"closed","template":"","meta":{"footnotes":""},"tags":[],"class_list":["post-296","page","type-page","status-publish","hentry"],"_links":{"self":[{"href":"\/var\/www\/vhosts\/wasser-lexikon.de\/httpdocs\/wp-json\/wp\/v2\/pages\/296","targetHints":{"allow":["GET"]}}],"collection":[{"href":"\/var\/www\/vhosts\/wasser-lexikon.de\/httpdocs\/wp-json\/wp\/v2\/pages"}],"about":[{"href":"\/var\/www\/vhosts\/wasser-lexikon.de\/httpdocs\/wp-json\/wp\/v2\/types\/page"}],"author":[{"embeddable":true,"href":"\/var\/www\/vhosts\/wasser-lexikon.de\/httpdocs\/wp-json\/wp\/v2\/users\/1"}],"replies":[{"embeddable":true,"href":"\/var\/www\/vhosts\/wasser-lexikon.de\/httpdocs\/wp-json\/wp\/v2\/comments?post=296"}],"version-history":[{"count":1,"href":"\/var\/www\/vhosts\/wasser-lexikon.de\/httpdocs\/wp-json\/wp\/v2\/pages\/296\/revisions"}],"predecessor-version":[{"id":297,"href":"\/var\/www\/vhosts\/wasser-lexikon.de\/httpdocs\/wp-json\/wp\/v2\/pages\/296\/revisions\/297"}],"wp:attachment":[{"href":"\/var\/www\/vhosts\/wasser-lexikon.de\/httpdocs\/wp-json\/wp\/v2\/media?parent=296"}],"wp:term":[{"taxonomy":"post_tag","embeddable":true,"href":"\/var\/www\/vhosts\/wasser-lexikon.de\/httpdocs\/wp-json\/wp\/v2\/tags?post=296"}],"curies":[{"name":"wp","href":"https:\/\/api.w.org\/{rel}","templated":true}]}}