{"id":294,"date":"2010-09-30T11:53:18","date_gmt":"2010-09-30T11:53:18","guid":{"rendered":"http:\/\/localhost\/wasserlexikon\/"},"modified":"2010-09-30T11:53:18","modified_gmt":"2010-09-30T11:53:18","slug":"gewassergute","status":"publish","type":"page","link":"\/var\/www\/vhosts\/wasser-lexikon.de\/httpdocs\/gewassergute\/","title":{"rendered":"Gew\u00e4sserg\u00fcte"},"content":{"rendered":"<div>bezeichnet die Qualit\u00e4t von Oberfl\u00e4chengew\u00e4ssern. 4 G\u00fcteklassen mit 3  Zwischenstufen kennzeichnen das biologische Zustandsbild eines <a href=\"http:\/\/wasserlexikon.de\/gewasser\/\">Gew\u00e4ssers<\/a> (&#8222;unbelastet&#8220; bis &#8222;\u00fcberm\u00e4\u00dfig verschmutzt&#8220;).<\/div>\n<table  class=\" table table-hover\" style=\"width: 90%;\" border=\"0\" cellspacing=\"1\" cellpadding=\"3\">\n<tbody>\n<tr>\n<td><strong><a href=\"http:\/\/wasserlexikon.de\/gewassergute\/\" target=\"_self\">Wasser-Lexikon: Gew\u00e4sserg\u00fcte<\/a><\/strong><\/td>\n<\/tr>\n<tr>\n<td><strong><a href=\"http:\/\/www.wasser-lexikon.de\/\">Wasser-Lexikon: Glossar<\/a><\/strong><\/td>\n<\/tr>\n<\/tbody>\n<\/table>\n","protected":false},"excerpt":{"rendered":"<p>bezeichnet die Qualit\u00e4t von Oberfl\u00e4chengew\u00e4ssern. 4 G\u00fcteklassen mit 3 Zwischenstufen kennzeichnen das biologische Zustandsbild eines Gew\u00e4ssers (&#8222;unbelastet&#8220; bis &#8222;\u00fcberm\u00e4\u00dfig verschmutzt&#8220;). Wasser-Lexikon: Gew\u00e4sserg\u00fcte Wasser-Lexikon: Glossar<\/p>\n","protected":false},"author":1,"featured_media":0,"parent":0,"menu_order":0,"comment_status":"closed","ping_status":"closed","template":"","meta":{"footnotes":""},"tags":[],"class_list":["post-294","page","type-page","status-publish","hentry"],"_links":{"self":[{"href":"\/var\/www\/vhosts\/wasser-lexikon.de\/httpdocs\/wp-json\/wp\/v2\/pages\/294","targetHints":{"allow":["GET"]}}],"collection":[{"href":"\/var\/www\/vhosts\/wasser-lexikon.de\/httpdocs\/wp-json\/wp\/v2\/pages"}],"about":[{"href":"\/var\/www\/vhosts\/wasser-lexikon.de\/httpdocs\/wp-json\/wp\/v2\/types\/page"}],"author":[{"embeddable":true,"href":"\/var\/www\/vhosts\/wasser-lexikon.de\/httpdocs\/wp-json\/wp\/v2\/users\/1"}],"replies":[{"embeddable":true,"href":"\/var\/www\/vhosts\/wasser-lexikon.de\/httpdocs\/wp-json\/wp\/v2\/comments?post=294"}],"version-history":[{"count":1,"href":"\/var\/www\/vhosts\/wasser-lexikon.de\/httpdocs\/wp-json\/wp\/v2\/pages\/294\/revisions"}],"predecessor-version":[{"id":295,"href":"\/var\/www\/vhosts\/wasser-lexikon.de\/httpdocs\/wp-json\/wp\/v2\/pages\/294\/revisions\/295"}],"wp:attachment":[{"href":"\/var\/www\/vhosts\/wasser-lexikon.de\/httpdocs\/wp-json\/wp\/v2\/media?parent=294"}],"wp:term":[{"taxonomy":"post_tag","embeddable":true,"href":"\/var\/www\/vhosts\/wasser-lexikon.de\/httpdocs\/wp-json\/wp\/v2\/tags?post=294"}],"curies":[{"name":"wp","href":"https:\/\/api.w.org\/{rel}","templated":true}]}}