{"id":276,"date":"2010-09-30T11:50:21","date_gmt":"2010-09-30T11:50:21","guid":{"rendered":"http:\/\/localhost\/wasserlexikon\/"},"modified":"2010-10-22T12:52:35","modified_gmt":"2010-10-22T12:52:35","slug":"fallung","status":"publish","type":"page","link":"\/var\/www\/vhosts\/wasser-lexikon.de\/httpdocs\/fallung\/","title":{"rendered":"F\u00e4llung"},"content":{"rendered":"<div>bedeutet, da\u00df gel\u00f6ste Stoffe mit Hilfe von chemischen Reaktionen in unl\u00f6sliche Stoffe \u00fcberf\u00fchrt werden. <a href=\"http:\/\/www.wasser-lexikon.de\/Fallung\" class=\"kblinker\" title=\"More about F\u00e4llung &raquo;\">F\u00e4llung<\/a> ist bei der Trinkwasseraufbereitung oder <a href=\"http:\/\/www.wasser-lexikon.de\/Abwasserreinigung\" class=\"kblinker\" title=\"More about Abwasserreinigung &raquo;\">Abwasserreinigung<\/a> ein Verfahren, das der <a href=\"http:\/\/www.wasser-lexikon.de\/Enthartung\" class=\"kblinker\" title=\"More about Enth\u00e4rtung &raquo;\">Enth\u00e4rtung<\/a> oder zur Eliminierung von <a href=\"http:\/\/www.wasser-lexikon.de\/Phosphat\" class=\"kblinker\" title=\"More about Phosphat &raquo;\">Phosphat<\/a> dient.<\/div>\n<h2>Lesen Sie auch:<\/h2>\n<p><strong><a href=\"\/var\/www\/vhosts\/wasser-lexikon.de\/httpdocs\/klaranlage\/\">Kl\u00e4ranlage<\/a><\/strong><\/p>\n<p><strong>Enth\u00e4rtung<\/strong><\/p>\n<p><strong><a href=\"http:\/\/www.wasser-lexikon.de\/Ausfallung\" class=\"kblinker\" title=\"More about Ausf\u00e4llung &raquo;\">Ausf\u00e4llung<\/a><\/strong><\/p>\n","protected":false},"excerpt":{"rendered":"<p>bedeutet, da\u00df gel\u00f6ste Stoffe mit Hilfe von chemischen Reaktionen in unl\u00f6sliche Stoffe \u00fcberf\u00fchrt werden. F\u00e4llung ist bei der Trinkwasseraufbereitung oder Abwasserreinigung ein Verfahren, das der Enth\u00e4rtung oder zur Eliminierung von Phosphat dient. Lesen Sie auch: Enth\u00e4rtung Ausf\u00e4llung<\/p>\n","protected":false},"author":1,"featured_media":0,"parent":0,"menu_order":0,"comment_status":"closed","ping_status":"closed","template":"","meta":{"footnotes":""},"tags":[],"class_list":["post-276","page","type-page","status-publish","hentry"],"_links":{"self":[{"href":"\/var\/www\/vhosts\/wasser-lexikon.de\/httpdocs\/wp-json\/wp\/v2\/pages\/276","targetHints":{"allow":["GET"]}}],"collection":[{"href":"\/var\/www\/vhosts\/wasser-lexikon.de\/httpdocs\/wp-json\/wp\/v2\/pages"}],"about":[{"href":"\/var\/www\/vhosts\/wasser-lexikon.de\/httpdocs\/wp-json\/wp\/v2\/types\/page"}],"author":[{"embeddable":true,"href":"\/var\/www\/vhosts\/wasser-lexikon.de\/httpdocs\/wp-json\/wp\/v2\/users\/1"}],"replies":[{"embeddable":true,"href":"\/var\/www\/vhosts\/wasser-lexikon.de\/httpdocs\/wp-json\/wp\/v2\/comments?post=276"}],"version-history":[{"count":4,"href":"\/var\/www\/vhosts\/wasser-lexikon.de\/httpdocs\/wp-json\/wp\/v2\/pages\/276\/revisions"}],"predecessor-version":[{"id":825,"href":"\/var\/www\/vhosts\/wasser-lexikon.de\/httpdocs\/wp-json\/wp\/v2\/pages\/276\/revisions\/825"}],"wp:attachment":[{"href":"\/var\/www\/vhosts\/wasser-lexikon.de\/httpdocs\/wp-json\/wp\/v2\/media?parent=276"}],"wp:term":[{"taxonomy":"post_tag","embeddable":true,"href":"\/var\/www\/vhosts\/wasser-lexikon.de\/httpdocs\/wp-json\/wp\/v2\/tags?post=276"}],"curies":[{"name":"wp","href":"https:\/\/api.w.org\/{rel}","templated":true}]}}