{"id":262,"date":"2010-09-30T11:48:12","date_gmt":"2010-09-30T11:48:12","guid":{"rendered":"http:\/\/localhost\/wasserlexikon\/"},"modified":"2011-08-19T17:08:29","modified_gmt":"2011-08-19T17:08:29","slug":"fluoride","status":"publish","type":"page","link":"\/var\/www\/vhosts\/wasser-lexikon.de\/httpdocs\/fluoride\/","title":{"rendered":"Fluoride"},"content":{"rendered":"<div><a href=\"http:\/\/www.wasser-lexikon.de\/Fluoride\" class=\"kblinker\" title=\"More about Fluoride &raquo;\">Fluoride<\/a> sind <a href=\"http:\/\/wasserlexikon.de\/salze\/\"><a href=\"http:\/\/www.wasser-lexikon.de\/Salze\" class=\"kblinker\" title=\"More about Salze &raquo;\">Salze<\/a><\/a> des \u00fcberall in der Natur vorkommenden Elementes Fluor (z. B. <a href=\"http:\/\/wasserlexikon.de\/ammonium\/\"><a href=\"http:\/\/www.wasser-lexikon.de\/Ammonium\" class=\"kblinker\" title=\"More about Ammonium &raquo;\">Ammonium<\/a><\/a>fluorid, <a href=\"http:\/\/wasserlexikon.de\/kalium\/\"><a href=\"http:\/\/www.wasser-lexikon.de\/Kalium\" class=\"kblinker\" title=\"More about Kalium &raquo;\">Kalium<\/a><\/a>fluorid).  Fluorid ist im menschlichen Organismus ein lebenswichtiges  Spurenelement (Knochen, Z\u00e4hne). In manchen L\u00e4ndern (aus rechtlichen  Gr\u00fcnden nicht in der Bundesrepublik Deutschland) werden zur  Kariesvorbeugung Fluoride dem <a href=\"http:\/\/wasserlexikon.de\/trinkwasser\/\"><a href=\"http:\/\/www.wasser-lexikon.de\/Trinkwasser\" class=\"kblinker\" title=\"More about Trinkwasser &raquo;\">Trinkwasser<\/a><\/a> zugesetzt.<\/div>\n<div><\/div>\n<div>Jedoch wird laut einem <a href=\"http:\/\/www.dradio.de\/dkultur\/sendungen\/mahlzeit\/1528707\" target=\"_blank\">Bericht des Deutschlandradios<\/a> vom\u00a0 14.08.2011 &#8222;Fluor als Ern\u00e4hrungsirrtum&#8220; die These vertreten, dass <a href=\"http:\/\/www.wasser-lexikon.de\/Leitungswasser\" class=\"kblinker\" title=\"More about Leitungswasser &raquo;\">Leitungswasser<\/a> mit Zusatz von Flour nicht unbedingt ges\u00fcnder w\u00e4re (von Udo Pollmer). Wie eingangs beschrieben, wird schon seit Langem unter Fachleuten diskutiert, ob durch den Zusatz von Fluor im Leitungswasser Karies vorgebeugt werden k\u00f6nnte. Ein Gutachten der Europ\u00e4ischen Union kommt zu folgendem Ergebnis: Ein eindeutiger wissenschaftlicher Beleg f\u00fcr den Schutz fehlt (Quelle: SCHER (Scientific Committee on Health and Environmental Risks), Opinion on draft environmental quality standards under the Water Framework Directive \u2013 fluoranthene, 30 March 2011)<\/div>\n<table  class=\" table table-hover\" style=\"width: 90%;\" border=\"0\" cellspacing=\"1\" cellpadding=\"3\">\n<tbody>\n<tr>\n<td><strong><a href=\"http:\/\/wasserlexikon.de\/fluoride\/\" target=\"_self\">Wasser-Lexikon: Fluoride<\/a><\/strong><\/td>\n<\/tr>\n<tr>\n<td><strong><a href=\"http:\/\/www.wasser-lexikon.de\/\">Wasser-Lexikon: Glossar<\/a><\/strong><\/td>\n<\/tr>\n<\/tbody>\n<\/table>\n","protected":false},"excerpt":{"rendered":"<p>Fluoride sind Salze des \u00fcberall in der Natur vorkommenden Elementes Fluor (z. B. Ammoniumfluorid, Kaliumfluorid). Fluorid ist im menschlichen Organismus ein lebenswichtiges Spurenelement (Knochen, Z\u00e4hne). In manchen L\u00e4ndern (aus rechtlichen Gr\u00fcnden nicht in der Bundesrepublik Deutschland) werden zur Kariesvorbeugung Fluoride dem Trinkwasser zugesetzt. Jedoch wird laut einem Bericht des Deutschlandradios vom\u00a0 14.08.2011 &#8222;Fluor als Ern\u00e4hrungsirrtum&#8220; [&hellip;]<\/p>\n","protected":false},"author":1,"featured_media":0,"parent":0,"menu_order":0,"comment_status":"closed","ping_status":"closed","template":"","meta":{"footnotes":""},"tags":[],"class_list":["post-262","page","type-page","status-publish","hentry"],"_links":{"self":[{"href":"\/var\/www\/vhosts\/wasser-lexikon.de\/httpdocs\/wp-json\/wp\/v2\/pages\/262","targetHints":{"allow":["GET"]}}],"collection":[{"href":"\/var\/www\/vhosts\/wasser-lexikon.de\/httpdocs\/wp-json\/wp\/v2\/pages"}],"about":[{"href":"\/var\/www\/vhosts\/wasser-lexikon.de\/httpdocs\/wp-json\/wp\/v2\/types\/page"}],"author":[{"embeddable":true,"href":"\/var\/www\/vhosts\/wasser-lexikon.de\/httpdocs\/wp-json\/wp\/v2\/users\/1"}],"replies":[{"embeddable":true,"href":"\/var\/www\/vhosts\/wasser-lexikon.de\/httpdocs\/wp-json\/wp\/v2\/comments?post=262"}],"version-history":[{"count":6,"href":"\/var\/www\/vhosts\/wasser-lexikon.de\/httpdocs\/wp-json\/wp\/v2\/pages\/262\/revisions"}],"predecessor-version":[{"id":1061,"href":"\/var\/www\/vhosts\/wasser-lexikon.de\/httpdocs\/wp-json\/wp\/v2\/pages\/262\/revisions\/1061"}],"wp:attachment":[{"href":"\/var\/www\/vhosts\/wasser-lexikon.de\/httpdocs\/wp-json\/wp\/v2\/media?parent=262"}],"wp:term":[{"taxonomy":"post_tag","embeddable":true,"href":"\/var\/www\/vhosts\/wasser-lexikon.de\/httpdocs\/wp-json\/wp\/v2\/tags?post=262"}],"curies":[{"name":"wp","href":"https:\/\/api.w.org\/{rel}","templated":true}]}}