{"id":26,"date":"2010-09-27T09:30:53","date_gmt":"2010-09-27T09:30:53","guid":{"rendered":"http:\/\/localhost\/wasserlexikon\/"},"modified":"2010-09-28T14:23:59","modified_gmt":"2010-09-28T14:23:59","slug":"abwasserbeseitigung","status":"publish","type":"page","link":"\/var\/www\/vhosts\/wasser-lexikon.de\/httpdocs\/abwasserbeseitigung\/","title":{"rendered":"Abwasserbeseitigung"},"content":{"rendered":"<div>R\u00fcckf\u00fchrung des <a href=\"http:\/\/wasserlexikon.de\/abwasser\/\">Abwassers<\/a> in den nat\u00fcrlichen <a href=\"http:\/\/wasserlexikon.de\/wasserkreislauf\/\">Wasserkreislauf<\/a>. Als <a href=\"http:\/\/wasserlexikon.de\/abwasserbeseitigung\/\"><a href=\"http:\/\/www.wasser-lexikon.de\/Abwasserbeseitigung\" class=\"kblinker\" title=\"More about Abwasserbeseitigung &raquo;\">Abwasserbeseitigung<\/a><\/a> ist jede Art der Fortleitung von <a href=\"http:\/\/wasserlexikon.de\/abwasser\/\">Abwasser<\/a> anzusehen.<\/div>\n<table  class=\" table table-hover\" style=\"width: 90%;\" border=\"0\" cellspacing=\"1\" cellpadding=\"3\">\n<tbody>\n<tr>\n<td><strong><a href=\"http:\/\/wasserlexikon.de\/abwasserbeseitigung\/\" target=\"_self\">Wasser-Lexikon: Abwasserbeseitigung<\/a><\/strong><\/td>\n<\/tr>\n<tr>\n<td><strong><a href=\"http:\/\/wasserlexikon.de\/mischwasser\/\" target=\"_self\">Wasser-Lexikon: Mischwasser<\/a><\/strong><\/td>\n<\/tr>\n<tr>\n<td><strong><a href=\"http:\/\/www.wasser-lexikon.de\/\">Wasser-Lexikon: Glossar<\/a><\/strong><\/td>\n<\/tr>\n<tr>\n<td><strong><a href=\"http:\/\/wasserlexikon.de\/abwasserzweckverband\/\" target=\"_self\">Wasser-Lexikon: Abwasserzweckverband<\/a><\/strong><\/td>\n<\/tr>\n<\/tbody>\n<\/table>\n","protected":false},"excerpt":{"rendered":"<p>R\u00fcckf\u00fchrung des Abwassers in den nat\u00fcrlichen Wasserkreislauf. Als Abwasserbeseitigung ist jede Art der Fortleitung von Abwasser anzusehen. Wasser-Lexikon: Abwasserbeseitigung Wasser-Lexikon: Mischwasser Wasser-Lexikon: Glossar Wasser-Lexikon: Abwasserzweckverband<\/p>\n","protected":false},"author":1,"featured_media":0,"parent":0,"menu_order":0,"comment_status":"closed","ping_status":"closed","template":"","meta":{"footnotes":""},"tags":[],"class_list":["post-26","page","type-page","status-publish","hentry"],"_links":{"self":[{"href":"\/var\/www\/vhosts\/wasser-lexikon.de\/httpdocs\/wp-json\/wp\/v2\/pages\/26","targetHints":{"allow":["GET"]}}],"collection":[{"href":"\/var\/www\/vhosts\/wasser-lexikon.de\/httpdocs\/wp-json\/wp\/v2\/pages"}],"about":[{"href":"\/var\/www\/vhosts\/wasser-lexikon.de\/httpdocs\/wp-json\/wp\/v2\/types\/page"}],"author":[{"embeddable":true,"href":"\/var\/www\/vhosts\/wasser-lexikon.de\/httpdocs\/wp-json\/wp\/v2\/users\/1"}],"replies":[{"embeddable":true,"href":"\/var\/www\/vhosts\/wasser-lexikon.de\/httpdocs\/wp-json\/wp\/v2\/comments?post=26"}],"version-history":[{"count":2,"href":"\/var\/www\/vhosts\/wasser-lexikon.de\/httpdocs\/wp-json\/wp\/v2\/pages\/26\/revisions"}],"predecessor-version":[{"id":54,"href":"\/var\/www\/vhosts\/wasser-lexikon.de\/httpdocs\/wp-json\/wp\/v2\/pages\/26\/revisions\/54"}],"wp:attachment":[{"href":"\/var\/www\/vhosts\/wasser-lexikon.de\/httpdocs\/wp-json\/wp\/v2\/media?parent=26"}],"wp:term":[{"taxonomy":"post_tag","embeddable":true,"href":"\/var\/www\/vhosts\/wasser-lexikon.de\/httpdocs\/wp-json\/wp\/v2\/tags?post=26"}],"curies":[{"name":"wp","href":"https:\/\/api.w.org\/{rel}","templated":true}]}}