{"id":253,"date":"2010-09-30T11:45:41","date_gmt":"2010-09-30T11:45:41","guid":{"rendered":"http:\/\/localhost\/wasserlexikon\/"},"modified":"2011-02-15T15:51:29","modified_gmt":"2011-02-15T15:51:29","slug":"filtration","status":"publish","type":"page","link":"\/var\/www\/vhosts\/wasser-lexikon.de\/httpdocs\/filtration\/","title":{"rendered":"Filtration"},"content":{"rendered":"<div>nennt man das Trennen oder Aufspalten eines Feststoff-Fl\u00fcssigkeits-Gemisches in <a href=\"http:\/\/wasserlexikon.de\/feststoffe\/\">Feststoffe<\/a> (Filterkuchen) und Fl\u00fcssigkeiten (Filtrat) mittels <a href=\"http:\/\/www.wasser-lexikon.de\/Filter\" class=\"kblinker\" title=\"More about Filter &raquo;\">Filter<\/a>.  Als Filtermaterial wird bei der <a href=\"http:\/\/wasserlexikon.de\/trinkwasseraufbereitung\/\">Trinkwasseraufbereitung<\/a> z. B. Quarzsand oder <a href=\"http:\/\/wasserlexikon.de\/aktivkohle\/\"><a href=\"http:\/\/www.wasser-lexikon.de\/Aktivkohle\" class=\"kblinker\" title=\"More about Aktivkohle &raquo;\">Aktivkohle<\/a><\/a> verwendet.<\/div>\n<table  class=\" table table-hover\" style=\"width: 90%;\" border=\"0\" cellspacing=\"1\" cellpadding=\"3\">\n<tbody>\n<tr>\n<td><strong><a href=\"http:\/\/wasserlexikon.de\/filtration\/\" target=\"_self\">Wasser-Lexikon: Filtration<\/a><\/strong><\/td>\n<\/tr>\n<tr>\n<td><strong><a href=\"http:\/\/wasserlexikon.de\/trinkwasseraufbereitung\/\" target=\"_self\">Wasser-Lexikon: Trinkwasseraufbereitung<\/a><\/strong><\/td>\n<\/tr>\n<tr>\n<td><strong><a href=\"http:\/\/wasserlexikon.de\/enteisenung\/\" target=\"_self\">Wasser-Lexikon: Enteisenung<\/a><\/strong><\/td>\n<\/tr>\n<tr>\n<td><strong><a href=\"http:\/\/wasserlexikon.de\/entsauerung\/\" target=\"_self\">Wasser-Lexikon: Ents\u00e4uerung<\/a><\/strong><\/td>\n<\/tr>\n<tr>\n<td><strong><a href=\"http:\/\/www.wasser-lexikon.de\/\">Wasser-Lexikon: Glossar<\/a><\/strong><\/td>\n<\/tr>\n<tr>\n<td><strong><a href=\"http:\/\/wasserlexikon.de\/ungeloste-stoffe\/\" target=\"_self\">Wasser-Lexikon: Ungel\u00f6steStoffe<\/a><\/strong><\/td>\n<\/tr>\n<tr>\n<td><strong><a href=\"http:\/\/wasserlexikon.de\/ungeloste-stoffe\/\" target=\"_self\">Wasser-Lexikon: ungeloestestoffe<\/a><\/strong><\/td>\n<\/tr>\n<tr>\n<td><strong><a href=\"http:\/\/wasserlexikon.de\/aufhartung\/\" target=\"_self\">Wasser-Lexikon: Aufh\u00e4rtung<\/a><\/strong><\/td>\n<\/tr>\n<\/tbody>\n<\/table>\n","protected":false},"excerpt":{"rendered":"<p>nennt man das Trennen oder Aufspalten eines Feststoff-Fl\u00fcssigkeits-Gemisches in Feststoffe (Filterkuchen) und Fl\u00fcssigkeiten (Filtrat) mittels Filter. Als Filtermaterial wird bei der Trinkwasseraufbereitung z. B. Quarzsand oder Aktivkohle verwendet. Wasser-Lexikon: Filtration Wasser-Lexikon: Trinkwasseraufbereitung Wasser-Lexikon: Enteisenung Wasser-Lexikon: Ents\u00e4uerung Wasser-Lexikon: Glossar Wasser-Lexikon: Ungel\u00f6steStoffe Wasser-Lexikon: ungeloestestoffe Wasser-Lexikon: Aufh\u00e4rtung<\/p>\n","protected":false},"author":1,"featured_media":0,"parent":0,"menu_order":0,"comment_status":"closed","ping_status":"closed","template":"","meta":{"footnotes":""},"tags":[],"class_list":["post-253","page","type-page","status-publish","hentry"],"_links":{"self":[{"href":"\/var\/www\/vhosts\/wasser-lexikon.de\/httpdocs\/wp-json\/wp\/v2\/pages\/253","targetHints":{"allow":["GET"]}}],"collection":[{"href":"\/var\/www\/vhosts\/wasser-lexikon.de\/httpdocs\/wp-json\/wp\/v2\/pages"}],"about":[{"href":"\/var\/www\/vhosts\/wasser-lexikon.de\/httpdocs\/wp-json\/wp\/v2\/types\/page"}],"author":[{"embeddable":true,"href":"\/var\/www\/vhosts\/wasser-lexikon.de\/httpdocs\/wp-json\/wp\/v2\/users\/1"}],"replies":[{"embeddable":true,"href":"\/var\/www\/vhosts\/wasser-lexikon.de\/httpdocs\/wp-json\/wp\/v2\/comments?post=253"}],"version-history":[{"count":3,"href":"\/var\/www\/vhosts\/wasser-lexikon.de\/httpdocs\/wp-json\/wp\/v2\/pages\/253\/revisions"}],"predecessor-version":[{"id":961,"href":"\/var\/www\/vhosts\/wasser-lexikon.de\/httpdocs\/wp-json\/wp\/v2\/pages\/253\/revisions\/961"}],"wp:attachment":[{"href":"\/var\/www\/vhosts\/wasser-lexikon.de\/httpdocs\/wp-json\/wp\/v2\/media?parent=253"}],"wp:term":[{"taxonomy":"post_tag","embeddable":true,"href":"\/var\/www\/vhosts\/wasser-lexikon.de\/httpdocs\/wp-json\/wp\/v2\/tags?post=253"}],"curies":[{"name":"wp","href":"https:\/\/api.w.org\/{rel}","templated":true}]}}