{"id":236,"date":"2010-09-30T11:41:39","date_gmt":"2010-09-30T11:41:39","guid":{"rendered":"http:\/\/localhost\/wasserlexikon\/"},"modified":"2010-09-30T11:41:39","modified_gmt":"2010-09-30T11:41:39","slug":"entsauerung","status":"publish","type":"page","link":"\/var\/www\/vhosts\/wasser-lexikon.de\/httpdocs\/entsauerung\/","title":{"rendered":"Ents\u00e4uerung"},"content":{"rendered":"<div>Verfahren bei der <a href=\"http:\/\/wasserlexikon.de\/trinkwasseraufbereitung\/\">Trinkwasseraufbereitung<\/a> zur Korrektur und Stabilisierung des ph-Wertes bei aggressivem <a href=\"http:\/\/wasserlexikon.de\/rohwasser\/\"><a href=\"http:\/\/www.wasser-lexikon.de\/Rohwasser\" class=\"kblinker\" title=\"More about Rohwasser &raquo;\">Rohwasser<\/a><\/a> durch z. B. <a href=\"http:\/\/wasserlexikon.de\/beluftung\/\">Bel\u00fcftung<\/a>, <a href=\"http:\/\/wasserlexikon.de\/filtration\/\"><a href=\"http:\/\/www.wasser-lexikon.de\/Filtration\" class=\"kblinker\" title=\"More about Filtration &raquo;\">Filtration<\/a><\/a> oder mittels <a href=\"http:\/\/www.wasser-lexikon.de\/Calciumcarbonat\" class=\"kblinker\" title=\"More about Calciumcarbonat &raquo;\">Calciumcarbonat<\/a>.<\/div>\n<table  class=\" table table-hover\" style=\"width: 90%;\" border=\"0\" cellspacing=\"1\" cellpadding=\"3\">\n<tbody>\n<tr>\n<td><strong><a href=\"http:\/\/wasserlexikon.de\/entsauerung\/\" target=\"_self\">Wasser-Lexikon: Ents\u00e4uerung<\/a><\/strong><\/td>\n<\/tr>\n<tr>\n<td><strong><a href=\"http:\/\/wasserlexikon.de\/trinkwasseraufbereitung\/\" target=\"_self\">Wasser-Lexikon: Trinkwasseraufbereitung<\/a><\/strong><\/td>\n<\/tr>\n<tr>\n<td><strong><a href=\"http:\/\/www.wasser-lexikon.de\/\">Wasser-Lexikon: Glossar<\/a><\/strong><\/td>\n<\/tr>\n<tr>\n<td><strong><a href=\"http:\/\/wasserlexikon.de\/calcit-sattigung\/\" target=\"_self\">Wasser-Lexikon: Calcit-S\u00e4ttigung<\/a><\/strong><\/td>\n<\/tr>\n<\/tbody>\n<\/table>\n","protected":false},"excerpt":{"rendered":"<p>Verfahren bei der Trinkwasseraufbereitung zur Korrektur und Stabilisierung des ph-Wertes bei aggressivem Rohwasser durch z. B. Bel\u00fcftung, Filtration oder mittels Calciumcarbonat. Wasser-Lexikon: Ents\u00e4uerung Wasser-Lexikon: Trinkwasseraufbereitung Wasser-Lexikon: Glossar Wasser-Lexikon: Calcit-S\u00e4ttigung<\/p>\n","protected":false},"author":1,"featured_media":0,"parent":0,"menu_order":0,"comment_status":"closed","ping_status":"closed","template":"","meta":{"footnotes":""},"tags":[],"class_list":["post-236","page","type-page","status-publish","hentry"],"_links":{"self":[{"href":"\/var\/www\/vhosts\/wasser-lexikon.de\/httpdocs\/wp-json\/wp\/v2\/pages\/236","targetHints":{"allow":["GET"]}}],"collection":[{"href":"\/var\/www\/vhosts\/wasser-lexikon.de\/httpdocs\/wp-json\/wp\/v2\/pages"}],"about":[{"href":"\/var\/www\/vhosts\/wasser-lexikon.de\/httpdocs\/wp-json\/wp\/v2\/types\/page"}],"author":[{"embeddable":true,"href":"\/var\/www\/vhosts\/wasser-lexikon.de\/httpdocs\/wp-json\/wp\/v2\/users\/1"}],"replies":[{"embeddable":true,"href":"\/var\/www\/vhosts\/wasser-lexikon.de\/httpdocs\/wp-json\/wp\/v2\/comments?post=236"}],"version-history":[{"count":1,"href":"\/var\/www\/vhosts\/wasser-lexikon.de\/httpdocs\/wp-json\/wp\/v2\/pages\/236\/revisions"}],"predecessor-version":[{"id":237,"href":"\/var\/www\/vhosts\/wasser-lexikon.de\/httpdocs\/wp-json\/wp\/v2\/pages\/236\/revisions\/237"}],"wp:attachment":[{"href":"\/var\/www\/vhosts\/wasser-lexikon.de\/httpdocs\/wp-json\/wp\/v2\/media?parent=236"}],"wp:term":[{"taxonomy":"post_tag","embeddable":true,"href":"\/var\/www\/vhosts\/wasser-lexikon.de\/httpdocs\/wp-json\/wp\/v2\/tags?post=236"}],"curies":[{"name":"wp","href":"https:\/\/api.w.org\/{rel}","templated":true}]}}