{"id":225,"date":"2010-09-30T11:35:31","date_gmt":"2010-09-30T11:35:31","guid":{"rendered":"http:\/\/localhost\/wasserlexikon\/"},"modified":"2010-09-30T11:35:31","modified_gmt":"2010-09-30T11:35:31","slug":"enthartung","status":"publish","type":"page","link":"\/var\/www\/vhosts\/wasser-lexikon.de\/httpdocs\/enthartung\/","title":{"rendered":"Enth\u00e4rtung"},"content":{"rendered":"<div>nennt man das Verfahren, durch das <a href=\"http:\/\/wasserlexikon.de\/calcium\/\">Calcium<\/a>&#8211; und <a href=\"http:\/\/wasserlexikon.de\/magnesium\/\"><a href=\"http:\/\/www.wasser-lexikon.de\/Magnesium\" class=\"kblinker\" title=\"More about Magnesium &raquo;\">Magnesium<\/a><\/a>&#8211;<a href=\"http:\/\/wasserlexikon.de\/ionen\/\"><a href=\"http:\/\/www.wasser-lexikon.de\/Ionen\" class=\"kblinker\" title=\"More about Ionen &raquo;\">Ionen<\/a><\/a> aus zu hartem <a href=\"http:\/\/wasserlexikon.de\/<a href=\"http:\/\/www.wasser-lexikon.de\/Wasser\" class=\"kblinker\" title=\"More about Wasser &raquo;\">wasser<\/a>\/&#8220;>Wasser<\/a> durch <a href=\"http:\/\/wasserlexikon.de\/fallung\/\">F\u00e4llung<\/a> oder <a href=\"http:\/\/wasserlexikon.de\/ionen\/\">Ionen<\/a>austausch entfernt werden. Nur wenn die <a href=\"http:\/\/wasserlexikon.de\/harte\/\">H\u00e4rte<\/a> des <a href=\"http:\/\/wasserlexikon.de\/rohwasser\/\">Rohwassers<\/a> zu erheblichen <a href=\"http:\/\/wasserlexikon.de\/kalk\/\"><a href=\"http:\/\/www.wasser-lexikon.de\/Kalk\" class=\"kblinker\" title=\"More about Kalk &raquo;\">Kalk<\/a><\/a>ablagerungen im <a href=\"http:\/\/wasserlexikon.de\/leitungsnetz\/\"><a href=\"http:\/\/www.wasser-lexikon.de\/Leitungsnetz\" class=\"kblinker\" title=\"More about Leitungsnetz &raquo;\">Leitungsnetz<\/a><\/a> f\u00fchren w\u00fcrde, m\u00fc\u00dfte eine zentrale <a href=\"http:\/\/wasserlexikon.de\/enthartung\/\">Enth\u00e4rtung<\/a> des <a href=\"http:\/\/wasserlexikon.de\/trinkwasser\/\">Trinkwassers<\/a> bereits im <a href=\"http:\/\/www.wasser-lexikon.de\/search.php?key=Wasserwerk\">Wasserwerk<\/a> vorgenommen werden.<\/div>\n<table  class=\" table table-hover\" style=\"width: 90%;\" border=\"0\" cellspacing=\"1\" cellpadding=\"3\">\n<tbody>\n<tr>\n<td><strong><a href=\"http:\/\/wasserlexikon.de\/enthartung\/\" target=\"_self\">Wasser-Lexikon: Enth\u00e4rtung<\/a><\/strong><\/td>\n<\/tr>\n<tr>\n<td><strong><a href=\"http:\/\/wasserlexikon.de\/trinkwasseraufbereitung\/\" target=\"_self\">Wasser-Lexikon: Trinkwasseraufbereitung<\/a><\/strong><\/td>\n<\/tr>\n<tr>\n<td><strong><a href=\"http:\/\/wasserlexikon.de\/fallung\/\" target=\"_self\">Wasser-Lexikon: F\u00e4llung<\/a><\/strong><\/td>\n<\/tr>\n<tr>\n<td><strong><a href=\"http:\/\/www.wasser-lexikon.de\/\">Wasser-Lexikon: Glossar<\/a><\/strong><\/td>\n<\/tr>\n<tr>\n<td><strong><a href=\"http:\/\/wasserlexikon.de\/ionenaustauscher\/\" target=\"_self\">Wasser-Lexikon: Ionenaustauscher<\/a><\/strong><\/td>\n<\/tr>\n<\/tbody>\n<\/table>\n","protected":false},"excerpt":{"rendered":"<p>nennt man das Verfahren, durch das Calcium&#8211; und Magnesium&#8211;Ionen aus zu hartem<\/p>\n","protected":false},"author":1,"featured_media":0,"parent":0,"menu_order":0,"comment_status":"closed","ping_status":"closed","template":"","meta":{"footnotes":""},"tags":[],"class_list":["post-225","page","type-page","status-publish","hentry"],"_links":{"self":[{"href":"\/var\/www\/vhosts\/wasser-lexikon.de\/httpdocs\/wp-json\/wp\/v2\/pages\/225","targetHints":{"allow":["GET"]}}],"collection":[{"href":"\/var\/www\/vhosts\/wasser-lexikon.de\/httpdocs\/wp-json\/wp\/v2\/pages"}],"about":[{"href":"\/var\/www\/vhosts\/wasser-lexikon.de\/httpdocs\/wp-json\/wp\/v2\/types\/page"}],"author":[{"embeddable":true,"href":"\/var\/www\/vhosts\/wasser-lexikon.de\/httpdocs\/wp-json\/wp\/v2\/users\/1"}],"replies":[{"embeddable":true,"href":"\/var\/www\/vhosts\/wasser-lexikon.de\/httpdocs\/wp-json\/wp\/v2\/comments?post=225"}],"version-history":[{"count":1,"href":"\/var\/www\/vhosts\/wasser-lexikon.de\/httpdocs\/wp-json\/wp\/v2\/pages\/225\/revisions"}],"predecessor-version":[{"id":226,"href":"\/var\/www\/vhosts\/wasser-lexikon.de\/httpdocs\/wp-json\/wp\/v2\/pages\/225\/revisions\/226"}],"wp:attachment":[{"href":"\/var\/www\/vhosts\/wasser-lexikon.de\/httpdocs\/wp-json\/wp\/v2\/media?parent=225"}],"wp:term":[{"taxonomy":"post_tag","embeddable":true,"href":"\/var\/www\/vhosts\/wasser-lexikon.de\/httpdocs\/wp-json\/wp\/v2\/tags?post=225"}],"curies":[{"name":"wp","href":"https:\/\/api.w.org\/{rel}","templated":true}]}}