{"id":221,"date":"2010-09-30T11:34:54","date_gmt":"2010-09-30T11:34:54","guid":{"rendered":"http:\/\/localhost\/wasserlexikon\/"},"modified":"2010-09-30T11:34:54","modified_gmt":"2010-09-30T11:34:54","slug":"emissionen","status":"publish","type":"page","link":"\/var\/www\/vhosts\/wasser-lexikon.de\/httpdocs\/emissionen\/","title":{"rendered":"Emissionen"},"content":{"rendered":"<div>sind die von einer Anlage oder einem technischen Vorgang in die  Atmosph\u00e4re oder andere Umweltbereiche gelangenden gasf\u00f6rmigen, fl\u00fcssigen  oder festen Stoffe; ferner Ger\u00e4usche, Ersch\u00fctterungen, Strahlen, W\u00e4rme.<\/div>\n<table  class=\" table table-hover\" style=\"width: 90%;\" border=\"0\" cellspacing=\"1\" cellpadding=\"3\">\n<tbody>\n<tr>\n<td><strong><a href=\"http:\/\/wasserlexikon.de\/emissionen\/\" target=\"_self\">Wasser-Lexikon: Emissionen<\/a><\/strong><\/td>\n<\/tr>\n<tr>\n<td><strong><a href=\"http:\/\/wasserlexikon.de\/immissionen\/\" target=\"_self\">Wasser-Lexikon: Immissionen<\/a><\/strong><\/td>\n<\/tr>\n<tr>\n<td><strong><a href=\"http:\/\/www.wasser-lexikon.de\/\">Wasser-Lexikon: Glossar<\/a><\/strong><\/td>\n<\/tr>\n<\/tbody>\n<\/table>\n","protected":false},"excerpt":{"rendered":"<p>sind die von einer Anlage oder einem technischen Vorgang in die Atmosph\u00e4re oder andere Umweltbereiche gelangenden gasf\u00f6rmigen, fl\u00fcssigen oder festen Stoffe; ferner Ger\u00e4usche, Ersch\u00fctterungen, Strahlen, W\u00e4rme. Wasser-Lexikon: Emissionen Wasser-Lexikon: Immissionen Wasser-Lexikon: Glossar<\/p>\n","protected":false},"author":1,"featured_media":0,"parent":0,"menu_order":0,"comment_status":"closed","ping_status":"closed","template":"","meta":{"footnotes":""},"tags":[],"class_list":["post-221","page","type-page","status-publish","hentry"],"_links":{"self":[{"href":"\/var\/www\/vhosts\/wasser-lexikon.de\/httpdocs\/wp-json\/wp\/v2\/pages\/221","targetHints":{"allow":["GET"]}}],"collection":[{"href":"\/var\/www\/vhosts\/wasser-lexikon.de\/httpdocs\/wp-json\/wp\/v2\/pages"}],"about":[{"href":"\/var\/www\/vhosts\/wasser-lexikon.de\/httpdocs\/wp-json\/wp\/v2\/types\/page"}],"author":[{"embeddable":true,"href":"\/var\/www\/vhosts\/wasser-lexikon.de\/httpdocs\/wp-json\/wp\/v2\/users\/1"}],"replies":[{"embeddable":true,"href":"\/var\/www\/vhosts\/wasser-lexikon.de\/httpdocs\/wp-json\/wp\/v2\/comments?post=221"}],"version-history":[{"count":1,"href":"\/var\/www\/vhosts\/wasser-lexikon.de\/httpdocs\/wp-json\/wp\/v2\/pages\/221\/revisions"}],"predecessor-version":[{"id":222,"href":"\/var\/www\/vhosts\/wasser-lexikon.de\/httpdocs\/wp-json\/wp\/v2\/pages\/221\/revisions\/222"}],"wp:attachment":[{"href":"\/var\/www\/vhosts\/wasser-lexikon.de\/httpdocs\/wp-json\/wp\/v2\/media?parent=221"}],"wp:term":[{"taxonomy":"post_tag","embeddable":true,"href":"\/var\/www\/vhosts\/wasser-lexikon.de\/httpdocs\/wp-json\/wp\/v2\/tags?post=221"}],"curies":[{"name":"wp","href":"https:\/\/api.w.org\/{rel}","templated":true}]}}