{"id":211,"date":"2010-09-30T11:33:03","date_gmt":"2010-09-30T11:33:03","guid":{"rendered":"http:\/\/localhost\/wasserlexikon\/"},"modified":"2010-09-30T11:33:03","modified_gmt":"2010-09-30T11:33:03","slug":"eisen","status":"publish","type":"page","link":"\/var\/www\/vhosts\/wasser-lexikon.de\/httpdocs\/eisen\/","title":{"rendered":"Eisen"},"content":{"rendered":"<div>kommt meist in Erzen vor und ist das wichtigste Schwermetall, in reiner  Form silberwei\u00df, weich, dehnbar und l\u00e4\u00dft sich magnetisieren. Es ist bei  allen Lebewesen Bestandteil lebensnotwendiger Enzyme. Im <a href=\"http:\/\/wasserlexikon.de\/<a href=\"http:\/\/www.wasser-lexikon.de\/Wasser\" class=\"kblinker\" title=\"More about Wasser &raquo;\">wasser<\/a>\/&#8220;>Wasser<\/a> kann es in Form von Eisenionen oder in organischer Bindung vorliegen  oder auch in Komplexverbindungen vorkommen. Es findet sich sowohl im <a href=\"http:\/\/wasserlexikon.de\/grundwasser\/\"><a href=\"http:\/\/www.wasser-lexikon.de\/Grundwasser\" class=\"kblinker\" title=\"More about Grundwasser &raquo;\">Grundwasser<\/a><\/a> und Quellwasser als auch im <a href=\"http:\/\/wasserlexikon.de\/oberflachenwasser\/\">Oberfl\u00e4chenwasser<\/a>.<\/div>\n<table  class=\" table table-hover\" style=\"width: 90%;\" border=\"0\" cellspacing=\"1\" cellpadding=\"3\">\n<tbody>\n<tr>\n<td><strong><a href=\"http:\/\/wasserlexikon.de\/eisen\/\" target=\"_self\">Wasser-Lexikon: Eisen<\/a><\/strong><\/td>\n<\/tr>\n<tr>\n<td><strong><a href=\"http:\/\/wasserlexikon.de\/sauerstoff\/\" target=\"_self\">Wasser-Lexikon: Sauerstoff<\/a><\/strong><\/td>\n<\/tr>\n<tr>\n<td><strong><a href=\"http:\/\/wasserlexikon.de\/enteisenung\/\" target=\"_self\">Wasser-Lexikon: Enteisenung<\/a><\/strong><\/td>\n<\/tr>\n<tr>\n<td><strong><a href=\"http:\/\/wasserlexikon.de\/verzinkung\/\" target=\"_self\">Wasser-Lexikon: Verzinkung<\/a><\/strong><\/td>\n<\/tr>\n<tr>\n<td><strong><a href=\"http:\/\/www.wasser-lexikon.de\/\">Wasser-Lexikon: Glossar<\/a><\/strong><\/td>\n<\/tr>\n<tr>\n<td><strong><a href=\"http:\/\/wasserlexikon.de\/eisenchlorid\/\" target=\"_self\">Wasser-Lexikon: Eisenchlorid<\/a><\/strong><\/td>\n<\/tr>\n<tr>\n<td><strong><a href=\"http:\/\/wasserlexikon.de\/schwermetalle\/\" target=\"_self\">Wasser-Lexikon: Schwermetalle<\/a><\/strong><\/td>\n<\/tr>\n<tr>\n<td><strong><a href=\"http:\/\/wasserlexikon.de\/verockerung\/\" target=\"_self\">Wasser-Lexikon: Verockerung<\/a><\/strong><\/td>\n<\/tr>\n<tr>\n<td><strong><a href=\"http:\/\/wasserlexikon.de\/mineralstoffe\/\" target=\"_self\">Wasser-Lexikon: Mineralstoffe<\/a><\/strong><\/td>\n<\/tr>\n<\/tbody>\n<\/table>\n","protected":false},"excerpt":{"rendered":"<p>kommt meist in Erzen vor und ist das wichtigste Schwermetall, in reiner Form silberwei\u00df, weich, dehnbar und l\u00e4\u00dft sich magnetisieren. Es ist bei allen Lebewesen Bestandteil lebensnotwendiger Enzyme. Im<\/p>\n","protected":false},"author":1,"featured_media":0,"parent":0,"menu_order":0,"comment_status":"closed","ping_status":"closed","template":"","meta":{"footnotes":""},"tags":[],"class_list":["post-211","page","type-page","status-publish","hentry"],"_links":{"self":[{"href":"\/var\/www\/vhosts\/wasser-lexikon.de\/httpdocs\/wp-json\/wp\/v2\/pages\/211","targetHints":{"allow":["GET"]}}],"collection":[{"href":"\/var\/www\/vhosts\/wasser-lexikon.de\/httpdocs\/wp-json\/wp\/v2\/pages"}],"about":[{"href":"\/var\/www\/vhosts\/wasser-lexikon.de\/httpdocs\/wp-json\/wp\/v2\/types\/page"}],"author":[{"embeddable":true,"href":"\/var\/www\/vhosts\/wasser-lexikon.de\/httpdocs\/wp-json\/wp\/v2\/users\/1"}],"replies":[{"embeddable":true,"href":"\/var\/www\/vhosts\/wasser-lexikon.de\/httpdocs\/wp-json\/wp\/v2\/comments?post=211"}],"version-history":[{"count":1,"href":"\/var\/www\/vhosts\/wasser-lexikon.de\/httpdocs\/wp-json\/wp\/v2\/pages\/211\/revisions"}],"predecessor-version":[{"id":212,"href":"\/var\/www\/vhosts\/wasser-lexikon.de\/httpdocs\/wp-json\/wp\/v2\/pages\/211\/revisions\/212"}],"wp:attachment":[{"href":"\/var\/www\/vhosts\/wasser-lexikon.de\/httpdocs\/wp-json\/wp\/v2\/media?parent=211"}],"wp:term":[{"taxonomy":"post_tag","embeddable":true,"href":"\/var\/www\/vhosts\/wasser-lexikon.de\/httpdocs\/wp-json\/wp\/v2\/tags?post=211"}],"curies":[{"name":"wp","href":"https:\/\/api.w.org\/{rel}","templated":true}]}}