{"id":205,"date":"2010-09-28T14:57:11","date_gmt":"2010-09-28T14:57:11","guid":{"rendered":"http:\/\/localhost\/wasserlexikon\/"},"modified":"2011-11-23T10:09:02","modified_gmt":"2011-11-23T09:09:02","slug":"dungung","status":"publish","type":"page","link":"\/var\/www\/vhosts\/wasser-lexikon.de\/httpdocs\/dungung\/","title":{"rendered":"D\u00fcngung"},"content":{"rendered":"<div><b><a href=\"http:\/\/www.wasser-lexikon.de\/Dungung\" class=\"kblinker\" title=\"More about D\u00fcngung &raquo;\">D\u00fcngung<\/a><\/b> wird das Einbringen von <a href=\"http:\/\/wasserlexikon.de\/nahrstoffe\/\">N\u00e4hrstoffe<\/a>n  in den Boden genannt. Damit soll die Fruchtbarkeit des Bodens erhalten bzw. gesteigert werden. Unterschieden werden organische (z. B. G\u00fclle,  Stallmist, Jauche, Kompost, <a href=\"http:\/\/wasserlexikon.de\/klarschlamm\/\">Kl\u00e4rschlamm<\/a>) und mineralische <a href=\"http:\/\/wasserlexikon.de\/dungung\/\">D\u00fcngung<\/a> (Handelsd\u00fcnger).<\/div>\n<table  class=\" table table-hover\" style=\"width: 90%;\" border=\"0\" cellspacing=\"1\" cellpadding=\"3\">\n<tbody>\n<tr>\n<td><strong><a href=\"http:\/\/www.wasser-lexikon.de\/\">Wasser-Lexikon: Glossar<\/a><\/strong><\/td>\n<\/tr>\n<\/tbody>\n<\/table>\n","protected":false},"excerpt":{"rendered":"<p>D\u00fcngung wird das Einbringen von N\u00e4hrstoffen in den Boden genannt. Damit soll die Fruchtbarkeit des Bodens erhalten bzw. gesteigert werden. Unterschieden werden organische (z. B. G\u00fclle, Stallmist, Jauche, Kompost, Kl\u00e4rschlamm) und mineralische D\u00fcngung (Handelsd\u00fcnger). Wasser-Lexikon: Glossar<\/p>\n","protected":false},"author":1,"featured_media":0,"parent":0,"menu_order":0,"comment_status":"closed","ping_status":"closed","template":"","meta":{"footnotes":""},"tags":[],"class_list":["post-205","page","type-page","status-publish","hentry"],"_links":{"self":[{"href":"\/var\/www\/vhosts\/wasser-lexikon.de\/httpdocs\/wp-json\/wp\/v2\/pages\/205","targetHints":{"allow":["GET"]}}],"collection":[{"href":"\/var\/www\/vhosts\/wasser-lexikon.de\/httpdocs\/wp-json\/wp\/v2\/pages"}],"about":[{"href":"\/var\/www\/vhosts\/wasser-lexikon.de\/httpdocs\/wp-json\/wp\/v2\/types\/page"}],"author":[{"embeddable":true,"href":"\/var\/www\/vhosts\/wasser-lexikon.de\/httpdocs\/wp-json\/wp\/v2\/users\/1"}],"replies":[{"embeddable":true,"href":"\/var\/www\/vhosts\/wasser-lexikon.de\/httpdocs\/wp-json\/wp\/v2\/comments?post=205"}],"version-history":[{"count":3,"href":"\/var\/www\/vhosts\/wasser-lexikon.de\/httpdocs\/wp-json\/wp\/v2\/pages\/205\/revisions"}],"predecessor-version":[{"id":1245,"href":"\/var\/www\/vhosts\/wasser-lexikon.de\/httpdocs\/wp-json\/wp\/v2\/pages\/205\/revisions\/1245"}],"wp:attachment":[{"href":"\/var\/www\/vhosts\/wasser-lexikon.de\/httpdocs\/wp-json\/wp\/v2\/media?parent=205"}],"wp:term":[{"taxonomy":"post_tag","embeddable":true,"href":"\/var\/www\/vhosts\/wasser-lexikon.de\/httpdocs\/wp-json\/wp\/v2\/tags?post=205"}],"curies":[{"name":"wp","href":"https:\/\/api.w.org\/{rel}","templated":true}]}}