{"id":2,"date":"2010-09-27T07:21:52","date_gmt":"2010-09-27T07:21:52","guid":{"rendered":"http:\/\/localhost\/wasserlexikon\/?page_id=2"},"modified":"2011-11-10T13:34:13","modified_gmt":"2011-11-10T11:34:13","slug":"eine-seite","status":"publish","type":"page","link":"\/var\/www\/vhosts\/wasser-lexikon.de\/httpdocs\/","title":{"rendered":"Wasser"},"content":{"rendered":"<h1><a href=\"http:\/\/www.wasser-lexikon.de\/Wasser\" class=\"kblinker\" title=\"More about Wasser &raquo;\">Wasser<\/a>-Lexikon zu den Themen Wasseraufbereitung, <a href=\"http:\/\/www.wasser-lexikon.de\/Trinkwasser\" class=\"kblinker\" title=\"More about Trinkwasser &raquo;\">Trinkwasser<\/a>, Wasserinhaltsstoffe und <a href=\"http:\/\/www.wasser-lexikon.de\/Wasserversorgung\" class=\"kblinker\" title=\"More about Wasserversorgung &raquo;\">Wasserversorgung<\/a><\/h1>\n<p>Das <strong>Wasserlexikon<\/strong> informiert \u00fcber viele Bereiche und Begriffe, die mit <strong>Wasser<\/strong> zu tun haben.<br \/> Dies umfasst die <a href=\"http:\/\/www.wasser-lexikon.de\/Wassergewinnung\" class=\"kblinker\" title=\"More about Wassergewinnung &raquo;\">Wassergewinnung<\/a>, <a href=\"http:\/\/www.wasser-lexikon.de\/Wasseraufbereitung\" class=\"kblinker\" title=\"More about Wasseraufbereitung &raquo;\">Wasseraufbereitung<\/a>, Wasserleitung, Wasserversorgung ebenso wie die stoffliche Zusammensetzung von Wasser f\u00fcr den technischen und menschlichen Gebrauch.<\/p>\n<p>Der Stand dieser Enzyklop\u00e4die entspricht dem aktuellen Stand in den Wissenschaften. Zudem werden aktuelle Themen und Begriffe zum Thema Wasser regelm\u00e4\u00dfig erg\u00e4nzt. Informationen zu einzelnen Bereichen wie zum Beispiel &#8222;Wasser als Lebensmittel&#8220;, Diskussionen wie &#8222;<a href=\"http:\/\/www.wasser-lexikon.de\/Leitungswasser\" class=\"kblinker\" title=\"More about Leitungswasser &raquo;\">Leitungswasser<\/a> versus Mineralwasser&#8220;, Hausinstallation, Wasserfiltrierung werden in der gebotenen K\u00fcrze f\u00fcr einen ersten \u00dcberblick dargestellt.<\/p>\n<p>Im Suche-Feld oben k\u00f6nnen Sie das gesamte Lexikon nach Schlagworten durchsuchen.<\/p>\n<p>Rechts in der Glossar-Spalte k\u00f6nnen Sie in alphabetischer Reihenfolge nach einem Begriff suchen.<\/p>\n<p>Die Seiten sind ineinander verlinkt, so dass nach individuellem Informationsbedarf die einzelnen Begriffe und Erkl\u00e4rungen aufgerufen werden k\u00f6nnen.<\/p>\n<p>Hier finden Sie z.B. wissenswertes zum Thema <a title=\"Trinkwasserqualit\u00e4t\" href=\"http:\/\/www.wasser-lexikon.de\/trinkwasserqualitat\">Trinkwasserqualit\u00e4t<\/a> und <a title=\"Wassertest\" href=\"http:\/\/www.wasser-lexikon.de\/wasser-test\">Wassertest<\/a>.<\/p>\n","protected":false},"excerpt":{"rendered":"<p>Wasser-Lexikon zu den Themen Wasseraufbereitung, Trinkwasser, Wasserinhaltsstoffe und Wasserversorgung Das Wasserlexikon informiert \u00fcber viele Bereiche und Begriffe, die mit Wasser zu tun haben. Dies umfasst die Wassergewinnung, Wasseraufbereitung, Wasserleitung, Wasserversorgung ebenso wie die stoffliche Zusammensetzung von Wasser f\u00fcr den technischen und menschlichen Gebrauch. Der Stand dieser Enzyklop\u00e4die entspricht dem aktuellen Stand in den Wissenschaften. Zudem [&hellip;]<\/p>\n","protected":false},"author":1,"featured_media":0,"parent":0,"menu_order":0,"comment_status":"closed","ping_status":"open","template":"","meta":{"footnotes":""},"tags":[12,3,15,13],"class_list":["post-2","page","type-page","status-publish","hentry","tag-leitungswasser","tag-wasser","tag-wasserfilter","tag-wasserqualitat"],"_links":{"self":[{"href":"\/var\/www\/vhosts\/wasser-lexikon.de\/httpdocs\/wp-json\/wp\/v2\/pages\/2","targetHints":{"allow":["GET"]}}],"collection":[{"href":"\/var\/www\/vhosts\/wasser-lexikon.de\/httpdocs\/wp-json\/wp\/v2\/pages"}],"about":[{"href":"\/var\/www\/vhosts\/wasser-lexikon.de\/httpdocs\/wp-json\/wp\/v2\/types\/page"}],"author":[{"embeddable":true,"href":"\/var\/www\/vhosts\/wasser-lexikon.de\/httpdocs\/wp-json\/wp\/v2\/users\/1"}],"replies":[{"embeddable":true,"href":"\/var\/www\/vhosts\/wasser-lexikon.de\/httpdocs\/wp-json\/wp\/v2\/comments?post=2"}],"version-history":[{"count":24,"href":"\/var\/www\/vhosts\/wasser-lexikon.de\/httpdocs\/wp-json\/wp\/v2\/pages\/2\/revisions"}],"predecessor-version":[{"id":864,"href":"\/var\/www\/vhosts\/wasser-lexikon.de\/httpdocs\/wp-json\/wp\/v2\/pages\/2\/revisions\/864"}],"wp:attachment":[{"href":"\/var\/www\/vhosts\/wasser-lexikon.de\/httpdocs\/wp-json\/wp\/v2\/media?parent=2"}],"wp:term":[{"taxonomy":"post_tag","embeddable":true,"href":"\/var\/www\/vhosts\/wasser-lexikon.de\/httpdocs\/wp-json\/wp\/v2\/tags?post=2"}],"curies":[{"name":"wp","href":"https:\/\/api.w.org\/{rel}","templated":true}]}}