{"id":191,"date":"2010-09-28T14:55:05","date_gmt":"2010-09-28T14:55:05","guid":{"rendered":"http:\/\/localhost\/wasserlexikon\/"},"modified":"2010-09-28T14:55:05","modified_gmt":"2010-09-28T14:55:05","slug":"druckerhohungsanlage","status":"publish","type":"page","link":"\/var\/www\/vhosts\/wasser-lexikon.de\/httpdocs\/druckerhohungsanlage\/","title":{"rendered":"Druckerh\u00f6hungsanlage"},"content":{"rendered":"<div>ist Teil einer <a href=\"http:\/\/wasserlexikon.de\/wasserversorgungsanlage\/\">Wasserversorgungsanlage<\/a>, mit der der notwendige <a href=\"http:\/\/wasserlexikon.de\/versorgungsdruck\/\">Versorgungsdruck<\/a> in einem Versorgungsgebiet mittels <a href=\"http:\/\/wasserlexikon.de\/pumpe\/\"><a href=\"http:\/\/www.wasser-lexikon.de\/Pumpe\" class=\"kblinker\" title=\"More about Pumpe &raquo;\">Pumpe<\/a><\/a>n und Regelungstechnik erh\u00f6ht und gehalten wird. Sie kann z. B. angeordnet werden zur F\u00f6rderung aus einem <a href=\"http:\/\/wasserlexikon.de\/trinkwasserbehalter\/\">Trinkwasserbeh\u00e4lter<\/a> oder dem <a href=\"http:\/\/wasserlexikon.de\/rohrnetz\/\"><a href=\"http:\/\/www.wasser-lexikon.de\/Rohrnetz\" class=\"kblinker\" title=\"More about Rohrnetz &raquo;\">Rohrnetz<\/a><\/a> in einen Beh\u00e4lter oder in ein <a href=\"http:\/\/wasserlexikon.de\/rohrnetz\/\">Rohrnetz<\/a>.<\/div>\n<table  class=\" table table-hover\" style=\"width: 90%;\" border=\"0\" cellspacing=\"1\" cellpadding=\"3\">\n<tbody>\n<tr>\n<td><strong><a href=\"http:\/\/wasserlexikon.de\/druckerhohungsanlage\/\" target=\"_self\">Wasser-Lexikon: Druckerh\u00f6hungsanlage<\/a><\/strong><\/td>\n<\/tr>\n<tr>\n<td><strong><a href=\"http:\/\/wasserlexikon.de\/versorgungsdruck\/\" target=\"_self\">Wasser-Lexikon: Versorgungsdruck<\/a><\/strong><\/td>\n<\/tr>\n<tr>\n<td><strong><a href=\"http:\/\/www.wasser-lexikon.de\/\">Wasser-Lexikon: Glossar<\/a><\/strong><\/td>\n<\/tr>\n<\/tbody>\n<\/table>\n","protected":false},"excerpt":{"rendered":"<p>ist Teil einer Wasserversorgungsanlage, mit der der notwendige Versorgungsdruck in einem Versorgungsgebiet mittels Pumpen und Regelungstechnik erh\u00f6ht und gehalten wird. Sie kann z. B. angeordnet werden zur F\u00f6rderung aus einem Trinkwasserbeh\u00e4lter oder dem Rohrnetz in einen Beh\u00e4lter oder in ein Rohrnetz. Wasser-Lexikon: Druckerh\u00f6hungsanlage Wasser-Lexikon: Versorgungsdruck Wasser-Lexikon: Glossar<\/p>\n","protected":false},"author":1,"featured_media":0,"parent":0,"menu_order":0,"comment_status":"closed","ping_status":"closed","template":"","meta":{"footnotes":""},"tags":[],"class_list":["post-191","page","type-page","status-publish","hentry"],"_links":{"self":[{"href":"\/var\/www\/vhosts\/wasser-lexikon.de\/httpdocs\/wp-json\/wp\/v2\/pages\/191","targetHints":{"allow":["GET"]}}],"collection":[{"href":"\/var\/www\/vhosts\/wasser-lexikon.de\/httpdocs\/wp-json\/wp\/v2\/pages"}],"about":[{"href":"\/var\/www\/vhosts\/wasser-lexikon.de\/httpdocs\/wp-json\/wp\/v2\/types\/page"}],"author":[{"embeddable":true,"href":"\/var\/www\/vhosts\/wasser-lexikon.de\/httpdocs\/wp-json\/wp\/v2\/users\/1"}],"replies":[{"embeddable":true,"href":"\/var\/www\/vhosts\/wasser-lexikon.de\/httpdocs\/wp-json\/wp\/v2\/comments?post=191"}],"version-history":[{"count":1,"href":"\/var\/www\/vhosts\/wasser-lexikon.de\/httpdocs\/wp-json\/wp\/v2\/pages\/191\/revisions"}],"predecessor-version":[{"id":192,"href":"\/var\/www\/vhosts\/wasser-lexikon.de\/httpdocs\/wp-json\/wp\/v2\/pages\/191\/revisions\/192"}],"wp:attachment":[{"href":"\/var\/www\/vhosts\/wasser-lexikon.de\/httpdocs\/wp-json\/wp\/v2\/media?parent=191"}],"wp:term":[{"taxonomy":"post_tag","embeddable":true,"href":"\/var\/www\/vhosts\/wasser-lexikon.de\/httpdocs\/wp-json\/wp\/v2\/tags?post=191"}],"curies":[{"name":"wp","href":"https:\/\/api.w.org\/{rel}","templated":true}]}}