{"id":19,"date":"2010-09-27T09:27:22","date_gmt":"2010-09-27T09:27:22","guid":{"rendered":"http:\/\/localhost\/wasserlexikon\/"},"modified":"2011-11-10T13:07:08","modified_gmt":"2011-11-10T11:07:08","slug":"abwasser","status":"publish","type":"page","link":"\/var\/www\/vhosts\/wasser-lexikon.de\/httpdocs\/abwasser\/","title":{"rendered":"Abwasser"},"content":{"rendered":"<div>Mit dem Begriff <strong><a href=\"http:\/\/www.wasser-lexikon.de\/Abwasser\" class=\"kblinker\" title=\"More about Abwasser &raquo;\">Abwasser<\/a><\/strong> definiert man in den durch h\u00e4uslichen, gewerblichen, industriellen, landwirtschaftlichen und  sonstigen Gebrauch verunreinigtes und dadurch in seinen nat\u00fcrlichen  Eigenschaften ver\u00e4ndertes <a href=\"http:\/\/www.wasser-lexikon.de\/Wasser\" class=\"kblinker\" title=\"More about Wasser &raquo;\">Wasser<\/a>. Hierzu geh\u00f6rt auch das aus bebauten Gebieten abflie\u00dfende <a href=\"https:\/\/wasser-lexikon.de\/niederschlagswasser\/\"><a href=\"http:\/\/www.wasser-lexikon.de\/Niederschlagswasser\" class=\"kblinker\" title=\"More about Niederschlagswasser &raquo;\">Niederschlagswasser<\/a><\/a>. Man unterscheidet z. B. <a href=\"https:\/\/wasser-lexikon.de\/schmutzwasser\/\"><a href=\"http:\/\/www.wasser-lexikon.de\/Schmutzwasser\" class=\"kblinker\" title=\"More about Schmutzwasser &raquo;\">Schmutzwasser<\/a><\/a>, <a href=\"https:\/\/wasser-lexikon.de\/regenwasser\/\"><a href=\"http:\/\/www.wasser-lexikon.de\/Regenwasser\" class=\"kblinker\" title=\"More about Regenwasser &raquo;\">Regenwasser<\/a><\/a>, <a href=\"https:\/\/wasser-lexikon.de\/fremdwasser\/\"><a href=\"http:\/\/www.wasser-lexikon.de\/Fremdwasser\" class=\"kblinker\" title=\"More about Fremdwasser &raquo;\">Fremdwasser<\/a><\/a>, <a href=\"https:\/\/wasser-lexikon.de\/mischwasser\/\"><a href=\"http:\/\/www.wasser-lexikon.de\/Mischwasser\" class=\"kblinker\" title=\"More about Mischwasser &raquo;\">Mischwasser<\/a><\/a>, <a href=\"https:\/\/wasser-lexikon.de\/kuhlwasser\/\">K\u00fchlwasser<\/a> .<\/div>\n<p>Hier erfahren Sie, wie es m\u00f6glich ist aus <em>Abwasser<\/em> durch eine entsprechende <a href=\"http:\/\/www.wasser-lexikon.de\/Aufbereitung\" class=\"kblinker\" title=\"More about Aufbereitung &raquo;\">Aufbereitung<\/a> wieder Trinkwasser herzustellen: <a title=\"Trinkwasseraufbereitung\" href=\"http:\/\/www.wasser-lexikon.de\/trinkwasseraufbereitung\/\"><a href=\"http:\/\/www.wasser-lexikon.de\/Trinkwasser\" class=\"kblinker\" title=\"More about Trinkwasser &raquo;\">Trinkwasser<\/a>aufbereitung<\/a><\/p>\n<p>&nbsp;<\/p>\n<p><h1>\u00c4hnliche Artikel zum Thema &#8222;<strong>Abwasser<\/strong>&#8222;<\/h1>\n<\/p>\n<table  class=\" table table-hover\" style=\"width: 90%;\" border=\"0\" cellspacing=\"1\" cellpadding=\"3\">\n<tbody>\n<tr>\n<td><strong><a title=\"Abwasser\" href=\"https:\/\/wasser-lexikon.de\/abwasser\/\" target=\"_self\">Abwasser<\/a><\/strong><\/td>\n<\/tr>\n<tr>\n<td><strong><a href=\"http:\/\/wasserlexikon.de\/wasser\/\" target=\"_self\">Wasser<\/a><\/strong><\/td>\n<\/tr>\n<tr>\n<td><strong><a href=\"https:\/\/wasser-lexikon.de\/leitungsnetz\/\" target=\"_self\">Wasser-Lexikon: Leitungsnetz<\/a><\/strong><\/td>\n<\/tr>\n<tr>\n<td><strong><a href=\"https:\/\/wasser-lexikon.de\/ammonium\/\" target=\"_self\">Wasser-Lexikon: Ammonium<\/a><\/strong><\/td>\n<\/tr>\n<tr>\n<td><strong><a href=\"https:\/\/wasser-lexikon.de\/abwasserbeseitigung\/\" target=\"_self\">Wasser-Lexikon: Abwasserbeseitigung<\/a><\/strong><\/td>\n<\/tr>\n<tr>\n<td><strong><a href=\"https:\/\/wasser-lexikon.de\/kanalisation\/\" target=\"_self\">Wasser-Lexikon: Kanalisation<\/a><\/strong><\/td>\n<\/tr>\n<tr>\n<td><strong><a href=\"https:\/\/wasser-lexikon.de\/beluftung\/\" target=\"_self\">Wasser-Lexikon: Bel\u00fcftung<\/a><\/strong><\/td>\n<\/tr>\n<tr>\n<td><strong><a href=\"https:\/\/wasser-lexikon.de\/grundstucksentwasserung\/\" target=\"_self\">Wasser-Lexikon: Grundst\u00fccksentw\u00e4sserung<\/a><\/strong><\/td>\n<\/tr>\n<tr>\n<td><strong><a href=\"https:\/\/wasser-lexikon.de\/ringkanalisation\/\" target=\"_self\">Wasser-Lexikon: Ringkanalisation<\/a><\/strong><\/td>\n<\/tr>\n<tr>\n<td><strong><a href=\"https:\/\/wasser-lexikon.de\/abwasserableitung\/\" target=\"_self\">Wasser-Lexikon: Abwasserableitung<\/a><\/strong><\/td>\n<\/tr>\n<\/tbody>\n<\/table>\n","protected":false},"excerpt":{"rendered":"<p>Mit dem Begriff Abwasser definiert man in den durch h\u00e4uslichen, gewerblichen, industriellen, landwirtschaftlichen und sonstigen Gebrauch verunreinigtes und dadurch in seinen nat\u00fcrlichen Eigenschaften ver\u00e4ndertes Wasser. Hierzu geh\u00f6rt auch das aus bebauten Gebieten abflie\u00dfende Niederschlagswasser. Man unterscheidet z. B. Schmutzwasser, Regenwasser, Fremdwasser, Mischwasser, K\u00fchlwasser . Hier erfahren Sie, wie es m\u00f6glich ist aus Abwasser durch eine [&hellip;]<\/p>\n","protected":false},"author":1,"featured_media":0,"parent":0,"menu_order":0,"comment_status":"closed","ping_status":"closed","template":"","meta":{"footnotes":""},"tags":[],"class_list":["post-19","page","type-page","status-publish","hentry"],"_links":{"self":[{"href":"\/var\/www\/vhosts\/wasser-lexikon.de\/httpdocs\/wp-json\/wp\/v2\/pages\/19","targetHints":{"allow":["GET"]}}],"collection":[{"href":"\/var\/www\/vhosts\/wasser-lexikon.de\/httpdocs\/wp-json\/wp\/v2\/pages"}],"about":[{"href":"\/var\/www\/vhosts\/wasser-lexikon.de\/httpdocs\/wp-json\/wp\/v2\/types\/page"}],"author":[{"embeddable":true,"href":"\/var\/www\/vhosts\/wasser-lexikon.de\/httpdocs\/wp-json\/wp\/v2\/users\/1"}],"replies":[{"embeddable":true,"href":"\/var\/www\/vhosts\/wasser-lexikon.de\/httpdocs\/wp-json\/wp\/v2\/comments?post=19"}],"version-history":[{"count":7,"href":"\/var\/www\/vhosts\/wasser-lexikon.de\/httpdocs\/wp-json\/wp\/v2\/pages\/19\/revisions"}],"predecessor-version":[{"id":1233,"href":"\/var\/www\/vhosts\/wasser-lexikon.de\/httpdocs\/wp-json\/wp\/v2\/pages\/19\/revisions\/1233"}],"wp:attachment":[{"href":"\/var\/www\/vhosts\/wasser-lexikon.de\/httpdocs\/wp-json\/wp\/v2\/media?parent=19"}],"wp:term":[{"taxonomy":"post_tag","embeddable":true,"href":"\/var\/www\/vhosts\/wasser-lexikon.de\/httpdocs\/wp-json\/wp\/v2\/tags?post=19"}],"curies":[{"name":"wp","href":"https:\/\/api.w.org\/{rel}","templated":true}]}}