{"id":187,"date":"2010-09-28T14:54:30","date_gmt":"2010-09-28T14:54:30","guid":{"rendered":"http:\/\/localhost\/wasserlexikon\/"},"modified":"2010-09-28T14:54:30","modified_gmt":"2010-09-28T14:54:30","slug":"druck","status":"publish","type":"page","link":"\/var\/www\/vhosts\/wasser-lexikon.de\/httpdocs\/druck\/","title":{"rendered":"Druck"},"content":{"rendered":"<div>(siehe <a href=\"http:\/\/wasserlexikon.de\/versorgungsdruck\/\">Versorgungsdruck<\/a>) .<\/div>\n<table  class=\" table table-hover\" style=\"width: 90%;\" border=\"0\" cellspacing=\"1\" cellpadding=\"3\">\n<tbody>\n<tr>\n<td><strong><a href=\"http:\/\/wasserlexikon.de\/druck\/\" target=\"_self\">Wasser-Lexikon: Druck<\/a><\/strong><\/td>\n<\/tr>\n<tr>\n<td><strong><a href=\"http:\/\/wasserlexikon.de\/trinkwasser\/\" target=\"_self\">Wasser-Lexikon: Trinkwasser<\/a><\/strong><\/td>\n<\/tr>\n<tr>\n<td><strong><a href=\"http:\/\/wasserlexikon.de\/osmose\/\" target=\"_self\">Wasser-Lexikon: Osmose<\/a><\/strong><\/td>\n<\/tr>\n<tr>\n<td><strong><a href=\"http:\/\/wasserlexikon.de\/druckleitung\/\" target=\"_self\">Wasser-Lexikon: Druckleitung<\/a><\/strong><\/td>\n<\/tr>\n<tr>\n<td><strong><a href=\"http:\/\/wasserlexikon.de\/hochbehalter\/\" target=\"_self\">Wasser-Lexikon: Hochbeh\u00e4lter<\/a><\/strong><\/td>\n<\/tr>\n<tr>\n<td><strong><a href=\"http:\/\/wasserlexikon.de\/umkehrosmose\/\" target=\"_self\">Wasser-Lexikon: Umkehrosmose<\/a><\/strong><\/td>\n<\/tr>\n<tr>\n<td><strong><a href=\"http:\/\/wasserlexikon.de\/versorgungsdruck\/\" target=\"_self\">Wasser-Lexikon: Versorgungsdruck<\/a><\/strong><\/td>\n<\/tr>\n<tr>\n<td><strong><a href=\"http:\/\/wasserlexikon.de\/beluftung\/\" target=\"_self\">Wasser-Lexikon: Bel\u00fcftung<\/a><\/strong><\/td>\n<\/tr>\n<tr>\n<td><strong><a href=\"http:\/\/wasserlexikon.de\/tiefbehalter\/\" target=\"_self\">Wasser-Lexikon: Tiefbeh\u00e4lter<\/a><\/strong><\/td>\n<\/tr>\n<tr>\n<td><strong><a href=\"http:\/\/wasserlexikon.de\/durchlaufbehalter\/\" target=\"_self\">Wasser-Lexikon: Durchlaufbeh\u00e4lter<\/a><\/strong><\/td>\n<\/tr>\n<\/tbody>\n<\/table>\n","protected":false},"excerpt":{"rendered":"<p>(siehe Versorgungsdruck) . Wasser-Lexikon: Druck Wasser-Lexikon: Trinkwasser Wasser-Lexikon: Osmose Wasser-Lexikon: Druckleitung Wasser-Lexikon: Hochbeh\u00e4lter Wasser-Lexikon: Umkehrosmose Wasser-Lexikon: Versorgungsdruck Wasser-Lexikon: Bel\u00fcftung Wasser-Lexikon: Tiefbeh\u00e4lter Wasser-Lexikon: Durchlaufbeh\u00e4lter<\/p>\n","protected":false},"author":1,"featured_media":0,"parent":0,"menu_order":0,"comment_status":"closed","ping_status":"closed","template":"","meta":{"footnotes":""},"tags":[],"class_list":["post-187","page","type-page","status-publish","hentry"],"_links":{"self":[{"href":"\/var\/www\/vhosts\/wasser-lexikon.de\/httpdocs\/wp-json\/wp\/v2\/pages\/187","targetHints":{"allow":["GET"]}}],"collection":[{"href":"\/var\/www\/vhosts\/wasser-lexikon.de\/httpdocs\/wp-json\/wp\/v2\/pages"}],"about":[{"href":"\/var\/www\/vhosts\/wasser-lexikon.de\/httpdocs\/wp-json\/wp\/v2\/types\/page"}],"author":[{"embeddable":true,"href":"\/var\/www\/vhosts\/wasser-lexikon.de\/httpdocs\/wp-json\/wp\/v2\/users\/1"}],"replies":[{"embeddable":true,"href":"\/var\/www\/vhosts\/wasser-lexikon.de\/httpdocs\/wp-json\/wp\/v2\/comments?post=187"}],"version-history":[{"count":1,"href":"\/var\/www\/vhosts\/wasser-lexikon.de\/httpdocs\/wp-json\/wp\/v2\/pages\/187\/revisions"}],"predecessor-version":[{"id":188,"href":"\/var\/www\/vhosts\/wasser-lexikon.de\/httpdocs\/wp-json\/wp\/v2\/pages\/187\/revisions\/188"}],"wp:attachment":[{"href":"\/var\/www\/vhosts\/wasser-lexikon.de\/httpdocs\/wp-json\/wp\/v2\/media?parent=187"}],"wp:term":[{"taxonomy":"post_tag","embeddable":true,"href":"\/var\/www\/vhosts\/wasser-lexikon.de\/httpdocs\/wp-json\/wp\/v2\/tags?post=187"}],"curies":[{"name":"wp","href":"https:\/\/api.w.org\/{rel}","templated":true}]}}