{"id":181,"date":"2010-09-28T14:53:26","date_gmt":"2010-09-28T14:53:26","guid":{"rendered":"http:\/\/localhost\/wasserlexikon\/"},"modified":"2010-09-28T14:53:26","modified_gmt":"2010-09-28T14:53:26","slug":"dissoziation","status":"publish","type":"page","link":"\/var\/www\/vhosts\/wasser-lexikon.de\/httpdocs\/dissoziation\/","title":{"rendered":"Dissoziation"},"content":{"rendered":"<div>bedeutet Zerfall, Spaltung, und bezeichnet die Aufspaltung von Molek\u00fclen  mittels Aufnahme von W\u00e4rme in einfachere Atomgruppen. Zerfallen  elektrisch neutrale Molek\u00fcle in einander entgegengesetzt geladene <a href=\"http:\/\/wasserlexikon.de\/ionen\/\">Ionen<\/a>, so sprich man von der elektrolytischen <a href=\"http:\/\/wasserlexikon.de\/dissoziation\/\"><a href=\"http:\/\/www.wasser-lexikon.de\/Dissoziation\" class=\"kblinker\" title=\"More about Dissoziation &raquo;\">Dissoziation<\/a><\/a>. Dissoziierte Stoffe werden als <a href=\"http:\/\/wasserlexikon.de\/elektrolyte\/\"><a href=\"http:\/\/www.wasser-lexikon.de\/Elektrolyte\" class=\"kblinker\" title=\"More about Elektrolyte &raquo;\">Elektrolyte<\/a><\/a> bezeichnet, da sie den elektrischen Strom leiten.<\/div>\n<table  class=\" table table-hover\" style=\"width: 90%;\" border=\"0\" cellspacing=\"1\" cellpadding=\"3\">\n<tbody>\n<tr>\n<td><strong><a href=\"http:\/\/wasserlexikon.de\/dissoziation\/\" target=\"_self\">Wasser-Lexikon: Dissoziation<\/a><\/strong><\/td>\n<\/tr>\n<tr>\n<td><strong><a href=\"http:\/\/wasserlexikon.de\/ionen\/\" target=\"_self\">Wasser-Lexikon: Ionen<\/a><\/strong><\/td>\n<\/tr>\n<tr>\n<td><strong><a href=\"http:\/\/www.wasser-lexikon.de\/\">Wasser-Lexikon: Glossar<\/a><\/strong><\/td>\n<\/tr>\n<\/tbody>\n<\/table>\n","protected":false},"excerpt":{"rendered":"<p>bedeutet Zerfall, Spaltung, und bezeichnet die Aufspaltung von Molek\u00fclen mittels Aufnahme von W\u00e4rme in einfachere Atomgruppen. Zerfallen elektrisch neutrale Molek\u00fcle in einander entgegengesetzt geladene Ionen, so sprich man von der elektrolytischen Dissoziation. Dissoziierte Stoffe werden als Elektrolyte bezeichnet, da sie den elektrischen Strom leiten. Wasser-Lexikon: Dissoziation Wasser-Lexikon: Ionen Wasser-Lexikon: Glossar<\/p>\n","protected":false},"author":1,"featured_media":0,"parent":0,"menu_order":0,"comment_status":"closed","ping_status":"closed","template":"","meta":{"footnotes":""},"tags":[],"class_list":["post-181","page","type-page","status-publish","hentry"],"_links":{"self":[{"href":"\/var\/www\/vhosts\/wasser-lexikon.de\/httpdocs\/wp-json\/wp\/v2\/pages\/181","targetHints":{"allow":["GET"]}}],"collection":[{"href":"\/var\/www\/vhosts\/wasser-lexikon.de\/httpdocs\/wp-json\/wp\/v2\/pages"}],"about":[{"href":"\/var\/www\/vhosts\/wasser-lexikon.de\/httpdocs\/wp-json\/wp\/v2\/types\/page"}],"author":[{"embeddable":true,"href":"\/var\/www\/vhosts\/wasser-lexikon.de\/httpdocs\/wp-json\/wp\/v2\/users\/1"}],"replies":[{"embeddable":true,"href":"\/var\/www\/vhosts\/wasser-lexikon.de\/httpdocs\/wp-json\/wp\/v2\/comments?post=181"}],"version-history":[{"count":1,"href":"\/var\/www\/vhosts\/wasser-lexikon.de\/httpdocs\/wp-json\/wp\/v2\/pages\/181\/revisions"}],"predecessor-version":[{"id":182,"href":"\/var\/www\/vhosts\/wasser-lexikon.de\/httpdocs\/wp-json\/wp\/v2\/pages\/181\/revisions\/182"}],"wp:attachment":[{"href":"\/var\/www\/vhosts\/wasser-lexikon.de\/httpdocs\/wp-json\/wp\/v2\/media?parent=181"}],"wp:term":[{"taxonomy":"post_tag","embeddable":true,"href":"\/var\/www\/vhosts\/wasser-lexikon.de\/httpdocs\/wp-json\/wp\/v2\/tags?post=181"}],"curies":[{"name":"wp","href":"https:\/\/api.w.org\/{rel}","templated":true}]}}