{"id":177,"date":"2010-09-28T14:52:51","date_gmt":"2010-09-28T14:52:51","guid":{"rendered":"http:\/\/localhost\/wasserlexikon\/"},"modified":"2010-09-28T14:52:51","modified_gmt":"2010-09-28T14:52:51","slug":"direkteinleiter","status":"publish","type":"page","link":"\/var\/www\/vhosts\/wasser-lexikon.de\/httpdocs\/direkteinleiter\/","title":{"rendered":"Direkteinleiter"},"content":{"rendered":"<div>Abwasserverursachende Anlage eines Grundst\u00fcckseigent\u00fcmers, deren <a href=\"http:\/\/wasserlexikon.de\/abwasser\/\">Abwasser<\/a> mit Zustimmung der Beh\u00f6rden nicht in eine <a href=\"http:\/\/wasserlexikon.de\/kanalisation\/\"><a href=\"http:\/\/www.wasser-lexikon.de\/Kanalisation\" class=\"kblinker\" title=\"More about Kanalisation &raquo;\">Kanalisation<\/a><\/a>, sondern direkt in ein <a href=\"http:\/\/wasserlexikon.de\/gewasser\/\">Gew\u00e4sser<\/a> eingeleitet wird.<\/div>\n<table  class=\" table table-hover\" style=\"width: 90%;\" border=\"0\" cellspacing=\"1\" cellpadding=\"3\">\n<tbody>\n<tr>\n<td><strong><a href=\"http:\/\/wasserlexikon.de\/direkteinleiter\/\" target=\"_self\">Wasser-Lexikon: Direkteinleiter<\/a><\/strong><\/td>\n<\/tr>\n<tr>\n<td><strong><a href=\"http:\/\/www.wasser-lexikon.de\/\">Wasser-Lexikon: Glossar<\/a><\/strong><\/td>\n<\/tr>\n<\/tbody>\n<\/table>\n","protected":false},"excerpt":{"rendered":"<p>Abwasserverursachende Anlage eines Grundst\u00fcckseigent\u00fcmers, deren Abwasser mit Zustimmung der Beh\u00f6rden nicht in eine Kanalisation, sondern direkt in ein Gew\u00e4sser eingeleitet wird. Wasser-Lexikon: Direkteinleiter Wasser-Lexikon: Glossar<\/p>\n","protected":false},"author":1,"featured_media":0,"parent":0,"menu_order":0,"comment_status":"closed","ping_status":"closed","template":"","meta":{"footnotes":""},"tags":[],"class_list":["post-177","page","type-page","status-publish","hentry"],"_links":{"self":[{"href":"\/var\/www\/vhosts\/wasser-lexikon.de\/httpdocs\/wp-json\/wp\/v2\/pages\/177","targetHints":{"allow":["GET"]}}],"collection":[{"href":"\/var\/www\/vhosts\/wasser-lexikon.de\/httpdocs\/wp-json\/wp\/v2\/pages"}],"about":[{"href":"\/var\/www\/vhosts\/wasser-lexikon.de\/httpdocs\/wp-json\/wp\/v2\/types\/page"}],"author":[{"embeddable":true,"href":"\/var\/www\/vhosts\/wasser-lexikon.de\/httpdocs\/wp-json\/wp\/v2\/users\/1"}],"replies":[{"embeddable":true,"href":"\/var\/www\/vhosts\/wasser-lexikon.de\/httpdocs\/wp-json\/wp\/v2\/comments?post=177"}],"version-history":[{"count":1,"href":"\/var\/www\/vhosts\/wasser-lexikon.de\/httpdocs\/wp-json\/wp\/v2\/pages\/177\/revisions"}],"predecessor-version":[{"id":178,"href":"\/var\/www\/vhosts\/wasser-lexikon.de\/httpdocs\/wp-json\/wp\/v2\/pages\/177\/revisions\/178"}],"wp:attachment":[{"href":"\/var\/www\/vhosts\/wasser-lexikon.de\/httpdocs\/wp-json\/wp\/v2\/media?parent=177"}],"wp:term":[{"taxonomy":"post_tag","embeddable":true,"href":"\/var\/www\/vhosts\/wasser-lexikon.de\/httpdocs\/wp-json\/wp\/v2\/tags?post=177"}],"curies":[{"name":"wp","href":"https:\/\/api.w.org\/{rel}","templated":true}]}}