{"id":173,"date":"2010-09-28T14:52:15","date_gmt":"2010-09-28T14:52:15","guid":{"rendered":"http:\/\/localhost\/wasserlexikon\/"},"modified":"2010-09-28T14:52:15","modified_gmt":"2010-09-28T14:52:15","slug":"desinfektion","status":"publish","type":"page","link":"\/var\/www\/vhosts\/wasser-lexikon.de\/httpdocs\/desinfektion\/","title":{"rendered":"Desinfektion"},"content":{"rendered":"<div>Abt\u00f6ten von Erregern \u00fcbertragbarer Krankheiten; ist bei <a href=\"http:\/\/wasserlexikon.de\/trinkwasser\/\">Trinkwasser<\/a> dann zwingend notwendig, wenn <a href=\"http:\/\/wasserlexikon.de\/coli-bakterien\/\">Coli-Bakterien<\/a>, <a href=\"http:\/\/wasserlexikon.de\/fakalstreptokokken\/\">F\u00e4kalstreptokokken<\/a> oder hohe <a href=\"http:\/\/wasserlexikon.de\/koloniezahl\/\">Koloniezahlen<\/a> auftreten. Als <a href=\"http:\/\/wasserlexikon.de\/desinfektion\/\"><a href=\"http:\/\/www.wasser-lexikon.de\/Desinfektion\" class=\"kblinker\" title=\"More about Desinfektion &raquo;\">Desinfektion<\/a><\/a>smittel stehen u. a. Chlordioxid, Chlorgas, Natriumhypochlorit oder <a href=\"http:\/\/wasserlexikon.de\/ozon\/\"><a href=\"http:\/\/www.wasser-lexikon.de\/Ozon\" class=\"kblinker\" title=\"More about Ozon &raquo;\">Ozon<\/a><\/a> zur Verf\u00fcgung. Neben <a href=\"http:\/\/wasserlexikon.de\/chlorung\/\">Chlorung<\/a> ist unter bestimmten Voraussetzungen auch UV-Bestrahlung m\u00f6glich .<\/div>\n<table  class=\" table table-hover\" style=\"width: 90%;\" border=\"0\" cellspacing=\"1\" cellpadding=\"3\">\n<tbody>\n<tr>\n<td><strong><a href=\"http:\/\/wasserlexikon.de\/desinfektion\/\" target=\"_self\">Wasser-Lexikon: Desinfektion<\/a><\/strong><\/td>\n<\/tr>\n<tr>\n<td><strong><a href=\"http:\/\/wasserlexikon.de\/chlor\/\" target=\"_self\">Wasser-Lexikon: Chlor<\/a><\/strong><\/td>\n<\/tr>\n<tr>\n<td><strong><a href=\"http:\/\/wasserlexikon.de\/oxidation\/\" target=\"_self\">Wasser-Lexikon: Oxidation<\/a><\/strong><\/td>\n<\/tr>\n<tr>\n<td><strong><a href=\"http:\/\/wasserlexikon.de\/coli-bakterien\/\" target=\"_self\">Wasser-Lexikon: Coli-Bakterien<\/a><\/strong><\/td>\n<\/tr>\n<tr>\n<td><strong><a href=\"http:\/\/wasserlexikon.de\/absorption\/\" target=\"_self\">Wasser-Lexikon: Absorption<\/a><\/strong><\/td>\n<\/tr>\n<tr>\n<td><strong><a href=\"http:\/\/wasserlexikon.de\/chlorung\/\" target=\"_self\">Wasser-Lexikon: Chlorung<\/a><\/strong><\/td>\n<\/tr>\n<tr>\n<td><strong><a href=\"http:\/\/www.wasser-lexikon.de\/\">Wasser-Lexikon: Glossar<\/a><\/strong><\/td>\n<\/tr>\n<tr>\n<td><strong><a href=\"http:\/\/wasserlexikon.de\/coli-bakterien\/\" target=\"_self\">Wasser-Lexikon: colibakterien<\/a><\/strong><\/td>\n<\/tr>\n<tr>\n<td><strong><a href=\"http:\/\/wasserlexikon.de\/ultraviolette-bestrahlung\/\" target=\"_self\">Wasser-Lexikon: UltravioletteBestrahlung<\/a><\/strong><\/td>\n<\/tr>\n<\/tbody>\n<\/table>\n","protected":false},"excerpt":{"rendered":"<p>Abt\u00f6ten von Erregern \u00fcbertragbarer Krankheiten; ist bei Trinkwasser dann zwingend notwendig, wenn Coli-Bakterien, F\u00e4kalstreptokokken oder hohe Koloniezahlen auftreten. Als Desinfektionsmittel stehen u. a. Chlordioxid, Chlorgas, Natriumhypochlorit oder Ozon zur Verf\u00fcgung. Neben Chlorung ist unter bestimmten Voraussetzungen auch UV-Bestrahlung m\u00f6glich . Wasser-Lexikon: Desinfektion Wasser-Lexikon: Chlor Wasser-Lexikon: Oxidation Wasser-Lexikon: Coli-Bakterien Wasser-Lexikon: Absorption Wasser-Lexikon: Chlorung Wasser-Lexikon: Glossar Wasser-Lexikon: [&hellip;]<\/p>\n","protected":false},"author":1,"featured_media":0,"parent":0,"menu_order":0,"comment_status":"closed","ping_status":"closed","template":"","meta":{"footnotes":""},"tags":[],"class_list":["post-173","page","type-page","status-publish","hentry"],"_links":{"self":[{"href":"\/var\/www\/vhosts\/wasser-lexikon.de\/httpdocs\/wp-json\/wp\/v2\/pages\/173","targetHints":{"allow":["GET"]}}],"collection":[{"href":"\/var\/www\/vhosts\/wasser-lexikon.de\/httpdocs\/wp-json\/wp\/v2\/pages"}],"about":[{"href":"\/var\/www\/vhosts\/wasser-lexikon.de\/httpdocs\/wp-json\/wp\/v2\/types\/page"}],"author":[{"embeddable":true,"href":"\/var\/www\/vhosts\/wasser-lexikon.de\/httpdocs\/wp-json\/wp\/v2\/users\/1"}],"replies":[{"embeddable":true,"href":"\/var\/www\/vhosts\/wasser-lexikon.de\/httpdocs\/wp-json\/wp\/v2\/comments?post=173"}],"version-history":[{"count":1,"href":"\/var\/www\/vhosts\/wasser-lexikon.de\/httpdocs\/wp-json\/wp\/v2\/pages\/173\/revisions"}],"predecessor-version":[{"id":174,"href":"\/var\/www\/vhosts\/wasser-lexikon.de\/httpdocs\/wp-json\/wp\/v2\/pages\/173\/revisions\/174"}],"wp:attachment":[{"href":"\/var\/www\/vhosts\/wasser-lexikon.de\/httpdocs\/wp-json\/wp\/v2\/media?parent=173"}],"wp:term":[{"taxonomy":"post_tag","embeddable":true,"href":"\/var\/www\/vhosts\/wasser-lexikon.de\/httpdocs\/wp-json\/wp\/v2\/tags?post=173"}],"curies":[{"name":"wp","href":"https:\/\/api.w.org\/{rel}","templated":true}]}}