{"id":155,"date":"2010-09-28T14:48:07","date_gmt":"2010-09-28T14:48:07","guid":{"rendered":"http:\/\/localhost\/wasserlexikon\/"},"modified":"2012-08-03T10:56:16","modified_gmt":"2012-08-03T09:56:16","slug":"coli-bakterien","status":"publish","type":"page","link":"\/var\/www\/vhosts\/wasser-lexikon.de\/httpdocs\/coli-bakterien\/","title":{"rendered":"Coli-Bakterien"},"content":{"rendered":"<div>sind <a href=\"http:\/\/wasserlexikon.de\/bakterien\/\">Bakterien<\/a>, die Bestandteil der normalen Darmflora von Mensch und Tier sind.  Ihr Nachweis im <a href=\"http:\/\/wasserlexikon.de\/trinkwasser\/\"><a href=\"http:\/\/www.wasser-lexikon.de\/Trinkwasser\" class=\"kblinker\" title=\"More about Trinkwasser &raquo;\">Trinkwasser<\/a><\/a> ist ein wichtiges Indiz daf\u00fcr, da\u00df eine Verunreinigung mit <a href=\"http:\/\/wasserlexikon.de\/fakalien\/\">F\u00e4kalien<\/a> vorliegt, und eine Verwendung ohne vorherige <a href=\"http:\/\/wasserlexikon.de\/desinfektion\/\"><a href=\"http:\/\/www.wasser-lexikon.de\/Desinfektion\" class=\"kblinker\" title=\"More about Desinfektion &raquo;\">Desinfektion<\/a><\/a> nicht erfolgen darf. Zu unterscheiden sind Escherichia coli, coliforme <a href=\"http:\/\/wasserlexikon.de\/keime\/\"><a href=\"http:\/\/www.wasser-lexikon.de\/Keime\" class=\"kblinker\" title=\"More about Keime &raquo;\">Keime<\/a><\/a> und pathogene <a href=\"http:\/\/www.wasser-lexikon.de\/Coli-Bakterien\" class=\"kblinker\" title=\"More about Coli-Bakterien &raquo;\">Coli-Bakterien<\/a>.<\/div>\n<div>Hier k\u00f6nnen Sie einen Wassertest durchf\u00fchren um Ihr <a href=\"http:\/\/www.wasser-lexikon.de\/Leitungswasser\" class=\"kblinker\" title=\"More about Leitungswasser &raquo;\">Leitungswasser<\/a> auf  <a href=\"http:\/\/www.wasser-lexikon.de\/Bakterien\" class=\"kblinker\" title=\"More about Bakterien &raquo;\">Bakterien<\/a> untersuchen zu lassen. Der Test wird anschlie\u00dfend vom  Fraunhofer-Institut analysiert.<strong> <\/strong><\/div>\n<div><\/div>\n<div><strong>Zum Test <a title=\"Bakterien im Wasser analysieren\" href=\"http:\/\/www.wasser-test.net\/html\/index.aspx?cn=Wasser-Test&amp;view=detail&amp;detail=2&amp;mid=264&amp;cat=264&amp;hl=Bakterien-Test%3A%20Bakterien%20im%20Wasser&amp;page_url=Shop\" target=\"_blank\">Bakterien im Wasser<\/a><\/strong><\/div>\n<div><\/div>\n<div><\/div>\n<table  class=\" table table-hover\" style=\"width: 90%;\" border=\"0\" cellspacing=\"1\" cellpadding=\"3\">\n<tbody>\n<tr>\n<td><strong><a href=\"http:\/\/wasserlexikon.de\/coli-bakterien\/\" target=\"_self\">Wasser-Lexikon: Coli-Bakterien<\/a><\/strong><\/td>\n<\/tr>\n<tr>\n<td><strong><a href=\"http:\/\/wasserlexikon.de\/coli-bakterien\/\" target=\"_self\">Wasser-Lexikon: colibakterien<\/a><\/strong><\/td>\n<\/tr>\n<tr>\n<td><strong><a href=\"http:\/\/wasserlexikon.de\/bakterien\/\" target=\"_self\">Wasser-Lexikon: Bakterien<\/a><\/strong><\/td>\n<\/tr>\n<tr>\n<td><strong><a href=\"http:\/\/wasserlexikon.de\/krankheitserreger\/\" target=\"_self\">Wasser-Lexikon: Krankheitserreger<\/a><\/strong><\/td>\n<\/tr>\n<tr>\n<td><strong><a href=\"http:\/\/wasserlexikon.de\/desinfektion\/\" target=\"_self\">Wasser-Lexikon: Desinfektion<\/a><\/strong><\/td>\n<\/tr>\n<tr>\n<td><strong><a href=\"http:\/\/wasserlexikon.de\/kolibakterien\/\" target=\"_self\">Wasser-Lexikon: Kolibakterien<\/a><\/strong><\/td>\n<\/tr>\n<tr>\n<td><strong><a href=\"http:\/\/www.wasser-lexikon.de\/\">Wasser-Lexikon: Glossar<\/a><\/strong><\/td>\n<\/tr>\n<tr>\n<td><strong><a href=\"http:\/\/www.wasser-lexikon.de\/search.php?key=Escherichiacoli\" target=\"_self\">Wasser-Lexikon: Escherichiacoli<\/a><\/strong><\/td>\n<\/tr>\n<\/tbody>\n<\/table>\n","protected":false},"excerpt":{"rendered":"<p>sind Bakterien, die Bestandteil der normalen Darmflora von Mensch und Tier sind. Ihr Nachweis im Trinkwasser ist ein wichtiges Indiz daf\u00fcr, da\u00df eine Verunreinigung mit F\u00e4kalien vorliegt, und eine Verwendung ohne vorherige Desinfektion nicht erfolgen darf. Zu unterscheiden sind Escherichia coli, coliforme Keime und pathogene Coli-Bakterien. Hier k\u00f6nnen Sie einen Wassertest durchf\u00fchren um Ihr Leitungswasser [&hellip;]<\/p>\n","protected":false},"author":1,"featured_media":0,"parent":0,"menu_order":0,"comment_status":"closed","ping_status":"closed","template":"","meta":{"footnotes":""},"tags":[],"class_list":["post-155","page","type-page","status-publish","hentry"],"_links":{"self":[{"href":"\/var\/www\/vhosts\/wasser-lexikon.de\/httpdocs\/wp-json\/wp\/v2\/pages\/155","targetHints":{"allow":["GET"]}}],"collection":[{"href":"\/var\/www\/vhosts\/wasser-lexikon.de\/httpdocs\/wp-json\/wp\/v2\/pages"}],"about":[{"href":"\/var\/www\/vhosts\/wasser-lexikon.de\/httpdocs\/wp-json\/wp\/v2\/types\/page"}],"author":[{"embeddable":true,"href":"\/var\/www\/vhosts\/wasser-lexikon.de\/httpdocs\/wp-json\/wp\/v2\/users\/1"}],"replies":[{"embeddable":true,"href":"\/var\/www\/vhosts\/wasser-lexikon.de\/httpdocs\/wp-json\/wp\/v2\/comments?post=155"}],"version-history":[{"count":2,"href":"\/var\/www\/vhosts\/wasser-lexikon.de\/httpdocs\/wp-json\/wp\/v2\/pages\/155\/revisions"}],"predecessor-version":[{"id":1292,"href":"\/var\/www\/vhosts\/wasser-lexikon.de\/httpdocs\/wp-json\/wp\/v2\/pages\/155\/revisions\/1292"}],"wp:attachment":[{"href":"\/var\/www\/vhosts\/wasser-lexikon.de\/httpdocs\/wp-json\/wp\/v2\/media?parent=155"}],"wp:term":[{"taxonomy":"post_tag","embeddable":true,"href":"\/var\/www\/vhosts\/wasser-lexikon.de\/httpdocs\/wp-json\/wp\/v2\/tags?post=155"}],"curies":[{"name":"wp","href":"https:\/\/api.w.org\/{rel}","templated":true}]}}