{"id":149,"date":"2010-09-28T14:47:08","date_gmt":"2010-09-28T14:47:08","guid":{"rendered":"http:\/\/localhost\/wasserlexikon\/"},"modified":"2011-11-23T09:59:26","modified_gmt":"2011-11-23T08:59:26","slug":"chlorierte-kohlenwasserstoffe","status":"publish","type":"page","link":"\/var\/www\/vhosts\/wasser-lexikon.de\/httpdocs\/chlorierte-kohlenwasserstoffe\/","title":{"rendered":"Chlorierte Kohlenwasserstoffe"},"content":{"rendered":"<div><b><a href=\"http:\/\/www.wasser-lexikon.de\/Chlorierte-Kohlenwasserstoffe\" class=\"kblinker\" title=\"More about Chlorierte <a href=\"http:\/\/www.wasser-lexikon.de\/Kohlenwasserstoffe\" class=\"kblinker\" title=\"More about Kohlenwasserstoffe &raquo;\">Kohlenwasserstoffe<\/a> &raquo;&#8220;>Chlorierte Kohlenwasserstoffe<\/a><\/b> (Abk\u00fcrzung:<a href=\"http:\/\/wasserlexikon.de\/ckw\/\" title=\"<a href=\"http:\/\/www.wasser-lexikon.de\/CKW\" class=\"kblinker\" title=\"More about CKW &raquo;\">ckw<\/a>&#8222;>CKW<\/a>) (siehe auch Organische Chlorverbindungen) bezeichnet eine Gruppe organisch chemischer Verbindungen, die <a href=\"http:\/\/wasserlexikon.de\/chlor\/\"><a href=\"http:\/\/www.wasser-lexikon.de\/Chlor\" class=\"kblinker\" title=\"More about Chlor &raquo;\">Chlor<\/a><\/a>atome enthalten. Gro\u00dfe Bedeutung haben sie z. B. f\u00fcr die Herstellung von Kunststoffen und L\u00f6sungsmitteln. Manche <a href=\"http:\/\/wasserlexikon.de\/ckw\/\">CKWs<\/a> z\u00e4hlen aber auch wegen ihrer chemischen Stabilit\u00e4t, Fettl\u00f6slichkeit und Giftigkeit zu den sehr gef\u00e4hrlichen Umweltgiften.<\/div>\n<table  class=\" table table-hover\" style=\"width: 90%;\" border=\"0\" cellspacing=\"1\" cellpadding=\"3\">\n<tbody>\n<tr>\n<td><strong><a href=\"http:\/\/wasserlexikon.de\/kohlenwasserstoffe\/\" target=\"_self\">Wasser-Lexikon: Kohlenwasserstoffe<\/a><\/strong><\/td>\n<\/tr>\n<tr>\n<td><strong><a href=\"http:\/\/wasserlexikon.de\/chlorierte-kohlenwasserstoffe\/\" target=\"_self\">Wasser-Lexikon: ChlorierteKohlenwasserstoffe<\/a><\/strong><\/td>\n<\/tr>\n<tr>\n<td><strong><a href=\"http:\/\/wasserlexikon.de\/chlorierte-kohlenwasserstoffe\/\" target=\"_self\">Wasser-Lexikon: chlorierteKohlenwasserstoffe<\/a><\/strong><\/td>\n<\/tr>\n<tr>\n<td><strong><a href=\"http:\/\/wasserlexikon.de\/ckw\/\" target=\"_self\">Wasser-Lexikon: CKW<\/a><\/strong><\/td>\n<\/tr>\n<tr>\n<td><strong><a href=\"http:\/\/www.wasser-lexikon.de\/\">Wasser-Lexikon: Glossar<\/a><\/strong><\/td>\n<\/tr>\n<tr>\n<td><strong><a href=\"http:\/\/wasserlexikon.de\/pflanzenschutzmittel\/\" target=\"_self\">Wasser-Lexikon: Pflanzenschutzmittel<\/a><\/strong><\/td>\n<\/tr>\n<\/tbody>\n<\/table>\n","protected":false},"excerpt":{"rendered":"<p>CKW) (siehe auch Organische Chlorverbindungen) bezeichnet eine Gruppe organisch chemischer Verbindungen, die Chloratome enthalten. Gro\u00dfe Bedeutung haben sie z. B. f\u00fcr die Herstellung von Kunststoffen und L\u00f6sungsmitteln. Manche CKWs z\u00e4hlen aber auch wegen ihrer chemischen Stabilit\u00e4t, Fettl\u00f6slichkeit und Giftigkeit zu den sehr gef\u00e4hrlichen Umweltgiften. Wasser-Lexikon: Kohlenwasserstoffe Wasser-Lexikon: ChlorierteKohlenwasserstoffe Wasser-Lexikon: chlorierteKohlenwasserstoffe Wasser-Lexikon: CKW Wasser-Lexikon: Glossar Wasser-Lexikon: [&hellip;]<\/p>\n","protected":false},"author":1,"featured_media":0,"parent":0,"menu_order":0,"comment_status":"closed","ping_status":"closed","template":"","meta":{"footnotes":""},"tags":[],"class_list":["post-149","page","type-page","status-publish","hentry"],"_links":{"self":[{"href":"\/var\/www\/vhosts\/wasser-lexikon.de\/httpdocs\/wp-json\/wp\/v2\/pages\/149","targetHints":{"allow":["GET"]}}],"collection":[{"href":"\/var\/www\/vhosts\/wasser-lexikon.de\/httpdocs\/wp-json\/wp\/v2\/pages"}],"about":[{"href":"\/var\/www\/vhosts\/wasser-lexikon.de\/httpdocs\/wp-json\/wp\/v2\/types\/page"}],"author":[{"embeddable":true,"href":"\/var\/www\/vhosts\/wasser-lexikon.de\/httpdocs\/wp-json\/wp\/v2\/users\/1"}],"replies":[{"embeddable":true,"href":"\/var\/www\/vhosts\/wasser-lexikon.de\/httpdocs\/wp-json\/wp\/v2\/comments?post=149"}],"version-history":[{"count":3,"href":"\/var\/www\/vhosts\/wasser-lexikon.de\/httpdocs\/wp-json\/wp\/v2\/pages\/149\/revisions"}],"predecessor-version":[{"id":1240,"href":"\/var\/www\/vhosts\/wasser-lexikon.de\/httpdocs\/wp-json\/wp\/v2\/pages\/149\/revisions\/1240"}],"wp:attachment":[{"href":"\/var\/www\/vhosts\/wasser-lexikon.de\/httpdocs\/wp-json\/wp\/v2\/media?parent=149"}],"wp:term":[{"taxonomy":"post_tag","embeddable":true,"href":"\/var\/www\/vhosts\/wasser-lexikon.de\/httpdocs\/wp-json\/wp\/v2\/tags?post=149"}],"curies":[{"name":"wp","href":"https:\/\/api.w.org\/{rel}","templated":true}]}}