{"id":147,"date":"2010-09-28T14:46:51","date_gmt":"2010-09-28T14:46:51","guid":{"rendered":"http:\/\/localhost\/wasserlexikon\/"},"modified":"2010-09-28T14:46:51","modified_gmt":"2010-09-28T14:46:51","slug":"chloride","status":"publish","type":"page","link":"\/var\/www\/vhosts\/wasser-lexikon.de\/httpdocs\/chloride\/","title":{"rendered":"Chloride"},"content":{"rendered":"<div>sind <a href=\"http:\/\/wasserlexikon.de\/salze\/\">Salze<\/a> der Salzs\u00e4ure und z\u00e4hlen zu den <a href=\"http:\/\/wasserlexikon.de\/elektrolyte\/\">Elektrolyten<\/a>. <a href=\"http:\/\/wasserlexikon.de\/chlor\/\"><a href=\"http:\/\/www.wasser-lexikon.de\/Chlor\" class=\"kblinker\" title=\"More about Chlor &raquo;\">Chlor<\/a><\/a>ide k\u00f6nnen auch im <a href=\"http:\/\/wasserlexikon.de\/<a href=\"http:\/\/www.wasser-lexikon.de\/Wasser\" class=\"kblinker\" title=\"More about Wasser &raquo;\">wasser<\/a>\/&#8220;>Wasser<\/a> vorkommen, was eine nat\u00fcrliche Ursache haben kann (Gesteinsauswaschungen, z. B. Sole), was aber auch durch Kontakt mit <a href=\"http:\/\/wasserlexikon.de\/fakalien\/\">F\u00e4kalien<\/a>, Kunstd\u00fcnger oder <a href=\"http:\/\/wasserlexikon.de\/abwasser\/\"><a href=\"http:\/\/www.wasser-lexikon.de\/Abwasser\" class=\"kblinker\" title=\"More about Abwasser &raquo;\">Abwasser<\/a><\/a> m\u00f6glich ist. Ein hoher Chloridgehalt wirkt unter anderem auf Beton und eisenhaltige Metalle zerst\u00f6rend.<\/div>\n<table  class=\" table table-hover\" style=\"width: 90%;\" border=\"0\" cellspacing=\"1\" cellpadding=\"3\">\n<tbody>\n<tr>\n<td><strong><a href=\"http:\/\/wasserlexikon.de\/chloride\/\" target=\"_self\">Wasser-Lexikon: Chloride<\/a><\/strong><\/td>\n<\/tr>\n<tr>\n<td><strong><a href=\"http:\/\/www.wasser-lexikon.de\/\">Wasser-Lexikon: Glossar<\/a><\/strong><\/td>\n<\/tr>\n<\/tbody>\n<\/table>\n","protected":false},"excerpt":{"rendered":"<p>sind Salze der Salzs\u00e4ure und z\u00e4hlen zu den Elektrolyten. Chloride k\u00f6nnen auch im<\/p>\n","protected":false},"author":1,"featured_media":0,"parent":0,"menu_order":0,"comment_status":"closed","ping_status":"closed","template":"","meta":{"footnotes":""},"tags":[],"class_list":["post-147","page","type-page","status-publish","hentry"],"_links":{"self":[{"href":"\/var\/www\/vhosts\/wasser-lexikon.de\/httpdocs\/wp-json\/wp\/v2\/pages\/147","targetHints":{"allow":["GET"]}}],"collection":[{"href":"\/var\/www\/vhosts\/wasser-lexikon.de\/httpdocs\/wp-json\/wp\/v2\/pages"}],"about":[{"href":"\/var\/www\/vhosts\/wasser-lexikon.de\/httpdocs\/wp-json\/wp\/v2\/types\/page"}],"author":[{"embeddable":true,"href":"\/var\/www\/vhosts\/wasser-lexikon.de\/httpdocs\/wp-json\/wp\/v2\/users\/1"}],"replies":[{"embeddable":true,"href":"\/var\/www\/vhosts\/wasser-lexikon.de\/httpdocs\/wp-json\/wp\/v2\/comments?post=147"}],"version-history":[{"count":1,"href":"\/var\/www\/vhosts\/wasser-lexikon.de\/httpdocs\/wp-json\/wp\/v2\/pages\/147\/revisions"}],"predecessor-version":[{"id":148,"href":"\/var\/www\/vhosts\/wasser-lexikon.de\/httpdocs\/wp-json\/wp\/v2\/pages\/147\/revisions\/148"}],"wp:attachment":[{"href":"\/var\/www\/vhosts\/wasser-lexikon.de\/httpdocs\/wp-json\/wp\/v2\/media?parent=147"}],"wp:term":[{"taxonomy":"post_tag","embeddable":true,"href":"\/var\/www\/vhosts\/wasser-lexikon.de\/httpdocs\/wp-json\/wp\/v2\/tags?post=147"}],"curies":[{"name":"wp","href":"https:\/\/api.w.org\/{rel}","templated":true}]}}