{"id":145,"date":"2010-09-28T14:46:33","date_gmt":"2010-09-28T14:46:33","guid":{"rendered":"http:\/\/localhost\/wasserlexikon\/"},"modified":"2010-09-28T14:46:33","modified_gmt":"2010-09-28T14:46:33","slug":"chlor","status":"publish","type":"page","link":"\/var\/www\/vhosts\/wasser-lexikon.de\/httpdocs\/chlor\/","title":{"rendered":"Chlor"},"content":{"rendered":"<div>Gasf\u00f6rmiges, gr\u00fcngelbes, hochgiftiges, \u00e4tzendes Element aus der Gruppe der <a href=\"http:\/\/wasserlexikon.de\/halogene\/\">Halogene<\/a>. Chlorverbindungen (z. B. Chlorkalk) werden unter anderem auch bei der <a href=\"http:\/\/wasserlexikon.de\/entkeimung\/\"><a href=\"http:\/\/www.wasser-lexikon.de\/Entkeimung\" class=\"kblinker\" title=\"More about Entkeimung &raquo;\">Entkeimung<\/a><\/a> (<a href=\"http:\/\/wasserlexikon.de\/desinfektion\/\"><a href=\"http:\/\/www.wasser-lexikon.de\/Desinfektion\" class=\"kblinker\" title=\"More about Desinfektion &raquo;\">Desinfektion<\/a><\/a>) von <a href=\"http:\/\/wasserlexikon.de\/trinkwasser\/\"><a href=\"http:\/\/www.wasser-lexikon.de\/Trinkwasser\" class=\"kblinker\" title=\"More about Trinkwasser &raquo;\">Trinkwasser<\/a><\/a> verwendet .<\/div>\n<table  class=\" table table-hover\" style=\"width: 90%;\" border=\"0\" cellspacing=\"1\" cellpadding=\"3\">\n<tbody>\n<tr>\n<td><strong><a href=\"http:\/\/wasserlexikon.de\/chlor\/\" target=\"_self\">Wasser-Lexikon: Chlor<\/a><\/strong><\/td>\n<\/tr>\n<tr>\n<td><strong><a href=\"http:\/\/wasserlexikon.de\/halogene\/\" target=\"_self\">Wasser-Lexikon: Halogene<\/a><\/strong><\/td>\n<\/tr>\n<tr>\n<td><strong><a href=\"http:\/\/wasserlexikon.de\/oxidation\/\" target=\"_self\">Wasser-Lexikon: Oxidation<\/a><\/strong><\/td>\n<\/tr>\n<tr>\n<td><strong><a href=\"http:\/\/wasserlexikon.de\/chlorung\/\" target=\"_self\">Wasser-Lexikon: Chlorung<\/a><\/strong><\/td>\n<\/tr>\n<tr>\n<td><strong><a href=\"http:\/\/wasserlexikon.de\/entkeimung\/\" target=\"_self\">Wasser-Lexikon: Entkeimung<\/a><\/strong><\/td>\n<\/tr>\n<tr>\n<td><strong><a href=\"http:\/\/wasserlexikon.de\/chlorierte-kohlenwasserstoffe\/\" target=\"_self\">Wasser-Lexikon: ChlorierteKohlenwasserstoffe<\/a><\/strong><\/td>\n<\/tr>\n<tr>\n<td><strong><a href=\"http:\/\/www.wasser-lexikon.de\/\">Wasser-Lexikon: Glossar<\/a><\/strong><\/td>\n<\/tr>\n<tr>\n<td><strong><a href=\"http:\/\/wasserlexikon.de\/eisenchlorid\/\" target=\"_self\">Wasser-Lexikon: Eisenchlorid<\/a><\/strong><\/td>\n<\/tr>\n<tr>\n<td><strong><a href=\"http:\/\/wasserlexikon.de\/chlorierte-kohlenwasserstoffe\/\" target=\"_self\">Wasser-Lexikon: chlorierteKohlenwasserstoffe<\/a><\/strong><\/td>\n<\/tr>\n<tr>\n<td><strong><a href=\"http:\/\/wasserlexikon.de\/chloride\/\" target=\"_self\">Wasser-Lexikon: Chloride<\/a><\/strong><\/td>\n<\/tr>\n<\/tbody>\n<\/table>\n","protected":false},"excerpt":{"rendered":"<p>Gasf\u00f6rmiges, gr\u00fcngelbes, hochgiftiges, \u00e4tzendes Element aus der Gruppe der Halogene. Chlorverbindungen (z. B. Chlorkalk) werden unter anderem auch bei der Entkeimung (Desinfektion) von Trinkwasser verwendet . Wasser-Lexikon: Chlor Wasser-Lexikon: Halogene Wasser-Lexikon: Oxidation Wasser-Lexikon: Chlorung Wasser-Lexikon: Entkeimung Wasser-Lexikon: ChlorierteKohlenwasserstoffe Wasser-Lexikon: Glossar Wasser-Lexikon: Eisenchlorid Wasser-Lexikon: chlorierteKohlenwasserstoffe Wasser-Lexikon: Chloride<\/p>\n","protected":false},"author":1,"featured_media":0,"parent":0,"menu_order":0,"comment_status":"closed","ping_status":"closed","template":"","meta":{"footnotes":""},"tags":[],"class_list":["post-145","page","type-page","status-publish","hentry"],"_links":{"self":[{"href":"\/var\/www\/vhosts\/wasser-lexikon.de\/httpdocs\/wp-json\/wp\/v2\/pages\/145","targetHints":{"allow":["GET"]}}],"collection":[{"href":"\/var\/www\/vhosts\/wasser-lexikon.de\/httpdocs\/wp-json\/wp\/v2\/pages"}],"about":[{"href":"\/var\/www\/vhosts\/wasser-lexikon.de\/httpdocs\/wp-json\/wp\/v2\/types\/page"}],"author":[{"embeddable":true,"href":"\/var\/www\/vhosts\/wasser-lexikon.de\/httpdocs\/wp-json\/wp\/v2\/users\/1"}],"replies":[{"embeddable":true,"href":"\/var\/www\/vhosts\/wasser-lexikon.de\/httpdocs\/wp-json\/wp\/v2\/comments?post=145"}],"version-history":[{"count":1,"href":"\/var\/www\/vhosts\/wasser-lexikon.de\/httpdocs\/wp-json\/wp\/v2\/pages\/145\/revisions"}],"predecessor-version":[{"id":146,"href":"\/var\/www\/vhosts\/wasser-lexikon.de\/httpdocs\/wp-json\/wp\/v2\/pages\/145\/revisions\/146"}],"wp:attachment":[{"href":"\/var\/www\/vhosts\/wasser-lexikon.de\/httpdocs\/wp-json\/wp\/v2\/media?parent=145"}],"wp:term":[{"taxonomy":"post_tag","embeddable":true,"href":"\/var\/www\/vhosts\/wasser-lexikon.de\/httpdocs\/wp-json\/wp\/v2\/tags?post=145"}],"curies":[{"name":"wp","href":"https:\/\/api.w.org\/{rel}","templated":true}]}}