{"id":140,"date":"2010-09-28T14:43:54","date_gmt":"2010-09-28T14:43:54","guid":{"rendered":"http:\/\/localhost\/wasserlexikon\/"},"modified":"2010-09-28T14:43:54","modified_gmt":"2010-09-28T14:43:54","slug":"carbonate","status":"publish","type":"page","link":"\/var\/www\/vhosts\/wasser-lexikon.de\/httpdocs\/carbonate\/","title":{"rendered":"Carbonate"},"content":{"rendered":"<div>sind die in der Natur h\u00e4ufig vorkommenden <a href=\"http:\/\/wasserlexikon.de\/salze\/\">Salze<\/a> der <a href=\"http:\/\/wasserlexikon.de\/kohlensaure\/\">Kohlens\u00e4ure<\/a>.<\/div>\n<table  class=\" table table-hover\" style=\"width: 90%;\" border=\"0\" cellspacing=\"1\" cellpadding=\"3\">\n<tbody>\n<tr>\n<td><strong><a href=\"http:\/\/wasserlexikon.de\/carbonate\/\" target=\"_self\">Wasser-Lexikon: Carbonate<\/a><\/strong><\/td>\n<\/tr>\n<tr>\n<td><strong><a href=\"http:\/\/wasserlexikon.de\/kohlensaure\/\" target=\"_self\">Wasser-Lexikon: Kohlens\u00e4ure<\/a><\/strong><\/td>\n<\/tr>\n<tr>\n<td><strong><a href=\"http:\/\/www.wasser-lexikon.de\/\">Wasser-Lexikon: Glossar<\/a><\/strong><\/td>\n<\/tr>\n<\/tbody>\n<\/table>\n","protected":false},"excerpt":{"rendered":"<p>sind die in der Natur h\u00e4ufig vorkommenden Salze der Kohlens\u00e4ure. Wasser-Lexikon: Carbonate Wasser-Lexikon: Kohlens\u00e4ure Wasser-Lexikon: Glossar<\/p>\n","protected":false},"author":1,"featured_media":0,"parent":0,"menu_order":0,"comment_status":"closed","ping_status":"closed","template":"","meta":{"footnotes":""},"tags":[],"class_list":["post-140","page","type-page","status-publish","hentry"],"_links":{"self":[{"href":"\/var\/www\/vhosts\/wasser-lexikon.de\/httpdocs\/wp-json\/wp\/v2\/pages\/140","targetHints":{"allow":["GET"]}}],"collection":[{"href":"\/var\/www\/vhosts\/wasser-lexikon.de\/httpdocs\/wp-json\/wp\/v2\/pages"}],"about":[{"href":"\/var\/www\/vhosts\/wasser-lexikon.de\/httpdocs\/wp-json\/wp\/v2\/types\/page"}],"author":[{"embeddable":true,"href":"\/var\/www\/vhosts\/wasser-lexikon.de\/httpdocs\/wp-json\/wp\/v2\/users\/1"}],"replies":[{"embeddable":true,"href":"\/var\/www\/vhosts\/wasser-lexikon.de\/httpdocs\/wp-json\/wp\/v2\/comments?post=140"}],"version-history":[{"count":1,"href":"\/var\/www\/vhosts\/wasser-lexikon.de\/httpdocs\/wp-json\/wp\/v2\/pages\/140\/revisions"}],"predecessor-version":[{"id":141,"href":"\/var\/www\/vhosts\/wasser-lexikon.de\/httpdocs\/wp-json\/wp\/v2\/pages\/140\/revisions\/141"}],"wp:attachment":[{"href":"\/var\/www\/vhosts\/wasser-lexikon.de\/httpdocs\/wp-json\/wp\/v2\/media?parent=140"}],"wp:term":[{"taxonomy":"post_tag","embeddable":true,"href":"\/var\/www\/vhosts\/wasser-lexikon.de\/httpdocs\/wp-json\/wp\/v2\/tags?post=140"}],"curies":[{"name":"wp","href":"https:\/\/api.w.org\/{rel}","templated":true}]}}