{"id":1259,"date":"2011-12-14T16:47:23","date_gmt":"2011-12-14T15:47:23","guid":{"rendered":"http:\/\/www.wasser-lexikon.de\/?page_id=1259"},"modified":"2011-12-14T17:50:17","modified_gmt":"2011-12-14T16:50:17","slug":"biomineralwasser","status":"publish","type":"page","link":"\/var\/www\/vhosts\/wasser-lexikon.de\/httpdocs\/biomineralwasser\/","title":{"rendered":"Biomineralwasser Kriterien"},"content":{"rendered":"<p>Biomineralwasser darf so nur genannt werden, wenn es die folgenden Kriterien erf\u00fcllt:<\/p>\n<p>Zun\u00e4chst sind die gesetzlichen Vorgaben fu\u0308r \u201eNatu\u0308rliches Mineralwasser\u201c stets auch bei Biomineralwasser einzuhalten, wie z.B. die vom Gesetzt vorgeschriebenen <a href=\"http:\/\/www.wasser-lexikon.de\/Grenzwerte\" class=\"kblinker\" title=\"More about Grenzwerte &raquo;\">Grenzwerte<\/a> fu\u0308r Antimon, <a href=\"http:\/\/www.wasser-lexikon.de\/Barium\" class=\"kblinker\" title=\"More about Barium &raquo;\">Barium<\/a>, <a href=\"http:\/\/www.wasser-lexikon.de\/Blei\" class=\"kblinker\" title=\"More about Blei &raquo;\">Blei<\/a>, <a href=\"http:\/\/www.wasser-lexikon.de\/Cadmium\" class=\"kblinker\" title=\"More about Cadmium &raquo;\">Cadmium<\/a>, <a href=\"http:\/\/www.wasser-lexikon.de\/Chrom\" class=\"kblinker\" title=\"More about Chrom &raquo;\">Chrom<\/a>, <a href=\"http:\/\/www.wasser-lexikon.de\/Nickel\" class=\"kblinker\" title=\"More about Nickel &raquo;\">Nickel<\/a>, <a href=\"http:\/\/www.wasser-lexikon.de\/Quecksilber\" class=\"kblinker\" title=\"More about Quecksilber &raquo;\">Quecksilber<\/a> und Selen. Diese sind fu\u0308r Biomineralwasser ebenfalls aussreichen, gem\u00e4\u00df der Qualit\u00e4tsgemeinschaft f\u00fcr Biomineralwasser. <\/p>\n<p>Die  Kriterien der Qualit\u00e4tsgemeinschaft gehen u\u0308ber die gesetzlichen Vorschriften hinaus. Der  Kriterienkatalog teilt die Kriterien in unbedingt einzuhalten- de \u201emajor must\u201c &#8211; Kriterien und in einige \u201eminor must\u201c &#8211; Kriterien ein, von denen mindestens 50% fu\u0308r eine Biozertifizierung einzuhalten sind.<\/p>\n<p>Unter www.bio-mineralwasser.de kann der gesamte Katalog abgerufen werden.<\/p>\n","protected":false},"excerpt":{"rendered":"<p>Biomineralwasser darf so nur genannt werden, wenn es die folgenden Kriterien erf\u00fcllt: Zun\u00e4chst sind die gesetzlichen Vorgaben fu\u0308r \u201eNatu\u0308rliches Mineralwasser\u201c stets auch bei Biomineralwasser einzuhalten, wie z.B. die vom Gesetzt vorgeschriebenen Grenzwerte fu\u0308r Antimon, Barium, Blei, Cadmium, Chrom, Nickel, Quecksilber und Selen. Diese sind fu\u0308r Biomineralwasser ebenfalls aussreichen, gem\u00e4\u00df der Qualit\u00e4tsgemeinschaft f\u00fcr Biomineralwasser. Die Kriterien [&hellip;]<\/p>\n","protected":false},"author":1,"featured_media":0,"parent":0,"menu_order":0,"comment_status":"closed","ping_status":"closed","template":"","meta":{"footnotes":""},"tags":[148,3],"class_list":["post-1259","page","type-page","status-publish","hentry","tag-biomineralwasser","tag-wasser"],"_links":{"self":[{"href":"\/var\/www\/vhosts\/wasser-lexikon.de\/httpdocs\/wp-json\/wp\/v2\/pages\/1259","targetHints":{"allow":["GET"]}}],"collection":[{"href":"\/var\/www\/vhosts\/wasser-lexikon.de\/httpdocs\/wp-json\/wp\/v2\/pages"}],"about":[{"href":"\/var\/www\/vhosts\/wasser-lexikon.de\/httpdocs\/wp-json\/wp\/v2\/types\/page"}],"author":[{"embeddable":true,"href":"\/var\/www\/vhosts\/wasser-lexikon.de\/httpdocs\/wp-json\/wp\/v2\/users\/1"}],"replies":[{"embeddable":true,"href":"\/var\/www\/vhosts\/wasser-lexikon.de\/httpdocs\/wp-json\/wp\/v2\/comments?post=1259"}],"version-history":[{"count":3,"href":"\/var\/www\/vhosts\/wasser-lexikon.de\/httpdocs\/wp-json\/wp\/v2\/pages\/1259\/revisions"}],"predecessor-version":[{"id":1262,"href":"\/var\/www\/vhosts\/wasser-lexikon.de\/httpdocs\/wp-json\/wp\/v2\/pages\/1259\/revisions\/1262"}],"wp:attachment":[{"href":"\/var\/www\/vhosts\/wasser-lexikon.de\/httpdocs\/wp-json\/wp\/v2\/media?parent=1259"}],"wp:term":[{"taxonomy":"post_tag","embeddable":true,"href":"\/var\/www\/vhosts\/wasser-lexikon.de\/httpdocs\/wp-json\/wp\/v2\/tags?post=1259"}],"curies":[{"name":"wp","href":"https:\/\/api.w.org\/{rel}","templated":true}]}}