{"id":124,"date":"2010-09-28T14:40:54","date_gmt":"2010-09-28T14:40:54","guid":{"rendered":"http:\/\/localhost\/wasserlexikon\/"},"modified":"2010-09-28T14:40:54","modified_gmt":"2010-09-28T14:40:54","slug":"brunnen","status":"publish","type":"page","link":"\/var\/www\/vhosts\/wasser-lexikon.de\/httpdocs\/brunnen\/","title":{"rendered":"Brunnen"},"content":{"rendered":"<div>ist eine technische Anlage, um <a href=\"http:\/\/wasserlexikon.de\/grundwasser\/\">Grundwasser<\/a> und Uferfiltrat zu gewinnen. Unterschieden werden <a href=\"http:\/\/wasserlexikon.de\/brunnen\/\"><a href=\"http:\/\/www.wasser-lexikon.de\/Brunnen\" class=\"kblinker\" title=\"More about Brunnen &raquo;\">Brunnen<\/a><\/a> nach ihrer Herstellungsart: vertikal oder horizontal. Ein  Vertikalbrunnen besteht aus einem senkrechten Rohr, das nur im Bereich  einer wasserf\u00fchrenden Schicht gelocht und mit Kies umh\u00fcllt ist. Der  Horizontalbrunnen hingegen besteht aus einem bis zur wasserf\u00fchrenden  Schicht reichenden geschlossenem Rohr oder Schacht, an dessen Ende  horizontal verlegte gelochte Filterrohre das <a href=\"http:\/\/wasserlexikon.de\/<a href=\"http:\/\/www.wasser-lexikon.de\/Wasser\" class=\"kblinker\" title=\"More about Wasser &raquo;\">wasser<\/a>\/&#8220;>Wasser<\/a> &#8222;sammeln&#8220;.<\/div>\n<table  class=\" table table-hover\" style=\"width: 90%;\" border=\"0\" cellspacing=\"1\" cellpadding=\"3\">\n<tbody>\n<tr>\n<td><strong><a href=\"http:\/\/wasserlexikon.de\/brunnen\/\" target=\"_self\">Wasser-Lexikon: Brunnen<\/a><\/strong><\/td>\n<\/tr>\n<tr>\n<td><strong><a href=\"http:\/\/wasserlexikon.de\/fassungsbereich\/\" target=\"_self\">Wasser-Lexikon: Fassungsbereich<\/a><\/strong><\/td>\n<\/tr>\n<tr>\n<td><strong><a href=\"http:\/\/www.wasser-lexikon.de\/\">Wasser-Lexikon: Glossar<\/a><\/strong><\/td>\n<\/tr>\n<tr>\n<td><strong><a href=\"http:\/\/wasserlexikon.de\/wassereinzugsgebiet\/\" target=\"_self\">Wasser-Lexikon: Wassereinzugsgebiet<\/a><\/strong><\/td>\n<\/tr>\n<tr>\n<td><strong><a href=\"http:\/\/wasserlexikon.de\/schluckbrunnen\/\" target=\"_self\">Wasser-Lexikon: Schluckbrunnen<\/a><\/strong><\/td>\n<\/tr>\n<tr>\n<td><strong><a href=\"http:\/\/wasserlexikon.de\/verockerung\/\" target=\"_self\">Wasser-Lexikon: Verockerung<\/a><\/strong><\/td>\n<\/tr>\n<tr>\n<td><strong><a href=\"http:\/\/wasserlexikon.de\/uferfiltration\/\" target=\"_self\">Wasser-Lexikon: Uferfiltration<\/a><\/strong><\/td>\n<\/tr>\n<\/tbody>\n<\/table>\n","protected":false},"excerpt":{"rendered":"<p>ist eine technische Anlage, um Grundwasser und Uferfiltrat zu gewinnen. Unterschieden werden Brunnen nach ihrer Herstellungsart: vertikal oder horizontal. Ein Vertikalbrunnen besteht aus einem senkrechten Rohr, das nur im Bereich einer wasserf\u00fchrenden Schicht gelocht und mit Kies umh\u00fcllt ist. Der Horizontalbrunnen hingegen besteht aus einem bis zur wasserf\u00fchrenden Schicht reichenden geschlossenem Rohr oder Schacht, an [&hellip;]<\/p>\n","protected":false},"author":1,"featured_media":0,"parent":0,"menu_order":0,"comment_status":"closed","ping_status":"closed","template":"","meta":{"footnotes":""},"tags":[],"class_list":["post-124","page","type-page","status-publish","hentry"],"_links":{"self":[{"href":"\/var\/www\/vhosts\/wasser-lexikon.de\/httpdocs\/wp-json\/wp\/v2\/pages\/124","targetHints":{"allow":["GET"]}}],"collection":[{"href":"\/var\/www\/vhosts\/wasser-lexikon.de\/httpdocs\/wp-json\/wp\/v2\/pages"}],"about":[{"href":"\/var\/www\/vhosts\/wasser-lexikon.de\/httpdocs\/wp-json\/wp\/v2\/types\/page"}],"author":[{"embeddable":true,"href":"\/var\/www\/vhosts\/wasser-lexikon.de\/httpdocs\/wp-json\/wp\/v2\/users\/1"}],"replies":[{"embeddable":true,"href":"\/var\/www\/vhosts\/wasser-lexikon.de\/httpdocs\/wp-json\/wp\/v2\/comments?post=124"}],"version-history":[{"count":1,"href":"\/var\/www\/vhosts\/wasser-lexikon.de\/httpdocs\/wp-json\/wp\/v2\/pages\/124\/revisions"}],"predecessor-version":[{"id":125,"href":"\/var\/www\/vhosts\/wasser-lexikon.de\/httpdocs\/wp-json\/wp\/v2\/pages\/124\/revisions\/125"}],"wp:attachment":[{"href":"\/var\/www\/vhosts\/wasser-lexikon.de\/httpdocs\/wp-json\/wp\/v2\/media?parent=124"}],"wp:term":[{"taxonomy":"post_tag","embeddable":true,"href":"\/var\/www\/vhosts\/wasser-lexikon.de\/httpdocs\/wp-json\/wp\/v2\/tags?post=124"}],"curies":[{"name":"wp","href":"https:\/\/api.w.org\/{rel}","templated":true}]}}