{"id":1208,"date":"2011-11-08T16:04:49","date_gmt":"2011-11-08T14:04:49","guid":{"rendered":"http:\/\/www.wasser-lexikon.de\/?page_id=1208"},"modified":"2012-08-03T11:16:00","modified_gmt":"2012-08-03T10:16:00","slug":"wasser-test","status":"publish","type":"page","link":"\/var\/www\/vhosts\/wasser-lexikon.de\/httpdocs\/wasser-test\/","title":{"rendered":"Wasser Test"},"content":{"rendered":"<h1>Wassertest<\/h1>\n<p>oder auch<\/p>\n<h1>Wasser Test<\/h1>\n<p>ist die Durchf\u00fchrung einer Untersuchung des Wassers nach bestimmten Parametern. Bei einem <strong>Wassertest<\/strong> k\u00f6nnen s\u00e4mtliche messbare Gr\u00f6\u00dfen untersucht werden, dazu z\u00e4hlen der Wasser Test nach physikalischen, chemischen und biologischen Parametern einschlie\u00dflich <a href=\"http:\/\/www.wasser-lexikon.de\/Geruch\" class=\"kblinker\" title=\"More about Geruch &raquo;\">Geruch<\/a>, Geschmack, Tr\u00fcbung und <a href=\"http:\/\/www.wasser-lexikon.de\/Farbung\" class=\"kblinker\" title=\"More about F\u00e4rbung &raquo;\">F\u00e4rbung<\/a> (die organoleptischen Parameter, welche sensorisch beurteilt werden).<\/p>\n<h2>Wichtige Werte bei einem Wassertest sind:<\/h2>\n<p>Chlorid, Sulfat, Nitrat, Nitrit, <a href=\"http:\/\/www.wasser-lexikon.de\/Ammonium\" class=\"kblinker\" title=\"More about Ammonium &raquo;\">Ammonium<\/a>,  pH-Wert,  Sauerstoffgehalt, elektrischen Leitf\u00e4higkeit, Phosphatgehalt und die Wasserh\u00e4rte sowie die organischen Belastung des Wassers, also der TOC (gesamte organische <a href=\"http:\/\/www.wasser-lexikon.de\/Kohlenstoff\" class=\"kblinker\" title=\"More about Kohlenstoff &raquo;\">Kohlenstoff<\/a>  in englisch: total organic carbon), der chemische und biologische Sauerstoffbedarf.<\/p>\n<p>Standardm\u00e4\u00dfig bieten <a href=\"http:\/\/www.wasser-test.net\/html\/index.aspx?page_url=Shop&amp;cn=Wasser-Test&amp;cat=264&amp;mid=264\">Wasser Test Anbieter<\/a> wie zum Beispiel das Fraunhofer-Institut folgende relevante chemisch\/physikalische Qualit\u00e4tskriterien entsprechend der <a href=\"http:\/\/www.wasser-lexikon.de\/Trinkwasserverordnung\" class=\"kblinker\" title=\"More about Trinkwasserverordnung &raquo;\">Trinkwasserverordnung<\/a> an:<\/p>\n<p>Geruch, F\u00e4rbung\/Aussehen, Gesamth\u00e4rte, <a href=\"http:\/\/www.wasser-lexikon.de\/Calcium\" class=\"kblinker\" title=\"More about Calcium &raquo;\">Calcium<\/a>, Magnesium, Kalium, Natrium, Chlorid, Nitrat, Sulfat, Fluorid, Phosphat, Hydrogencarbonat, <a href=\"http:\/\/www.wasser-lexikon.de\/Aluminium\" class=\"kblinker\" title=\"More about Aluminium &raquo;\">Aluminium<\/a>, Eisen, Mangan, Kupfer, Zink, <a href=\"http:\/\/www.wasser-lexikon.de\/Blei\" class=\"kblinker\" title=\"More about Blei &raquo;\">Blei<\/a>, Lithium, Molybd\u00e4n, <a href=\"http:\/\/www.wasser-lexikon.de\/Cadmium\" class=\"kblinker\" title=\"More about Cadmium &raquo;\">Cadmium<\/a>, <a href=\"http:\/\/www.wasser-lexikon.de\/Chrom\" class=\"kblinker\" title=\"More about Chrom &raquo;\">Chrom<\/a> und Nickel sowie pH-Wert und <a href=\"http:\/\/www.wasser-lexikon.de\/Leitfahigkeit\" class=\"kblinker\" title=\"More about Leitf\u00e4higkeit &raquo;\">Leitf\u00e4higkeit<\/a>.<\/p>\n<p>Ein Wassertest der Bakteriologie dient zur Pr\u00fcfung der hygienischen Qualit\u00e4t des Wassers aus Hausbrunnen, Quellen und dem Hausleitungsnetz. Bei diesem Wasser Test werden oft die mikrobiologischen Parameter aus der Trinkwasserverordnung untersucht:<\/p>\n<p>Geruch, F\u00e4rbung, KBE 22, KBE 37, coliforme <a href=\"http:\/\/www.wasser-lexikon.de\/Bakterien\" class=\"kblinker\" title=\"More about Bakterien &raquo;\">Bakterien<\/a>, <a href=\"http:\/\/www.wasser-lexikon.de\/Escherichia-coli\" class=\"kblinker\" title=\"More about Escherichia coli &raquo;\">Escherichia coli<\/a>, Enterokokken und Pseudomonas aeruginosa.<\/p>\n<p>Zudem gibt es noch zweckgebundene Testen wie beispielsweise f\u00fcr Babywasser oder Legionellenvorkommen oder bei Verdacht Wassertest zu einzelnen Werten.<\/p>\n<p>Babywasser: Gesamth\u00e4rte, Calcium, <a href=\"http:\/\/www.wasser-lexikon.de\/Magnesium\" class=\"kblinker\" title=\"More about Magnesium &raquo;\">Magnesium<\/a>, Chlorid, Nitrat, Sulfat, Flourid, <a href=\"http:\/\/www.wasser-lexikon.de\/Kupfer\" class=\"kblinker\" title=\"More about Kupfer &raquo;\">Kupfer<\/a>, Blei<\/p>\n<p>Legionellenvorkommen: Der <strong>Wassertest<\/strong> umfasst die Anwesenheit und Anzahl von <a href=\"http:\/\/www.wasser-lexikon.de\/Legionellen\" class=\"kblinker\" title=\"More about Legionellen &raquo;\">Legionellen<\/a> (gesamte Gattung Legionella). Werden bei der Wasser Test Legionellen nachgewiesen, erfolgt eine weitere Bestimmung der Legionellenarten.<\/p>\n<p>Bei einzelnen Werten eines Wassertest werden beim <a href=\"http:\/\/www.wasser-lexikon.de\/Trinkwasser\" class=\"kblinker\" title=\"More about Trinkwasser &raquo;\">Trinkwasser<\/a> oft die folgenden Werte untersucht:<br \/>Uran, <a href=\"http:\/\/www.wasser-lexikon.de\/Arsen\" class=\"kblinker\" title=\"More about Arsen &raquo;\">Arsen<\/a>, Antimon, <a href=\"http:\/\/www.wasser-lexikon.de\/Cyanid\" class=\"kblinker\" title=\"More about Cyanid &raquo;\">Cyanid<\/a>, Quecksilber, Zinn, <a href=\"http:\/\/www.wasser-lexikon.de\/Pestizide\" class=\"kblinker\" title=\"More about Pestizide &raquo;\">Pestizide<\/a><\/p>\n<p>Ebenso bieten viele Wassertest-Unternehmen eine <strong>Wasser Test gem\u00e4\u00df Trinkwasserverordnung<\/strong> als Volluntersuchung an.<\/p>\n<p>Hier k\u00f6nnen Sie verschiedene <a title=\"Wasser Tests bestellen\" href=\"http:\/\/www.wasser-test.net\/html\/index.aspx?page_url=Shop&amp;cn=Wasser-Test&amp;cat=264&amp;mid=264\" target=\"_blank\"><strong>Wasser-Tests online bestellen &gt;&gt;<\/strong><\/a><\/p>\n<table  class=\" table table-hover\" style=\"width: 90%;\" border=\"0\" cellspacing=\"1\" cellpadding=\"3\">\n<tbody>\n<tr>\n<td><strong><a href=\"https:\/\/wasser-lexikon.de\/wasseruntersuchungen\/\" target=\"_self\">Wasser-Lexikon: Wasseruntersuchungen<\/a><\/strong><\/td>\n<\/tr>\n<tr>\n<td><strong><a href=\"http:\/\/www.wasser-lexikon.de\/Wasseranalyse\/\" target=\"_self\">Wasser-Lexikon: Wasseranalyse<\/a><\/strong><\/td>\n<\/tr>\n<tr>\n<td><strong><a href=\"https:\/\/wasser-lexikon.de\/trinkwasserverordnung\/\" target=\"_self\">Wasser-Lexikon: Trinkwasserverordnung<\/a><\/strong><\/td>\n<\/tr>\n<tr>\n<td><strong><a href=\"http:\/\/www.wasser-lexikon.de\/\">Wasser-Lexikon: Glossar<\/a><\/strong><\/td>\n<\/tr>\n<\/tbody>\n<\/table>\n","protected":false},"excerpt":{"rendered":"<p>Wassertest oder auch Wasser Test ist die Durchf\u00fchrung einer Untersuchung des Wassers nach bestimmten Parametern. Bei einem Wassertest k\u00f6nnen s\u00e4mtliche messbare Gr\u00f6\u00dfen untersucht werden, dazu z\u00e4hlen der Wasser Test nach physikalischen, chemischen und biologischen Parametern einschlie\u00dflich Geruch, Geschmack, Tr\u00fcbung und F\u00e4rbung (die organoleptischen Parameter, welche sensorisch beurteilt werden). Wichtige Werte bei einem Wassertest sind: Chlorid, [&hellip;]<\/p>\n","protected":false},"author":1,"featured_media":0,"parent":0,"menu_order":0,"comment_status":"closed","ping_status":"closed","template":"","meta":{"footnotes":""},"tags":[110,146,127,125,32,144,133,102,117,93,111,94,47,31,24,45,34,96,140,95,103,40,131,52,49,115,107,23,54,44,123,70,116,109,108],"class_list":["post-1208","page","type-page","status-publish","hentry","tag-bestes-wasser","tag-cristaline-wasser-test","tag-jbl-wassertest","tag-leitungswasser-test","tag-leitungswasser-testen","tag-leitungswasser-testen-lassen","tag-quellwasser-test","tag-stiftung-warentest-wasser","tag-stilles-wasser-test","tag-test-stiftung","tag-test-trinkwasser","tag-test-wasser","tag-trinkwasser-test","tag-trinkwasser-testen","tag-trinkwasseranalyse","tag-trinkwassertest","tag-trinkwasseruntersuchung","tag-wasser-check","tag-wasser-durchlauferhitzer-test","tag-wasser-im-test","tag-wasser-stiftung-warentest","tag-wasser-test","tag-wasser-test-set","tag-wasser-testen","tag-wasser-testen-lassen","tag-wasser-tester","tag-wasser-wasser-warmepumpe-test","tag-wasseranalyse","tag-wasserqualitat-testen","tag-wassertest","tag-wassertest-aquarium","tag-wassertest-trinkwasser","tag-wassertester","tag-wassertests","tag-welches-wasser-ist-gesund"],"_links":{"self":[{"href":"\/var\/www\/vhosts\/wasser-lexikon.de\/httpdocs\/wp-json\/wp\/v2\/pages\/1208","targetHints":{"allow":["GET"]}}],"collection":[{"href":"\/var\/www\/vhosts\/wasser-lexikon.de\/httpdocs\/wp-json\/wp\/v2\/pages"}],"about":[{"href":"\/var\/www\/vhosts\/wasser-lexikon.de\/httpdocs\/wp-json\/wp\/v2\/types\/page"}],"author":[{"embeddable":true,"href":"\/var\/www\/vhosts\/wasser-lexikon.de\/httpdocs\/wp-json\/wp\/v2\/users\/1"}],"replies":[{"embeddable":true,"href":"\/var\/www\/vhosts\/wasser-lexikon.de\/httpdocs\/wp-json\/wp\/v2\/comments?post=1208"}],"version-history":[{"count":9,"href":"\/var\/www\/vhosts\/wasser-lexikon.de\/httpdocs\/wp-json\/wp\/v2\/pages\/1208\/revisions"}],"predecessor-version":[{"id":1220,"href":"\/var\/www\/vhosts\/wasser-lexikon.de\/httpdocs\/wp-json\/wp\/v2\/pages\/1208\/revisions\/1220"}],"wp:attachment":[{"href":"\/var\/www\/vhosts\/wasser-lexikon.de\/httpdocs\/wp-json\/wp\/v2\/media?parent=1208"}],"wp:term":[{"taxonomy":"post_tag","embeddable":true,"href":"\/var\/www\/vhosts\/wasser-lexikon.de\/httpdocs\/wp-json\/wp\/v2\/tags?post=1208"}],"curies":[{"name":"wp","href":"https:\/\/api.w.org\/{rel}","templated":true}]}}