{"id":1197,"date":"2011-11-08T14:48:21","date_gmt":"2011-11-08T12:48:21","guid":{"rendered":"http:\/\/www.wasser-lexikon.de\/?page_id=1197"},"modified":"2012-05-09T06:39:37","modified_gmt":"2012-05-09T05:39:37","slug":"wasser-analyse","status":"publish","type":"page","link":"\/var\/www\/vhosts\/wasser-lexikon.de\/httpdocs\/wasser-analyse\/","title":{"rendered":"Wasser Analyse"},"content":{"rendered":"<p>Unter dem Begriff <a title=\"Wasser-Analyse\" href=\"http:\/\/www.wasser-test.net\/html\/index.aspx?cn=Wasser-Test&amp;view=detail&amp;detail=1&amp;mid=264&amp;cat=264&amp;hl=Wasser-Test%20Chemisch%20und%20Physikalisch&amp;page_url=Shop\" target=\"_blank\"><strong>Wasseranalyse<\/strong><\/a> versteht man die Durchf\u00fchrung einer Wasser-Untersuchung nach festgelegten Parametern.   Bei einer Wasseranalyse k\u00f6nnen dadurch s\u00e4mtliche messbare Gr\u00f6\u00dfen untersucht und beurteilt werden. Zu den entsprechenden Untersuchungsergebnissen einer Wasser-Analyse z\u00e4hlen die physikalischen, chemischen und biologischen Parameter. Zus\u00e4tzlich werden aber auch Geruch, Geschmack, Tr\u00fcbung und <a href=\"http:\/\/www.wasser-lexikon.de\/Farbung\" class=\"kblinker\" title=\"More about F\u00e4rbung &raquo;\">F\u00e4rbung<\/a> des Wassers (die sogenannten organoleptischen Parameter, welche sensorisch beurteilt werden).<\/p>\n<h2>Wichtige Werte bei einer Wasseranalyse sind:<\/h2>\n<p>Folgende Werte werden \u00fcblicherweise bei einer Wasseranalyse gemessen:<\/p>\n<ul>\n<li>Nitrat, <\/li>\n<li>Nitrit, <\/li>\n<li>Chlorid, <\/li>\n<li>Sulfat, <\/li>\n<li><a href=\"http:\/\/www.wasser-lexikon.de\/Ammonium\" class=\"kblinker\" title=\"More about Ammonium &raquo;\">Ammonium<\/a>, <\/li>\n<li><a href=\"http:\/\/www.wasser-lexikon.de\/pH-Wert\" class=\"kblinker\" title=\"More about pH-Wert &raquo;\">pH-Wert<\/a>, <\/li>\n<li><a href=\"http:\/\/www.wasser-lexikon.de\/Sauerstoffgehalt\" class=\"kblinker\" title=\"More about Sauerstoffgehalt &raquo;\">Sauerstoffgehalt<\/a>, <\/li>\n<li>elektrischen <a href=\"http:\/\/www.wasser-lexikon.de\/Leitfahigkeit\" class=\"kblinker\" title=\"More about Leitf\u00e4higkeit &raquo;\">Leitf\u00e4higkeit<\/a>, <\/li>\n<li>Phosphatgehalt, <\/li>\n<li>die <a href=\"http:\/\/www.wasser-lexikon.de\/Wasserharte\" class=\"kblinker\" title=\"More about Wasserh\u00e4rte &raquo;\">Wasserh\u00e4rte<\/a>,<\/li>\n<li>die organischen Belastung des Wassers, also der TOC (gesamte organische Kohlenstoff\u00a0 in englisch: total organic carbon), <\/li>\n<li>der chemische und biologische Sauerstoffbedarf.<\/li>\n<\/ul>\n<p>Hier k\u00f6nnen Sie einen <a title=\"Wasser-Test\" href=\"http:\/\/www.wasser-test.net\" target=\"_blank\">Wasser-Test online bestellen<\/a> und einem renommierten Labor zur Untersuchung schicken. Unn\u00f6tige Anfahrtskosten f\u00fcr Analysen entfallen dadurch. Zur <a title=\"Trinkwasser-Analyse\" href=\"http:\/\/www.wasser-test.net\/html\/index.aspx?cn=Wasser-Test&amp;view=detail&amp;detail=1&amp;mid=264&amp;cat=264&amp;hl=Wasser-Test%20Chemisch%20und%20Physikalisch&amp;page_url=Shop\" target=\"_blank\"><a href=\"http:\/\/www.wasser-lexikon.de\/Trinkwasser\" class=\"kblinker\" title=\"More about Trinkwasser &raquo;\">Trinkwasser<\/a>-Analyse &gt;&gt;<\/a><br \/>Standardm\u00e4\u00dfig bieten Wasser-Analyse-Anbieter zum Beispiel folgende relevante chemisch\/physikalische Qualit\u00e4tskriterien entsprechend der <a href=\"http:\/\/www.wasser-lexikon.de\/Trinkwasserverordnung\" class=\"kblinker\" title=\"More about Trinkwasserverordnung &raquo;\">Trinkwasserverordnung<\/a> an:<\/p>\n<ul>\n<li><a href=\"http:\/\/www.wasser-lexikon.de\/Geruch\" class=\"kblinker\" title=\"More about Geruch &raquo;\">Geruch<\/a>, <\/li>\n<li>F\u00e4rbung\/Aussehen, <\/li>\n<li>Gesamth\u00e4rte, <\/li>\n<li><a href=\"http:\/\/www.wasser-lexikon.de\/Calcium\" class=\"kblinker\" title=\"More about Calcium &raquo;\">Calcium<\/a>, <\/li>\n<li><a href=\"http:\/\/www.wasser-lexikon.de\/Magnesium\" class=\"kblinker\" title=\"More about Magnesium &raquo;\">Magnesium<\/a>, <\/li>\n<li><a href=\"http:\/\/www.wasser-lexikon.de\/Kalium\" class=\"kblinker\" title=\"More about Kalium &raquo;\">Kalium<\/a>, <\/li>\n<li><a href=\"http:\/\/www.wasser-lexikon.de\/Natrium\" class=\"kblinker\" title=\"More about Natrium &raquo;\">Natrium<\/a>, <\/li>\n<li>Chlorid, <\/li>\n<li>Nitrat, <\/li>\n<li>Sulfat, <\/li>\n<li>Fluorid, <\/li>\n<li><a href=\"http:\/\/www.wasser-lexikon.de\/Phosphat\" class=\"kblinker\" title=\"More about Phosphat &raquo;\">Phosphat<\/a>, <\/li>\n<li>Hydrogencarbonat, <\/li>\n<li><a href=\"http:\/\/www.wasser-lexikon.de\/Aluminium\" class=\"kblinker\" title=\"More about Aluminium &raquo;\">Aluminium<\/a>, <\/li>\n<li><a href=\"http:\/\/www.wasser-lexikon.de\/Eisen\" class=\"kblinker\" title=\"More about Eisen &raquo;\">Eisen<\/a>, <\/li>\n<li><a href=\"http:\/\/www.wasser-lexikon.de\/Mangan\" class=\"kblinker\" title=\"More about Mangan &raquo;\">Mangan<\/a>, <\/li>\n<li><a href=\"http:\/\/www.wasser-lexikon.de\/Kupfer\" class=\"kblinker\" title=\"More about Kupfer &raquo;\">Kupfer<\/a>, <\/li>\n<li><a href=\"http:\/\/www.wasser-lexikon.de\/Zink\" class=\"kblinker\" title=\"More about Zink &raquo;\">Zink<\/a>, <\/li>\n<li><strong><a href=\"http:\/\/www.wasser-lexikon.de\/Blei\" class=\"kblinker\" title=\"More about Blei &raquo;\">Blei<\/a>, <\/strong><\/li>\n<li><a href=\"http:\/\/www.wasser-lexikon.de\/Lithium\" class=\"kblinker\" title=\"More about Lithium &raquo;\">Lithium<\/a>, <\/li>\n<li>Molybd\u00e4n, <\/li>\n<li><a href=\"http:\/\/www.wasser-lexikon.de\/Cadmium\" class=\"kblinker\" title=\"More about Cadmium &raquo;\">Cadmium<\/a>, <\/li>\n<li><a href=\"http:\/\/www.wasser-lexikon.de\/Chrom\" class=\"kblinker\" title=\"More about Chrom &raquo;\">Chrom<\/a> <\/li>\n<li><a href=\"http:\/\/www.wasser-lexikon.de\/Nickel\" class=\"kblinker\" title=\"More about Nickel &raquo;\">Nickel<\/a> <\/li>\n<li>pH-Wert<\/li>\n<li>Leitf\u00e4higkeit.<\/li>\n<\/ul>\n<p>Eine Wasseranalyse der Bakteriologie dient zur Pr\u00fcfung der hygienischen Qualit\u00e4t Ihres Wassers aus Hausbrunnen, Quellen und dem Hausleitungsnetz. Bei dieser Wasser Anlayse werden oft die mikrobiologischen Parameter aus der Trinkwasserverordnung untersucht:<\/p>\n<ul>\n<li>Geruch, <\/li>\n<li>F\u00e4rbung, <\/li>\n<li>KBE 22, <\/li>\n<li>KBE 37, <\/li>\n<li>coliforme <a href=\"http:\/\/www.wasser-lexikon.de\/Bakterien\" class=\"kblinker\" title=\"More about Bakterien &raquo;\">Bakterien<\/a>, <\/li>\n<li><a href=\"http:\/\/www.wasser-lexikon.de\/Escherichia-coli\" class=\"kblinker\" title=\"More about Escherichia coli &raquo;\">Escherichia coli<\/a>, <\/li>\n<li>Enterokokken<\/li>\n<li>Pseudomonas aeruginosa.<\/li>\n<\/ul>\n<p>Zudem gibt es noch zweckgebundene Analysen wie beispielsweise f\u00fcr Babywasser oder Legionellenvorkommen oder bei Verdacht Wasseranalyse zu einzelnen Werten.<\/p>\n<p><strong>Babywasser<\/strong>: Gesamth\u00e4rte, Calcium, Magnesium, Chlorid, Nitrat, Sulfat, Flourid, Kupfer, Blei. Hier kommen Sie zum Test: <a title=\"Wassertest f\u00fcr Babys\" href=\"http:\/\/www.wasser-test.net\/html\/index.aspx?cn=Wasser-Test&amp;view=detail&amp;detail=45&amp;mid=264&amp;cat=264&amp;hl=Baby-Test%3A%20Leitungs-Wasser%20f%C3%BCr%20Babys&amp;page_url=Shop\" target=\"_blank\">Leitungswasser f\u00fcr Babys <\/a><\/p>\n<p>Legionellenvorkommen: Die <strong>Wasseranalyse<\/strong> umfasst die Anwesenheit und Anzahl von <a href=\"http:\/\/www.wasser-lexikon.de\/Legionellen\" class=\"kblinker\" title=\"More about Legionellen &raquo;\">Legionellen<\/a> (gesamte Gattung Legionella). Werden bei der Wasser Analyse Legionellen nachgewiesen, erfolgt eine weitere Bestimmung der Legionellenarten.<\/p>\n<p>Bei einzelnen Werten einer Wasseranalyse werden beim Trinkwasser oft die folgenden Werte untersucht:<br \/>Uran, <a href=\"http:\/\/www.wasser-lexikon.de\/Arsen\" class=\"kblinker\" title=\"More about Arsen &raquo;\">Arsen<\/a>, Antimon, <a href=\"http:\/\/www.wasser-lexikon.de\/Cyanid\" class=\"kblinker\" title=\"More about Cyanid &raquo;\">Cyanid<\/a>, Quecksilber, Zinn, <a href=\"http:\/\/www.wasser-lexikon.de\/Pestizide\" class=\"kblinker\" title=\"More about Pestizide &raquo;\">Pestizide<\/a><\/p>\n<p>Ebenso bieten viele Wasseranalyse-Unternehmen eine <strong>Wasser Analyse gem\u00e4\u00df Trinkwasserverordnung<\/strong> als Volluntersuchung an.<\/p>\n<table  class=\" table table-hover\" style=\"width: 90%;\" border=\"0\" cellspacing=\"1\" cellpadding=\"3\">\n<tbody>\n<tr>\n<td><strong><a href=\"https:\/\/wasser-lexikon.de\/wasseruntersuchungen\/\" target=\"_self\">Wasser-Lexikon: Wasseruntersuchungen<\/a><\/strong><\/td>\n<\/tr>\n<tr>\n<td><strong><a href=\"http:\/\/www.wasser-lexikon.de\/Wassertest\/\" target=\"_self\">Wasser-Lexikon: Wassertest<\/a><\/strong><\/td>\n<\/tr>\n<tr>\n<td><strong><a href=\"https:\/\/wasser-lexikon.de\/trinkwasserverordnung\/\" target=\"_self\">Wasser-Lexikon: Trinkwasserverordnung<\/a><\/strong><\/td>\n<\/tr>\n<tr>\n<td><strong><a href=\"http:\/\/www.wasser-lexikon.de\/\">Wasser-Lexikon: Glossar<\/a><\/strong><\/td>\n<\/tr>\n<\/tbody>\n<\/table>\n","protected":false},"excerpt":{"rendered":"<p>Unter dem Begriff Wasseranalyse versteht man die Durchf\u00fchrung einer Wasser-Untersuchung nach festgelegten Parametern. Bei einer Wasseranalyse k\u00f6nnen dadurch s\u00e4mtliche messbare Gr\u00f6\u00dfen untersucht und beurteilt werden. Zu den entsprechenden Untersuchungsergebnissen einer Wasser-Analyse z\u00e4hlen die physikalischen, chemischen und biologischen Parameter. Zus\u00e4tzlich werden aber auch Geruch, Geschmack, Tr\u00fcbung und F\u00e4rbung des Wassers (die sogenannten organoleptischen Parameter, welche sensorisch [&hellip;]<\/p>\n","protected":false},"author":1,"featured_media":0,"parent":0,"menu_order":0,"comment_status":"closed","ping_status":"closed","template":"","meta":{"footnotes":""},"tags":[57,71,50,64,55,43,58,25,56,76,69,30,27,32,79,68,16,33,90,47,31,60,86,78,24,81,89,91,84,62,7,38,45,34,67,72,17,41,26,75,40,52,49,85,77,74,23,51,39,66,61,42,48,83,28,73,59,46,65,80,29,82,37,6,35,53,13,88,54,44,70,36,63,87],"class_list":["post-1197","page","type-page","status-publish","hentry","tag-legionellenuntersuchung-bei-der-trinkwasseranalyse","tag-abwasseranalyse","tag-analyse-von-wasser","tag-analyse-wasser","tag-blei-im-trinkwasser","tag-bodenanalyse","tag-brunnenwasser-testen","tag-brunnenwasseranalyse","tag-chemische-wasseranalyse","tag-chemische-wasseruntersuchung","tag-jbl-wasseranalyse","tag-labor-fur-wasseranalyse","tag-labor-wasseranalyse","tag-leitungswasser-testen","tag-mikrobiologische-wasseruntersuchung","tag-photometer-wasseranalyse","tag-trinkwasser","tag-trinkwasser-analyse","tag-trinkwasser-prufen","tag-trinkwasser-test","tag-trinkwasser-testen","tag-trinkwasser-testen-lassen","tag-trinkwasser-untersuchen-lassen","tag-trinkwasser-untersuchung","tag-trinkwasseranalyse","tag-trinkwasseranalyse-berlin","tag-trinkwasseranalyse-hamburg","tag-trinkwasseranalyse-koln","tag-trinkwasseranalyse-munchen","tag-trinkwasseranalysen","tag-trinkwasseraufbereitung","tag-trinkwasserqualitat","tag-trinkwassertest","tag-trinkwasseruntersuchung","tag-trinkwasseruntersuchung-kosten","tag-trinkwasseruntersuchungen","tag-trinkwasserverordnung","tag-uran-im-trinkwasser","tag-wasser-analyse","tag-wasser-analysieren","tag-wasser-test","tag-wasser-testen","tag-wasser-testen-lassen","tag-wasser-untersuchen","tag-wasser-untersuchen-lassen","tag-wasser-untersuchung","tag-wasseranalyse","tag-wasseranalyse-aquarium","tag-wasseranalyse-berlin","tag-wasseranalyse-dienstleister","tag-wasseranalyse-dusseldorf","tag-wasseranalyse-hamburg","tag-wasseranalyse-hannover","tag-wasseranalyse-koln","tag-wasseranalyse-labor","tag-wasseranalyse-munchen","tag-wasseranalyse-set","tag-wasseranalyse-stuttgart","tag-wasseranalyse-teich","tag-wasseranalyse-wien","tag-wasseranalysen","tag-wasseranalysen-richtig-beurteilt","tag-wasseranalytik","tag-wasseraufbereitung","tag-wasserharte","tag-wasserproben-untersuchen-lassen","tag-wasserqualitat","tag-wasserqualitat-prufen-lassen","tag-wasserqualitat-testen","tag-wassertest","tag-wassertest-trinkwasser","tag-wasseruntersuchung","tag-wasseruntersuchung-labor","tag-wasseruntersuchung-niederosterreich"],"_links":{"self":[{"href":"\/var\/www\/vhosts\/wasser-lexikon.de\/httpdocs\/wp-json\/wp\/v2\/pages\/1197","targetHints":{"allow":["GET"]}}],"collection":[{"href":"\/var\/www\/vhosts\/wasser-lexikon.de\/httpdocs\/wp-json\/wp\/v2\/pages"}],"about":[{"href":"\/var\/www\/vhosts\/wasser-lexikon.de\/httpdocs\/wp-json\/wp\/v2\/types\/page"}],"author":[{"embeddable":true,"href":"\/var\/www\/vhosts\/wasser-lexikon.de\/httpdocs\/wp-json\/wp\/v2\/users\/1"}],"replies":[{"embeddable":true,"href":"\/var\/www\/vhosts\/wasser-lexikon.de\/httpdocs\/wp-json\/wp\/v2\/comments?post=1197"}],"version-history":[{"count":14,"href":"\/var\/www\/vhosts\/wasser-lexikon.de\/httpdocs\/wp-json\/wp\/v2\/pages\/1197\/revisions"}],"predecessor-version":[{"id":1203,"href":"\/var\/www\/vhosts\/wasser-lexikon.de\/httpdocs\/wp-json\/wp\/v2\/pages\/1197\/revisions\/1203"}],"wp:attachment":[{"href":"\/var\/www\/vhosts\/wasser-lexikon.de\/httpdocs\/wp-json\/wp\/v2\/media?parent=1197"}],"wp:term":[{"taxonomy":"post_tag","embeddable":true,"href":"\/var\/www\/vhosts\/wasser-lexikon.de\/httpdocs\/wp-json\/wp\/v2\/tags?post=1197"}],"curies":[{"name":"wp","href":"https:\/\/api.w.org\/{rel}","templated":true}]}}