{"id":118,"date":"2010-09-28T14:39:52","date_gmt":"2010-09-28T14:39:52","guid":{"rendered":"http:\/\/localhost\/wasserlexikon\/"},"modified":"2010-09-28T14:39:52","modified_gmt":"2010-09-28T14:39:52","slug":"bor","status":"publish","type":"page","link":"\/var\/www\/vhosts\/wasser-lexikon.de\/httpdocs\/bor\/","title":{"rendered":"Bor"},"content":{"rendered":"<div>ist ein Nichtmetall-Element mit gro\u00dfer <a href=\"http:\/\/wasserlexikon.de\/harte\/\">H\u00e4rte<\/a>. Ist es im <a href=\"http:\/\/wasserlexikon.de\/grundwasser\/\"><a href=\"http:\/\/www.wasser-lexikon.de\/Grundwasser\" class=\"kblinker\" title=\"More about Grundwasser &raquo;\">Grundwasser<\/a><\/a> nachweisbar, l\u00e4\u00dft dies auf Verunreinigung durch <a href=\"http:\/\/wasserlexikon.de\/abwasser\/\"><a href=\"http:\/\/www.wasser-lexikon.de\/Abwasser\" class=\"kblinker\" title=\"More about Abwasser &raquo;\">Abwasser<\/a><\/a> schlie\u00dfen. In h\u00f6herer Konzentration ist <a href=\"http:\/\/www.wasser-lexikon.de\/Bor\" class=\"kblinker\" title=\"More about Bor &raquo;\">Bor<\/a> giftig.<\/div>\n<table  class=\" table table-hover\" style=\"width: 90%;\" border=\"0\" cellspacing=\"1\" cellpadding=\"3\">\n<tbody>\n<tr>\n<td><strong><a href=\"http:\/\/wasserlexikon.de\/bor\/\" target=\"_self\">Wasser-Lexikon: Bor<\/a><\/strong><\/td>\n<\/tr>\n<tr>\n<td><strong><a href=\"http:\/\/www.wasser-lexikon.de\/\">Wasser-Lexikon: Glossar<\/a><\/strong><\/td>\n<\/tr>\n<\/tbody>\n<\/table>\n","protected":false},"excerpt":{"rendered":"<p>ist ein Nichtmetall-Element mit gro\u00dfer H\u00e4rte. Ist es im Grundwasser nachweisbar, l\u00e4\u00dft dies auf Verunreinigung durch Abwasser schlie\u00dfen. In h\u00f6herer Konzentration ist Bor giftig. Wasser-Lexikon: Bor Wasser-Lexikon: Glossar<\/p>\n","protected":false},"author":1,"featured_media":0,"parent":0,"menu_order":0,"comment_status":"closed","ping_status":"closed","template":"","meta":{"footnotes":""},"tags":[],"class_list":["post-118","page","type-page","status-publish","hentry"],"_links":{"self":[{"href":"\/var\/www\/vhosts\/wasser-lexikon.de\/httpdocs\/wp-json\/wp\/v2\/pages\/118","targetHints":{"allow":["GET"]}}],"collection":[{"href":"\/var\/www\/vhosts\/wasser-lexikon.de\/httpdocs\/wp-json\/wp\/v2\/pages"}],"about":[{"href":"\/var\/www\/vhosts\/wasser-lexikon.de\/httpdocs\/wp-json\/wp\/v2\/types\/page"}],"author":[{"embeddable":true,"href":"\/var\/www\/vhosts\/wasser-lexikon.de\/httpdocs\/wp-json\/wp\/v2\/users\/1"}],"replies":[{"embeddable":true,"href":"\/var\/www\/vhosts\/wasser-lexikon.de\/httpdocs\/wp-json\/wp\/v2\/comments?post=118"}],"version-history":[{"count":1,"href":"\/var\/www\/vhosts\/wasser-lexikon.de\/httpdocs\/wp-json\/wp\/v2\/pages\/118\/revisions"}],"predecessor-version":[{"id":119,"href":"\/var\/www\/vhosts\/wasser-lexikon.de\/httpdocs\/wp-json\/wp\/v2\/pages\/118\/revisions\/119"}],"wp:attachment":[{"href":"\/var\/www\/vhosts\/wasser-lexikon.de\/httpdocs\/wp-json\/wp\/v2\/media?parent=118"}],"wp:term":[{"taxonomy":"post_tag","embeddable":true,"href":"\/var\/www\/vhosts\/wasser-lexikon.de\/httpdocs\/wp-json\/wp\/v2\/tags?post=118"}],"curies":[{"name":"wp","href":"https:\/\/api.w.org\/{rel}","templated":true}]}}