{"id":1138,"date":"2011-09-22T12:39:48","date_gmt":"2011-09-22T12:39:48","guid":{"rendered":"http:\/\/www.wasser-lexikon.de\/?page_id=1138"},"modified":"2011-09-22T12:39:48","modified_gmt":"2011-09-22T12:39:48","slug":"lichtwasser","status":"publish","type":"page","link":"\/var\/www\/vhosts\/wasser-lexikon.de\/httpdocs\/lichtwasser\/","title":{"rendered":"Lichtwasser"},"content":{"rendered":"<p>Unter Lichtw\u00e4sser versteht man ein Quellwasser, welches zum einen nat\u00fcrlich der Erde entspringt und zum anderen besondere Energiefrequenzen aufweist. Eine nat\u00fcrlich entspringende <a href=\"http:\/\/www.wasser-lexikon.de\/Quelle\" class=\"kblinker\" title=\"More about Quelle &raquo;\">Quelle<\/a> bezeichnet man  als  artesische Quelle. Das weitere Merkmal eines solchen Lichtwassers ist, dass die physikalischen Eigenschaften besonders sind. Das <a href=\"http:\/\/www.wasser-lexikon.de\/Wasser\" class=\"kblinker\" title=\"More about Wasser &raquo;\">Wasser<\/a> sollte die F\u00e4higkeit haben in Resonanz mit allen 7 Lichtfrequenzen der Sonne zu gehen.\u00a0 Im selben Moment des zu Tagetretens sollten diese W\u00e4sser die Frequenzen des Lichtes aufnehmen und machen sie diesbez\u00fcglich so au\u00dfergew\u00f6hnlich. Bisher wurden in den letzten Jahrhunderten sieben solcher Quellen entdeckt. Die bekannteste unter Ihnen ist die Quelle von Lourdes. <img decoding=\"async\" title=\"Weiterlesen...\" src=\"http:\/\/www.urquellwasser.eu\/news\/wp-includes\/js\/tinymce\/plugins\/wordpress\/img\/trans.gif\" alt=\"\" \/>Jedes Jahr pilgern tausende von Menschen in den Wallfahrtsort Lourdes und es wird berichtet, dass es  immer wieder zu spontanen Heilungen kommen soll. Im Unterschied zu irgend einem anderen Quellwasser, besitzen die Lichtw\u00e4sser eine Energie, die dem Menschen noch weitgehend unbekannt ist. Dieses Ph\u00e4nomen w\u00fcrde die Lichtw\u00e4sser f\u00fcr den Menschen unnachahmlich und besonders machen.<\/p>\n<h3>Die sieben Lichtw\u00e4sser sollen im Einzelnen folgende Eigenschaften aufweisen:<\/h3>\n<p>Licht-Wasser aus <strong>Fatima\/Portugal<\/strong> hat die F\u00e4higkeit  die Peripherie des menschlichen K\u00f6rpers mit dem Gehirn (zentrales Nervensystem) zu verbinden. Das Lichtwasser aus Fatima wird immer als Basiswasser verwendet, denn es erleichtert die allgemeine Aufnahme.<\/p>\n<p>Lichtwasser aus <strong>Lourdes\/Frankreich<\/strong> ist das Wasser zur Reinigung, Kl\u00e4rung und Revitalisierung in allen Schichten des K\u00f6rpers. Es belebt ebenso den <a href=\"http:\/\/www.wasser-lexikon.de\/Stoffwechsel\" class=\"kblinker\" title=\"More about Stoffwechsel &raquo;\">Stoffwechsel<\/a>.<\/p>\n<p>Lichtwasser aus <strong>Santa Maria a la Fontana\/Italien<\/strong> wirkt stimulierend und st\u00e4rkend, auf Muskeln, Knochen und Nervenverbindungen. Die Hormone werden stimuliert, bedingt durch die energetische Verbindung mit den Planeten im Sonnensystem. Die Stimmung der Seele wird erheitert.<\/p>\n<p>Lichtwasser aus <strong>Montichiari\/Italien<\/strong> hilft beim Stoffwechsel, bei der Nahrungsaufnahme und regt die Verdauung an. Es ist ein tiefgr\u00fcndiges Wasser, welches den Stoffwechsel stark beeinflusst. Der Hormonhaushalt und das Dr\u00fcsensystem werden zus\u00e4tzlich positiv beeinflusst.<\/p>\n<p>Lichtwasser aus <strong>Medjugorje\/Bosnien-Herzegowina<\/strong> wirkt auf Knochen und Muskeln. Es bringt Struktur in den K\u00f6rper und st\u00e4rkt den R\u00fccken und die Wirbels\u00e4ule.<\/p>\n<p>Lichtwasser aus <strong>San Damiano\/Italien<\/strong> wirkt auf die Gehirnrinde und deren elektromagnetische T\u00e4tigkeit. Wohltuend beeinflusst es den Schlaf. Dieses Wasser hilft Schmerzen zu lindern.<\/p>\n<p>Lichtwasser aus <strong>Efeso\/T\u00fcrkei<\/strong> verst\u00e4rkt ebenso die Wirkung der \u00fcbrigen Lichtw\u00e4sser und ist das Wasser, welches den Elektromagnetismus \u00fcberwindet. Es bringt ein neues Bewusstsein in den K\u00f6rper.  Diese Eigenschaften sollen sich auch therapeutisch bemerkbar machen, indem sie auf die Eigenschwingungen der Organe und Gewebe des K\u00f6rpers Einfluss nehmen, diese harmonisieren, anregen oder ausgleichen k\u00f6nnen.<\/p>\n<p>Die Redaktion von <a href=\"https:\/\/wasser-lexikon.de\">wasser-lexikon.de<\/a> \u00fcbernimmt keine Gew\u00e4hr \u00fcber die Heilaussagen und Heilwirkungen. Bitte fragen Sie hierzu Ihren Hausarzt oder Heilpraktiker.  Da jeder lebende Organismus auf Lichtw\u00e4sser reagiert, lassen sie sich auch mit Erfolg auf Tiere, Pflanzen, Nahrungsmittel, in Haushalt und Garten anwenden.<\/p>\n<p><a href=\"http:\/\/www.wasser-lexikon.de\/belebungsverfahren\"><strong>Wasser-Lexikon: Belebungsverfahren<\/strong><\/a><\/p>\n<p><a href=\"http:\/\/www.wasser-lexikon.de\/quellwasser\"><strong>Wasser-Lexikon: Quellwasser<\/strong><\/a><\/p>\n<p><strong> <\/strong><strong><a href=\"..\/gew%C3%A4sser\/\" target=\"_self\">Wasser-Lexikon: Gew\u00e4sser<\/a><\/strong><\/p>\n<p><strong> <\/strong><strong><a href=\"..\/leitungsnetz\/\" target=\"_self\">Wasser-Lexikon: Leitungsnetz<\/a><\/strong><\/p>\n<p><strong> <\/strong><strong><a href=\"..\/wasser\/\" target=\"_self\">Wasser-Lexikon: Wasser<\/a><\/strong><\/p>\n","protected":false},"excerpt":{"rendered":"<p>Unter Lichtw\u00e4sser versteht man ein Quellwasser, welches zum einen nat\u00fcrlich der Erde entspringt und zum anderen besondere Energiefrequenzen aufweist. Eine nat\u00fcrlich entspringende Quelle bezeichnet man als artesische Quelle. Das weitere Merkmal eines solchen Lichtwassers ist, dass die physikalischen Eigenschaften besonders sind. Das Wasser sollte die F\u00e4higkeit haben in Resonanz mit allen 7 Lichtfrequenzen der Sonne [&hellip;]<\/p>\n","protected":false},"author":1,"featured_media":0,"parent":0,"menu_order":0,"comment_status":"closed","ping_status":"closed","template":"","meta":{"footnotes":""},"tags":[],"class_list":["post-1138","page","type-page","status-publish","hentry"],"_links":{"self":[{"href":"\/var\/www\/vhosts\/wasser-lexikon.de\/httpdocs\/wp-json\/wp\/v2\/pages\/1138","targetHints":{"allow":["GET"]}}],"collection":[{"href":"\/var\/www\/vhosts\/wasser-lexikon.de\/httpdocs\/wp-json\/wp\/v2\/pages"}],"about":[{"href":"\/var\/www\/vhosts\/wasser-lexikon.de\/httpdocs\/wp-json\/wp\/v2\/types\/page"}],"author":[{"embeddable":true,"href":"\/var\/www\/vhosts\/wasser-lexikon.de\/httpdocs\/wp-json\/wp\/v2\/users\/1"}],"replies":[{"embeddable":true,"href":"\/var\/www\/vhosts\/wasser-lexikon.de\/httpdocs\/wp-json\/wp\/v2\/comments?post=1138"}],"version-history":[{"count":3,"href":"\/var\/www\/vhosts\/wasser-lexikon.de\/httpdocs\/wp-json\/wp\/v2\/pages\/1138\/revisions"}],"predecessor-version":[{"id":1141,"href":"\/var\/www\/vhosts\/wasser-lexikon.de\/httpdocs\/wp-json\/wp\/v2\/pages\/1138\/revisions\/1141"}],"wp:attachment":[{"href":"\/var\/www\/vhosts\/wasser-lexikon.de\/httpdocs\/wp-json\/wp\/v2\/media?parent=1138"}],"wp:term":[{"taxonomy":"post_tag","embeddable":true,"href":"\/var\/www\/vhosts\/wasser-lexikon.de\/httpdocs\/wp-json\/wp\/v2\/tags?post=1138"}],"curies":[{"name":"wp","href":"https:\/\/api.w.org\/{rel}","templated":true}]}}