{"id":108,"date":"2010-09-28T14:38:06","date_gmt":"2010-09-28T14:38:06","guid":{"rendered":"http:\/\/localhost\/wasserlexikon\/"},"modified":"2011-02-10T07:48:49","modified_gmt":"2011-02-10T07:48:49","slug":"belebungsverfahren","status":"publish","type":"page","link":"\/var\/www\/vhosts\/wasser-lexikon.de\/httpdocs\/belebungsverfahren\/","title":{"rendered":"Belebungsverfahren"},"content":{"rendered":"<div>(fr\u00fcher: Belebtschlammverfahren) Verfahren zur biologischen <a href=\"http:\/\/wasserlexikon.de\/abwasserreinigung\/\">Abwasserreinigung<\/a>, bei dem belebter Schlamm mit <a href=\"http:\/\/wasserlexikon.de\/abwasser\/\">Abwasser<\/a> durchmischt, anschlie\u00dfend abgetrennt und zum gro\u00dfen Teil als R\u00fccklaufschlamm wieder zur\u00fcckgef\u00fchrt wird (DIN 4045). Der Begriff ist zu unterscheiden von dem nicht wissenschaftlichen Begriff <a href=\"http:\/\/www.wasser-lexikon.de\/Wasserbelebung\" class=\"kblinker\" title=\"More about Wasserbelebung &raquo;\">Wasserbelebung<\/a>.<\/div>\n<table  class=\" table table-hover\" style=\"width: 90%;\" border=\"0\" cellspacing=\"1\" cellpadding=\"3\">\n<tbody>\n<tr>\n<td><strong><a href=\"http:\/\/www.wasser-lexikon.de\/belebungsverfahren\/\" target=\"_self\">Wasser-Lexikon: Belebungsverfahren<\/a><\/strong><\/td>\n<\/tr>\n<tr>\n<td><strong><a href=\"http:\/\/www.wasser-lexikon.de\/wasserbelebung\/\" target=\"_self\">Wasser-Lexikon: Wasserbelebung<\/a><\/strong><\/td>\n<\/tr>\n<tr>\n<td><strong><a href=\"http:\/\/www.wasser-lexikon.de\/\">Wasser-Lexikon: Glossar<\/a><\/strong><\/td>\n<\/tr>\n<\/tbody>\n<\/table>\n","protected":false},"excerpt":{"rendered":"<p>(fr\u00fcher: Belebtschlammverfahren) Verfahren zur biologischen Abwasserreinigung, bei dem belebter Schlamm mit Abwasser durchmischt, anschlie\u00dfend abgetrennt und zum gro\u00dfen Teil als R\u00fccklaufschlamm wieder zur\u00fcckgef\u00fchrt wird (DIN 4045). Der Begriff ist zu unterscheiden von dem nicht wissenschaftlichen Begriff Wasserbelebung. Wasser-Lexikon: Belebungsverfahren Wasser-Lexikon: Wasserbelebung Wasser-Lexikon: Glossar<\/p>\n","protected":false},"author":1,"featured_media":0,"parent":0,"menu_order":0,"comment_status":"closed","ping_status":"closed","template":"","meta":{"footnotes":""},"tags":[],"class_list":["post-108","page","type-page","status-publish","hentry"],"_links":{"self":[{"href":"\/var\/www\/vhosts\/wasser-lexikon.de\/httpdocs\/wp-json\/wp\/v2\/pages\/108","targetHints":{"allow":["GET"]}}],"collection":[{"href":"\/var\/www\/vhosts\/wasser-lexikon.de\/httpdocs\/wp-json\/wp\/v2\/pages"}],"about":[{"href":"\/var\/www\/vhosts\/wasser-lexikon.de\/httpdocs\/wp-json\/wp\/v2\/types\/page"}],"author":[{"embeddable":true,"href":"\/var\/www\/vhosts\/wasser-lexikon.de\/httpdocs\/wp-json\/wp\/v2\/users\/1"}],"replies":[{"embeddable":true,"href":"\/var\/www\/vhosts\/wasser-lexikon.de\/httpdocs\/wp-json\/wp\/v2\/comments?post=108"}],"version-history":[{"count":3,"href":"\/var\/www\/vhosts\/wasser-lexikon.de\/httpdocs\/wp-json\/wp\/v2\/pages\/108\/revisions"}],"predecessor-version":[{"id":941,"href":"\/var\/www\/vhosts\/wasser-lexikon.de\/httpdocs\/wp-json\/wp\/v2\/pages\/108\/revisions\/941"}],"wp:attachment":[{"href":"\/var\/www\/vhosts\/wasser-lexikon.de\/httpdocs\/wp-json\/wp\/v2\/media?parent=108"}],"wp:term":[{"taxonomy":"post_tag","embeddable":true,"href":"\/var\/www\/vhosts\/wasser-lexikon.de\/httpdocs\/wp-json\/wp\/v2\/tags?post=108"}],"curies":[{"name":"wp","href":"https:\/\/api.w.org\/{rel}","templated":true}]}}