{"id":106,"date":"2010-09-28T14:37:48","date_gmt":"2010-09-28T14:37:48","guid":{"rendered":"http:\/\/localhost\/wasserlexikon\/"},"modified":"2010-09-28T14:37:48","modified_gmt":"2010-09-28T14:37:48","slug":"beitrag","status":"publish","type":"page","link":"\/var\/www\/vhosts\/wasser-lexikon.de\/httpdocs\/beitrag\/","title":{"rendered":"Beitrag"},"content":{"rendered":"<div>Von Grundst\u00fcckseigent\u00fcmern, denen die Inanspruchnahme \u00f6ffentlicher  Einrichtungen besondere Vorteile bietet, an K\u00f6rperschaften des  \u00f6ffentlichen Rechts (z. B. Kommunen) zu zahlendes Entgelt, um deren  Investitionsaufwand f\u00fcr die Herstellung, Anschaffung, Verbesserung oder  Erneuerung dieser \u00f6ffentlichen Einrichtungen zu decken.<\/div>\n<table  class=\" table table-hover\" style=\"width: 90%;\" border=\"0\" cellspacing=\"1\" cellpadding=\"3\">\n<tbody>\n<tr>\n<td><strong><a href=\"http:\/\/wasserlexikon.de\/beitrag\/\" target=\"_self\">Wasser-Lexikon: Beitrag<\/a><\/strong><\/td>\n<\/tr>\n<tr>\n<td><strong><a href=\"http:\/\/www.wasser-lexikon.de\/\">Wasser-Lexikon: Glossar<\/a><\/strong><\/td>\n<\/tr>\n<\/tbody>\n<\/table>\n","protected":false},"excerpt":{"rendered":"<p>Von Grundst\u00fcckseigent\u00fcmern, denen die Inanspruchnahme \u00f6ffentlicher Einrichtungen besondere Vorteile bietet, an K\u00f6rperschaften des \u00f6ffentlichen Rechts (z. B. Kommunen) zu zahlendes Entgelt, um deren Investitionsaufwand f\u00fcr die Herstellung, Anschaffung, Verbesserung oder Erneuerung dieser \u00f6ffentlichen Einrichtungen zu decken. Wasser-Lexikon: Beitrag Wasser-Lexikon: Glossar<\/p>\n","protected":false},"author":1,"featured_media":0,"parent":0,"menu_order":0,"comment_status":"closed","ping_status":"closed","template":"","meta":{"footnotes":""},"tags":[],"class_list":["post-106","page","type-page","status-publish","hentry"],"_links":{"self":[{"href":"\/var\/www\/vhosts\/wasser-lexikon.de\/httpdocs\/wp-json\/wp\/v2\/pages\/106","targetHints":{"allow":["GET"]}}],"collection":[{"href":"\/var\/www\/vhosts\/wasser-lexikon.de\/httpdocs\/wp-json\/wp\/v2\/pages"}],"about":[{"href":"\/var\/www\/vhosts\/wasser-lexikon.de\/httpdocs\/wp-json\/wp\/v2\/types\/page"}],"author":[{"embeddable":true,"href":"\/var\/www\/vhosts\/wasser-lexikon.de\/httpdocs\/wp-json\/wp\/v2\/users\/1"}],"replies":[{"embeddable":true,"href":"\/var\/www\/vhosts\/wasser-lexikon.de\/httpdocs\/wp-json\/wp\/v2\/comments?post=106"}],"version-history":[{"count":1,"href":"\/var\/www\/vhosts\/wasser-lexikon.de\/httpdocs\/wp-json\/wp\/v2\/pages\/106\/revisions"}],"predecessor-version":[{"id":107,"href":"\/var\/www\/vhosts\/wasser-lexikon.de\/httpdocs\/wp-json\/wp\/v2\/pages\/106\/revisions\/107"}],"wp:attachment":[{"href":"\/var\/www\/vhosts\/wasser-lexikon.de\/httpdocs\/wp-json\/wp\/v2\/media?parent=106"}],"wp:term":[{"taxonomy":"post_tag","embeddable":true,"href":"\/var\/www\/vhosts\/wasser-lexikon.de\/httpdocs\/wp-json\/wp\/v2\/tags?post=106"}],"curies":[{"name":"wp","href":"https:\/\/api.w.org\/{rel}","templated":true}]}}